{"id":75226,"date":"2023-11-10T15:11:30","date_gmt":"2023-11-10T20:11:30","guid":{"rendered":"https:\/\/thevegehome.com\/?post_type=product&#038;p=75226"},"modified":"2026-04-01T09:50:43","modified_gmt":"2026-04-01T13:50:43","slug":"paquet-de-lettuce","status":"publish","type":"product","link":"https:\/\/thevegehome.com\/fr\/product\/paquet-de-lettuce\/","title":{"rendered":"PAQUET DE LAITUES"},"content":{"rendered":"","protected":false},"excerpt":{"rendered":"<p>Des bottes de laitue croustillantes et \u00e9clatantes, cultiv\u00e9es sans effort pour \u00eatre fra\u00eeches. \u00c9conomisez 40% par rapport aux achats individuels!<\/p>\n","protected":false},"featured_media":88824,"comment_status":"open","ping_status":"closed","template":"","meta":{"_acf_changed":false},"product_brand":[],"product_cat":[34],"product_tag":[],"class_list":{"0":"post-75226","1":"product","2":"type-product","3":"status-publish","4":"has-post-thumbnail","6":"product_cat-pods-fr","8":"first","9":"instock","10":"taxable","11":"shipping-taxable","12":"purchasable","13":"product-type-simple"},"bundled_by":["2093"],"bundle_stock_status":"instock","bundle_stock_quantity":49,"bundle_virtual":false,"bundle_layout":"","bundle_add_to_cart_form_location":"","bundle_editable_in_cart":false,"bundle_sold_individually_context":"","bundle_item_grouping":"","bundle_min_size":"","bundle_max_size":"","bundle_price":[],"bundled_items":[],"bundle_sell_ids":[],"acf":[],"yoast_head":"<!-- This site is optimized with the Yoast SEO plugin v27.3 - https:\/\/yoast.com\/product\/yoast-seo-wordpress\/ -->\n<title>PAQUET DE LAITUES - Vegehome<\/title>\n<meta name=\"robots\" content=\"index, follow, max-snippet:-1, max-image-preview:large, max-video-preview:-1\" \/>\n<link rel=\"canonical\" href=\"https:\/\/thevegehome.com\/fr\/product\/paquet-de-lettuce\/\" \/>\n<meta property=\"og:locale\" content=\"fr_FR\" \/>\n<meta property=\"og:type\" content=\"article\" \/>\n<meta property=\"og:title\" content=\"PAQUET DE LAITUES - Vegehome\" \/>\n<meta property=\"og:description\" content=\"Des bottes de laitue croustillantes et \u00e9clatantes, cultiv\u00e9es sans effort pour \u00eatre fra\u00eeches. \u00c9conomisez 40% par rapport aux achats individuels!\" \/>\n<meta property=\"og:url\" content=\"https:\/\/thevegehome.com\/fr\/product\/paquet-de-lettuce\/\" \/>\n<meta property=\"og:site_name\" content=\"Vegehome\" \/>\n<meta property=\"article:modified_time\" content=\"2026-04-01T13:50:43+00:00\" \/>\n<meta property=\"og:image\" content=\"https:\/\/thevegehome.com\/wp-content\/uploads\/2024\/12\/Lettuce-bundle-2048x1150-1.png\" \/>\n\t<meta property=\"og:image:width\" content=\"2048\" \/>\n\t<meta property=\"og:image:height\" content=\"1150\" \/>\n\t<meta property=\"og:image:type\" content=\"image\/png\" \/>\n<script type=\"application\/ld+json\" class=\"yoast-schema-graph\">{\"@context\":\"https:\\\/\\\/schema.org\",\"@graph\":[{\"@type\":\"WebPage\",\"@id\":\"https:\\\/\\\/thevegehome.com\\\/fr\\\/product\\\/paquet-de-lettuce\\\/\",\"url\":\"https:\\\/\\\/thevegehome.com\\\/fr\\\/product\\\/paquet-de-lettuce\\\/\",\"name\":\"PAQUET DE LAITUES - Vegehome\",\"isPartOf\":{\"@id\":\"https:\\\/\\\/thevegehome.com\\\/fr\\\/#website\"},\"primaryImageOfPage\":{\"@id\":\"https:\\\/\\\/thevegehome.com\\\/fr\\\/product\\\/paquet-de-lettuce\\\/#primaryimage\"},\"image\":{\"@id\":\"https:\\\/\\\/thevegehome.com\\\/fr\\\/product\\\/paquet-de-lettuce\\\/#primaryimage\"},\"thumbnailUrl\":\"https:\\\/\\\/thevegehome.com\\\/wp-content\\\/uploads\\\/2024\\\/12\\\/Lettuce-bundle-2048x1150-1.png\",\"datePublished\":\"2023-11-10T20:11:30+00:00\",\"dateModified\":\"2026-04-01T13:50:43+00:00\",\"breadcrumb\":{\"@id\":\"https:\\\/\\\/thevegehome.com\\\/fr\\\/product\\\/paquet-de-lettuce\\\/#breadcrumb\"},\"inLanguage\":\"fr-FR\",\"potentialAction\":[{\"@type\":\"ReadAction\",\"target\":[\"https:\\\/\\\/thevegehome.com\\\/fr\\\/product\\\/paquet-de-lettuce\\\/\"]}]},{\"@type\":\"ImageObject\",\"inLanguage\":\"fr-FR\",\"@id\":\"https:\\\/\\\/thevegehome.com\\\/fr\\\/product\\\/paquet-de-lettuce\\\/#primaryimage\",\"url\":\"https:\\\/\\\/thevegehome.com\\\/wp-content\\\/uploads\\\/2024\\\/12\\\/Lettuce-bundle-2048x1150-1.png\",\"contentUrl\":\"https:\\\/\\\/thevegehome.com\\\/wp-content\\\/uploads\\\/2024\\\/12\\\/Lettuce-bundle-2048x1150-1.png\",\"width\":2048,\"height\":1150},{\"@type\":\"BreadcrumbList\",\"@id\":\"https:\\\/\\\/thevegehome.com\\\/fr\\\/product\\\/paquet-de-lettuce\\\/#breadcrumb\",\"itemListElement\":[{\"@type\":\"ListItem\",\"position\":1,\"name\":\"Home\",\"item\":\"https:\\\/\\\/thevegehome.com\\\/fr\\\/\"},{\"@type\":\"ListItem\",\"position\":2,\"name\":\"Boutique\",\"item\":\"https:\\\/\\\/thevegehome.com\\\/fr\\\/boutique\\\/\"},{\"@type\":\"ListItem\",\"position\":3,\"name\":\"PAQUET DE LAITUES\"}]},{\"@type\":\"WebSite\",\"@id\":\"https:\\\/\\\/thevegehome.com\\\/fr\\\/#website\",\"url\":\"https:\\\/\\\/thevegehome.com\\\/fr\\\/\",\"name\":\"Vegehome\",\"description\":\"Vegehome\",\"potentialAction\":[{\"@type\":\"SearchAction\",\"target\":{\"@type\":\"EntryPoint\",\"urlTemplate\":\"https:\\\/\\\/thevegehome.com\\\/fr\\\/?s={search_term_string}\"},\"query-input\":{\"@type\":\"PropertyValueSpecification\",\"valueRequired\":true,\"valueName\":\"search_term_string\"}}],\"inLanguage\":\"fr-FR\"}]}<\/script>\n<!-- \/ Yoast SEO plugin. -->","yoast_head_json":{"title":"PAQUET DE LAITUES - Vegehome","robots":{"index":"index","follow":"follow","max-snippet":"max-snippet:-1","max-image-preview":"max-image-preview:large","max-video-preview":"max-video-preview:-1"},"canonical":"https:\/\/thevegehome.com\/fr\/product\/paquet-de-lettuce\/","og_locale":"fr_FR","og_type":"article","og_title":"PAQUET DE LAITUES - Vegehome","og_description":"Des bottes de laitue croustillantes et \u00e9clatantes, cultiv\u00e9es sans effort pour \u00eatre fra\u00eeches. \u00c9conomisez 40% par rapport aux achats individuels!","og_url":"https:\/\/thevegehome.com\/fr\/product\/paquet-de-lettuce\/","og_site_name":"Vegehome","article_modified_time":"2026-04-01T13:50:43+00:00","og_image":[{"width":2048,"height":1150,"url":"https:\/\/thevegehome.com\/wp-content\/uploads\/2024\/12\/Lettuce-bundle-2048x1150-1.png","type":"image\/png"}],"schema":{"@context":"https:\/\/schema.org","@graph":[{"@type":"WebPage","@id":"https:\/\/thevegehome.com\/fr\/product\/paquet-de-lettuce\/","url":"https:\/\/thevegehome.com\/fr\/product\/paquet-de-lettuce\/","name":"PAQUET DE LAITUES - Vegehome","isPartOf":{"@id":"https:\/\/thevegehome.com\/fr\/#website"},"primaryImageOfPage":{"@id":"https:\/\/thevegehome.com\/fr\/product\/paquet-de-lettuce\/#primaryimage"},"image":{"@id":"https:\/\/thevegehome.com\/fr\/product\/paquet-de-lettuce\/#primaryimage"},"thumbnailUrl":"https:\/\/thevegehome.com\/wp-content\/uploads\/2024\/12\/Lettuce-bundle-2048x1150-1.png","datePublished":"2023-11-10T20:11:30+00:00","dateModified":"2026-04-01T13:50:43+00:00","breadcrumb":{"@id":"https:\/\/thevegehome.com\/fr\/product\/paquet-de-lettuce\/#breadcrumb"},"inLanguage":"fr-FR","potentialAction":[{"@type":"ReadAction","target":["https:\/\/thevegehome.com\/fr\/product\/paquet-de-lettuce\/"]}]},{"@type":"ImageObject","inLanguage":"fr-FR","@id":"https:\/\/thevegehome.com\/fr\/product\/paquet-de-lettuce\/#primaryimage","url":"https:\/\/thevegehome.com\/wp-content\/uploads\/2024\/12\/Lettuce-bundle-2048x1150-1.png","contentUrl":"https:\/\/thevegehome.com\/wp-content\/uploads\/2024\/12\/Lettuce-bundle-2048x1150-1.png","width":2048,"height":1150},{"@type":"BreadcrumbList","@id":"https:\/\/thevegehome.com\/fr\/product\/paquet-de-lettuce\/#breadcrumb","itemListElement":[{"@type":"ListItem","position":1,"name":"Home","item":"https:\/\/thevegehome.com\/fr\/"},{"@type":"ListItem","position":2,"name":"Boutique","item":"https:\/\/thevegehome.com\/fr\/boutique\/"},{"@type":"ListItem","position":3,"name":"PAQUET DE LAITUES"}]},{"@type":"WebSite","@id":"https:\/\/thevegehome.com\/fr\/#website","url":"https:\/\/thevegehome.com\/fr\/","name":"Vegehome","description":"Vegehome","potentialAction":[{"@type":"SearchAction","target":{"@type":"EntryPoint","urlTemplate":"https:\/\/thevegehome.com\/fr\/?s={search_term_string}"},"query-input":{"@type":"PropertyValueSpecification","valueRequired":true,"valueName":"search_term_string"}}],"inLanguage":"fr-FR"}]}},"_links":{"self":[{"href":"https:\/\/thevegehome.com\/fr\/wp-json\/wp\/v2\/product\/75226","targetHints":{"allow":["GET"]}}],"collection":[{"href":"https:\/\/thevegehome.com\/fr\/wp-json\/wp\/v2\/product"}],"about":[{"href":"https:\/\/thevegehome.com\/fr\/wp-json\/wp\/v2\/types\/product"}],"replies":[{"embeddable":true,"href":"https:\/\/thevegehome.com\/fr\/wp-json\/wp\/v2\/comments?post=75226"}],"wp:featuredmedia":[{"embeddable":true,"href":"https:\/\/thevegehome.com\/fr\/wp-json\/wp\/v2\/media\/88824"}],"wp:attachment":[{"href":"https:\/\/thevegehome.com\/fr\/wp-json\/wp\/v2\/media?parent=75226"}],"wp:term":[{"taxonomy":"product_brand","embeddable":true,"href":"https:\/\/thevegehome.com\/fr\/wp-json\/wp\/v2\/product_brand?post=75226"},{"taxonomy":"product_cat","embeddable":true,"href":"https:\/\/thevegehome.com\/fr\/wp-json\/wp\/v2\/product_cat?post=75226"},{"taxonomy":"product_tag","embeddable":true,"href":"https:\/\/thevegehome.com\/fr\/wp-json\/wp\/v2\/product_tag?post=75226"}],"curies":[{"name":"wp","href":"https:\/\/api.w.org\/{rel}","templated":true}]}}