{"id":54612,"date":"2023-02-16T09:44:44","date_gmt":"2023-02-16T14:44:44","guid":{"rendered":"https:\/\/thevegehome.com\/?post_type=product&#038;p=54612"},"modified":"2026-04-13T09:52:53","modified_gmt":"2026-04-13T13:52:53","slug":"bouchon-vert-paquet-de-4","status":"publish","type":"product","link":"https:\/\/thevegehome.com\/fr\/product\/bouchon-vert-paquet-de-4\/","title":{"rendered":"BOUCHON VERT (PAQUET DE 4)"},"content":{"rendered":"","protected":false},"excerpt":{"rendered":"<p>Ces bouchons sont sp\u00e9cialement con\u00e7us pour recouvrir les pots inutilis\u00e9s de votre jardin d&rsquo;int\u00e9rieur Vegehome, afin de bloquer la lumi\u00e8re, d&#8217;emp\u00eacher la prolif\u00e9ration des algues et de pr\u00e9server la sant\u00e9 de vos plantes. Leur couleur verte vive et leur forme int\u00e9ressante ajoutent \u00e9galement une touche vibrante \u00e0 votre jardin. Chaque paquet contient 4 bouchons verts.<\/p>\n","protected":false},"featured_media":54634,"comment_status":"closed","ping_status":"closed","template":"","meta":{"_acf_changed":false},"product_brand":[],"product_cat":[52],"product_tag":[],"class_list":{"0":"post-54612","1":"product","2":"type-product","3":"status-publish","4":"has-post-thumbnail","6":"product_cat-accessories-fr","8":"first","9":"instock","10":"taxable","11":"shipping-taxable","12":"purchasable","13":"product-type-simple"},"bundled_by":[],"bundle_stock_status":"instock","bundle_stock_quantity":65,"bundle_virtual":false,"bundle_layout":"","bundle_add_to_cart_form_location":"","bundle_editable_in_cart":false,"bundle_sold_individually_context":"","bundle_item_grouping":"","bundle_min_size":"","bundle_max_size":"","bundle_price":[],"bundled_items":[],"bundle_sell_ids":[],"acf":[],"yoast_head":"<!-- This site is optimized with the Yoast SEO plugin v27.3 - https:\/\/yoast.com\/product\/yoast-seo-wordpress\/ -->\n<title>BOUCHON VERT (PAQUET DE 4) - Vegehome<\/title>\n<meta name=\"robots\" content=\"index, follow, max-snippet:-1, max-image-preview:large, max-video-preview:-1\" \/>\n<link rel=\"canonical\" href=\"https:\/\/thevegehome.com\/fr\/product\/bouchon-vert-paquet-de-4\/\" \/>\n<meta property=\"og:locale\" content=\"fr_FR\" \/>\n<meta property=\"og:type\" content=\"article\" \/>\n<meta property=\"og:title\" content=\"BOUCHON VERT (PAQUET DE 4) - Vegehome\" \/>\n<meta property=\"og:description\" content=\"Ces bouchons sont sp\u00e9cialement con\u00e7us pour recouvrir les pots inutilis\u00e9s de votre jardin d&#039;int\u00e9rieur Vegehome, afin de bloquer la lumi\u00e8re, d&#039;emp\u00eacher la prolif\u00e9ration des algues et de pr\u00e9server la sant\u00e9 de vos plantes. Leur couleur verte vive et leur forme int\u00e9ressante ajoutent \u00e9galement une touche vibrante \u00e0 votre jardin. Chaque paquet contient 4 bouchons verts.\" \/>\n<meta property=\"og:url\" content=\"https:\/\/thevegehome.com\/fr\/product\/bouchon-vert-paquet-de-4\/\" \/>\n<meta property=\"og:site_name\" content=\"Vegehome\" \/>\n<meta property=\"article:modified_time\" content=\"2026-04-13T13:52:53+00:00\" \/>\n<meta property=\"og:image\" content=\"https:\/\/thevegehome.com\/wp-content\/uploads\/2023\/02\/Green-Plug-Pack-of-4.png\" \/>\n\t<meta property=\"og:image:width\" content=\"2448\" \/>\n\t<meta property=\"og:image:height\" content=\"1584\" \/>\n\t<meta property=\"og:image:type\" content=\"image\/png\" \/>\n<script type=\"application\/ld+json\" class=\"yoast-schema-graph\">{\"@context\":\"https:\\\/\\\/schema.org\",\"@graph\":[{\"@type\":\"WebPage\",\"@id\":\"https:\\\/\\\/thevegehome.com\\\/fr\\\/product\\\/bouchon-vert-paquet-de-4\\\/\",\"url\":\"https:\\\/\\\/thevegehome.com\\\/fr\\\/product\\\/bouchon-vert-paquet-de-4\\\/\",\"name\":\"BOUCHON VERT (PAQUET DE 4) - Vegehome\",\"isPartOf\":{\"@id\":\"https:\\\/\\\/thevegehome.com\\\/fr\\\/#website\"},\"primaryImageOfPage\":{\"@id\":\"https:\\\/\\\/thevegehome.com\\\/fr\\\/product\\\/bouchon-vert-paquet-de-4\\\/#primaryimage\"},\"image\":{\"@id\":\"https:\\\/\\\/thevegehome.com\\\/fr\\\/product\\\/bouchon-vert-paquet-de-4\\\/#primaryimage\"},\"thumbnailUrl\":\"https:\\\/\\\/thevegehome.com\\\/wp-content\\\/uploads\\\/2023\\\/02\\\/Green-Plug-Pack-of-4.png\",\"datePublished\":\"2023-02-16T14:44:44+00:00\",\"dateModified\":\"2026-04-13T13:52:53+00:00\",\"breadcrumb\":{\"@id\":\"https:\\\/\\\/thevegehome.com\\\/fr\\\/product\\\/bouchon-vert-paquet-de-4\\\/#breadcrumb\"},\"inLanguage\":\"fr-FR\",\"potentialAction\":[{\"@type\":\"ReadAction\",\"target\":[\"https:\\\/\\\/thevegehome.com\\\/fr\\\/product\\\/bouchon-vert-paquet-de-4\\\/\"]}]},{\"@type\":\"ImageObject\",\"inLanguage\":\"fr-FR\",\"@id\":\"https:\\\/\\\/thevegehome.com\\\/fr\\\/product\\\/bouchon-vert-paquet-de-4\\\/#primaryimage\",\"url\":\"https:\\\/\\\/thevegehome.com\\\/wp-content\\\/uploads\\\/2023\\\/02\\\/Green-Plug-Pack-of-4.png\",\"contentUrl\":\"https:\\\/\\\/thevegehome.com\\\/wp-content\\\/uploads\\\/2023\\\/02\\\/Green-Plug-Pack-of-4.png\",\"width\":2448,\"height\":1584},{\"@type\":\"BreadcrumbList\",\"@id\":\"https:\\\/\\\/thevegehome.com\\\/fr\\\/product\\\/bouchon-vert-paquet-de-4\\\/#breadcrumb\",\"itemListElement\":[{\"@type\":\"ListItem\",\"position\":1,\"name\":\"Home\",\"item\":\"https:\\\/\\\/thevegehome.com\\\/fr\\\/\"},{\"@type\":\"ListItem\",\"position\":2,\"name\":\"Boutique\",\"item\":\"https:\\\/\\\/thevegehome.com\\\/fr\\\/boutique\\\/\"},{\"@type\":\"ListItem\",\"position\":3,\"name\":\"BOUCHON VERT (PAQUET DE 4)\"}]},{\"@type\":\"WebSite\",\"@id\":\"https:\\\/\\\/thevegehome.com\\\/fr\\\/#website\",\"url\":\"https:\\\/\\\/thevegehome.com\\\/fr\\\/\",\"name\":\"Vegehome\",\"description\":\"Vegehome\",\"potentialAction\":[{\"@type\":\"SearchAction\",\"target\":{\"@type\":\"EntryPoint\",\"urlTemplate\":\"https:\\\/\\\/thevegehome.com\\\/fr\\\/?s={search_term_string}\"},\"query-input\":{\"@type\":\"PropertyValueSpecification\",\"valueRequired\":true,\"valueName\":\"search_term_string\"}}],\"inLanguage\":\"fr-FR\"}]}<\/script>\n<!-- \/ Yoast SEO plugin. -->","yoast_head_json":{"title":"BOUCHON VERT (PAQUET DE 4) - Vegehome","robots":{"index":"index","follow":"follow","max-snippet":"max-snippet:-1","max-image-preview":"max-image-preview:large","max-video-preview":"max-video-preview:-1"},"canonical":"https:\/\/thevegehome.com\/fr\/product\/bouchon-vert-paquet-de-4\/","og_locale":"fr_FR","og_type":"article","og_title":"BOUCHON VERT (PAQUET DE 4) - Vegehome","og_description":"Ces bouchons sont sp\u00e9cialement con\u00e7us pour recouvrir les pots inutilis\u00e9s de votre jardin d'int\u00e9rieur Vegehome, afin de bloquer la lumi\u00e8re, d'emp\u00eacher la prolif\u00e9ration des algues et de pr\u00e9server la sant\u00e9 de vos plantes. Leur couleur verte vive et leur forme int\u00e9ressante ajoutent \u00e9galement une touche vibrante \u00e0 votre jardin. Chaque paquet contient 4 bouchons verts.","og_url":"https:\/\/thevegehome.com\/fr\/product\/bouchon-vert-paquet-de-4\/","og_site_name":"Vegehome","article_modified_time":"2026-04-13T13:52:53+00:00","og_image":[{"width":2448,"height":1584,"url":"https:\/\/thevegehome.com\/wp-content\/uploads\/2023\/02\/Green-Plug-Pack-of-4.png","type":"image\/png"}],"schema":{"@context":"https:\/\/schema.org","@graph":[{"@type":"WebPage","@id":"https:\/\/thevegehome.com\/fr\/product\/bouchon-vert-paquet-de-4\/","url":"https:\/\/thevegehome.com\/fr\/product\/bouchon-vert-paquet-de-4\/","name":"BOUCHON VERT (PAQUET DE 4) - Vegehome","isPartOf":{"@id":"https:\/\/thevegehome.com\/fr\/#website"},"primaryImageOfPage":{"@id":"https:\/\/thevegehome.com\/fr\/product\/bouchon-vert-paquet-de-4\/#primaryimage"},"image":{"@id":"https:\/\/thevegehome.com\/fr\/product\/bouchon-vert-paquet-de-4\/#primaryimage"},"thumbnailUrl":"https:\/\/thevegehome.com\/wp-content\/uploads\/2023\/02\/Green-Plug-Pack-of-4.png","datePublished":"2023-02-16T14:44:44+00:00","dateModified":"2026-04-13T13:52:53+00:00","breadcrumb":{"@id":"https:\/\/thevegehome.com\/fr\/product\/bouchon-vert-paquet-de-4\/#breadcrumb"},"inLanguage":"fr-FR","potentialAction":[{"@type":"ReadAction","target":["https:\/\/thevegehome.com\/fr\/product\/bouchon-vert-paquet-de-4\/"]}]},{"@type":"ImageObject","inLanguage":"fr-FR","@id":"https:\/\/thevegehome.com\/fr\/product\/bouchon-vert-paquet-de-4\/#primaryimage","url":"https:\/\/thevegehome.com\/wp-content\/uploads\/2023\/02\/Green-Plug-Pack-of-4.png","contentUrl":"https:\/\/thevegehome.com\/wp-content\/uploads\/2023\/02\/Green-Plug-Pack-of-4.png","width":2448,"height":1584},{"@type":"BreadcrumbList","@id":"https:\/\/thevegehome.com\/fr\/product\/bouchon-vert-paquet-de-4\/#breadcrumb","itemListElement":[{"@type":"ListItem","position":1,"name":"Home","item":"https:\/\/thevegehome.com\/fr\/"},{"@type":"ListItem","position":2,"name":"Boutique","item":"https:\/\/thevegehome.com\/fr\/boutique\/"},{"@type":"ListItem","position":3,"name":"BOUCHON VERT (PAQUET DE 4)"}]},{"@type":"WebSite","@id":"https:\/\/thevegehome.com\/fr\/#website","url":"https:\/\/thevegehome.com\/fr\/","name":"Vegehome","description":"Vegehome","potentialAction":[{"@type":"SearchAction","target":{"@type":"EntryPoint","urlTemplate":"https:\/\/thevegehome.com\/fr\/?s={search_term_string}"},"query-input":{"@type":"PropertyValueSpecification","valueRequired":true,"valueName":"search_term_string"}}],"inLanguage":"fr-FR"}]}},"_links":{"self":[{"href":"https:\/\/thevegehome.com\/fr\/wp-json\/wp\/v2\/product\/54612","targetHints":{"allow":["GET"]}}],"collection":[{"href":"https:\/\/thevegehome.com\/fr\/wp-json\/wp\/v2\/product"}],"about":[{"href":"https:\/\/thevegehome.com\/fr\/wp-json\/wp\/v2\/types\/product"}],"replies":[{"embeddable":true,"href":"https:\/\/thevegehome.com\/fr\/wp-json\/wp\/v2\/comments?post=54612"}],"wp:featuredmedia":[{"embeddable":true,"href":"https:\/\/thevegehome.com\/fr\/wp-json\/wp\/v2\/media\/54634"}],"wp:attachment":[{"href":"https:\/\/thevegehome.com\/fr\/wp-json\/wp\/v2\/media?parent=54612"}],"wp:term":[{"taxonomy":"product_brand","embeddable":true,"href":"https:\/\/thevegehome.com\/fr\/wp-json\/wp\/v2\/product_brand?post=54612"},{"taxonomy":"product_cat","embeddable":true,"href":"https:\/\/thevegehome.com\/fr\/wp-json\/wp\/v2\/product_cat?post=54612"},{"taxonomy":"product_tag","embeddable":true,"href":"https:\/\/thevegehome.com\/fr\/wp-json\/wp\/v2\/product_tag?post=54612"}],"curies":[{"name":"wp","href":"https:\/\/api.w.org\/{rel}","templated":true}]}}