{"id":36431,"date":"2022-11-24T21:13:39","date_gmt":"2022-11-25T02:13:39","guid":{"rendered":"https:\/\/thevegehome.com\/?post_type=product&#038;p=36431"},"modified":"2026-04-01T23:23:46","modified_gmt":"2026-04-02T03:23:46","slug":"chapeau-orange-tomate","status":"publish","type":"product","link":"https:\/\/thevegehome.com\/fr\/product\/chapeau-orange-tomate\/","title":{"rendered":"CHAPEAU ORANGE TOMATE"},"content":{"rendered":"","protected":false},"excerpt":{"rendered":"<p><span style=\"color: #000000;\">Les tomates Sweet N Neat sont sp\u00e9cialement cultiv\u00e9es pour leur grosseur et leur go\u00fbt sucr\u00e9.<\/span><\/p>\n","protected":false},"featured_media":36103,"comment_status":"open","ping_status":"closed","template":"","meta":{"_acf_changed":false},"product_brand":[],"product_cat":[34],"product_tag":[],"class_list":{"0":"post-36431","1":"product","2":"type-product","3":"status-publish","4":"has-post-thumbnail","6":"product_cat-pods-fr","8":"first","9":"instock","10":"taxable","11":"shipping-taxable","12":"purchasable","13":"product-type-simple"},"bundled_by":["2093"],"bundle_stock_status":"instock","bundle_stock_quantity":91,"bundle_virtual":false,"bundle_layout":"","bundle_add_to_cart_form_location":"","bundle_editable_in_cart":false,"bundle_sold_individually_context":"","bundle_item_grouping":"","bundle_min_size":"","bundle_max_size":"","bundle_price":[],"bundled_items":[],"bundle_sell_ids":[],"acf":[],"yoast_head":"<!-- This site is optimized with the Yoast SEO plugin v27.3 - https:\/\/yoast.com\/product\/yoast-seo-wordpress\/ -->\n<title>CHAPEAU ORANGE TOMATE - Vegehome<\/title>\n<meta name=\"robots\" content=\"index, follow, max-snippet:-1, max-image-preview:large, max-video-preview:-1\" \/>\n<link rel=\"canonical\" href=\"https:\/\/thevegehome.com\/fr\/product\/chapeau-orange-tomate\/\" \/>\n<meta property=\"og:locale\" content=\"fr_FR\" \/>\n<meta property=\"og:type\" content=\"article\" \/>\n<meta property=\"og:title\" content=\"CHAPEAU ORANGE TOMATE - Vegehome\" \/>\n<meta property=\"og:description\" content=\"Les tomates Sweet N Neat sont sp\u00e9cialement cultiv\u00e9es pour leur grosseur et leur go\u00fbt sucr\u00e9.\" \/>\n<meta property=\"og:url\" content=\"https:\/\/thevegehome.com\/fr\/product\/chapeau-orange-tomate\/\" \/>\n<meta property=\"og:site_name\" content=\"Vegehome\" \/>\n<meta property=\"article:modified_time\" content=\"2026-04-02T03:23:46+00:00\" \/>\n<meta property=\"og:image\" content=\"https:\/\/thevegehome.com\/wp-content\/uploads\/2022\/11\/Tomato-orange-hat-e1669301201775.png\" \/>\n\t<meta property=\"og:image:width\" content=\"829\" \/>\n\t<meta property=\"og:image:height\" content=\"829\" \/>\n\t<meta property=\"og:image:type\" content=\"image\/png\" \/>\n<script type=\"application\/ld+json\" class=\"yoast-schema-graph\">{\"@context\":\"https:\\\/\\\/schema.org\",\"@graph\":[{\"@type\":\"WebPage\",\"@id\":\"https:\\\/\\\/thevegehome.com\\\/fr\\\/product\\\/chapeau-orange-tomate\\\/\",\"url\":\"https:\\\/\\\/thevegehome.com\\\/fr\\\/product\\\/chapeau-orange-tomate\\\/\",\"name\":\"CHAPEAU ORANGE TOMATE - Vegehome\",\"isPartOf\":{\"@id\":\"https:\\\/\\\/thevegehome.com\\\/fr\\\/#website\"},\"primaryImageOfPage\":{\"@id\":\"https:\\\/\\\/thevegehome.com\\\/fr\\\/product\\\/chapeau-orange-tomate\\\/#primaryimage\"},\"image\":{\"@id\":\"https:\\\/\\\/thevegehome.com\\\/fr\\\/product\\\/chapeau-orange-tomate\\\/#primaryimage\"},\"thumbnailUrl\":\"https:\\\/\\\/thevegehome.com\\\/wp-content\\\/uploads\\\/2022\\\/11\\\/Tomato-orange-hat-e1669301201775.png\",\"datePublished\":\"2022-11-25T02:13:39+00:00\",\"dateModified\":\"2026-04-02T03:23:46+00:00\",\"breadcrumb\":{\"@id\":\"https:\\\/\\\/thevegehome.com\\\/fr\\\/product\\\/chapeau-orange-tomate\\\/#breadcrumb\"},\"inLanguage\":\"fr-FR\",\"potentialAction\":[{\"@type\":\"ReadAction\",\"target\":[\"https:\\\/\\\/thevegehome.com\\\/fr\\\/product\\\/chapeau-orange-tomate\\\/\"]}]},{\"@type\":\"ImageObject\",\"inLanguage\":\"fr-FR\",\"@id\":\"https:\\\/\\\/thevegehome.com\\\/fr\\\/product\\\/chapeau-orange-tomate\\\/#primaryimage\",\"url\":\"https:\\\/\\\/thevegehome.com\\\/wp-content\\\/uploads\\\/2022\\\/11\\\/Tomato-orange-hat-e1669301201775.png\",\"contentUrl\":\"https:\\\/\\\/thevegehome.com\\\/wp-content\\\/uploads\\\/2022\\\/11\\\/Tomato-orange-hat-e1669301201775.png\",\"width\":829,\"height\":829},{\"@type\":\"BreadcrumbList\",\"@id\":\"https:\\\/\\\/thevegehome.com\\\/fr\\\/product\\\/chapeau-orange-tomate\\\/#breadcrumb\",\"itemListElement\":[{\"@type\":\"ListItem\",\"position\":1,\"name\":\"Home\",\"item\":\"https:\\\/\\\/thevegehome.com\\\/fr\\\/\"},{\"@type\":\"ListItem\",\"position\":2,\"name\":\"Boutique\",\"item\":\"https:\\\/\\\/thevegehome.com\\\/fr\\\/boutique\\\/\"},{\"@type\":\"ListItem\",\"position\":3,\"name\":\"CHAPEAU ORANGE TOMATE\"}]},{\"@type\":\"WebSite\",\"@id\":\"https:\\\/\\\/thevegehome.com\\\/fr\\\/#website\",\"url\":\"https:\\\/\\\/thevegehome.com\\\/fr\\\/\",\"name\":\"Vegehome\",\"description\":\"Vegehome\",\"potentialAction\":[{\"@type\":\"SearchAction\",\"target\":{\"@type\":\"EntryPoint\",\"urlTemplate\":\"https:\\\/\\\/thevegehome.com\\\/fr\\\/?s={search_term_string}\"},\"query-input\":{\"@type\":\"PropertyValueSpecification\",\"valueRequired\":true,\"valueName\":\"search_term_string\"}}],\"inLanguage\":\"fr-FR\"}]}<\/script>\n<!-- \/ Yoast SEO plugin. -->","yoast_head_json":{"title":"CHAPEAU ORANGE TOMATE - Vegehome","robots":{"index":"index","follow":"follow","max-snippet":"max-snippet:-1","max-image-preview":"max-image-preview:large","max-video-preview":"max-video-preview:-1"},"canonical":"https:\/\/thevegehome.com\/fr\/product\/chapeau-orange-tomate\/","og_locale":"fr_FR","og_type":"article","og_title":"CHAPEAU ORANGE TOMATE - Vegehome","og_description":"Les tomates Sweet N Neat sont sp\u00e9cialement cultiv\u00e9es pour leur grosseur et leur go\u00fbt sucr\u00e9.","og_url":"https:\/\/thevegehome.com\/fr\/product\/chapeau-orange-tomate\/","og_site_name":"Vegehome","article_modified_time":"2026-04-02T03:23:46+00:00","og_image":[{"width":829,"height":829,"url":"https:\/\/thevegehome.com\/wp-content\/uploads\/2022\/11\/Tomato-orange-hat-e1669301201775.png","type":"image\/png"}],"schema":{"@context":"https:\/\/schema.org","@graph":[{"@type":"WebPage","@id":"https:\/\/thevegehome.com\/fr\/product\/chapeau-orange-tomate\/","url":"https:\/\/thevegehome.com\/fr\/product\/chapeau-orange-tomate\/","name":"CHAPEAU ORANGE TOMATE - Vegehome","isPartOf":{"@id":"https:\/\/thevegehome.com\/fr\/#website"},"primaryImageOfPage":{"@id":"https:\/\/thevegehome.com\/fr\/product\/chapeau-orange-tomate\/#primaryimage"},"image":{"@id":"https:\/\/thevegehome.com\/fr\/product\/chapeau-orange-tomate\/#primaryimage"},"thumbnailUrl":"https:\/\/thevegehome.com\/wp-content\/uploads\/2022\/11\/Tomato-orange-hat-e1669301201775.png","datePublished":"2022-11-25T02:13:39+00:00","dateModified":"2026-04-02T03:23:46+00:00","breadcrumb":{"@id":"https:\/\/thevegehome.com\/fr\/product\/chapeau-orange-tomate\/#breadcrumb"},"inLanguage":"fr-FR","potentialAction":[{"@type":"ReadAction","target":["https:\/\/thevegehome.com\/fr\/product\/chapeau-orange-tomate\/"]}]},{"@type":"ImageObject","inLanguage":"fr-FR","@id":"https:\/\/thevegehome.com\/fr\/product\/chapeau-orange-tomate\/#primaryimage","url":"https:\/\/thevegehome.com\/wp-content\/uploads\/2022\/11\/Tomato-orange-hat-e1669301201775.png","contentUrl":"https:\/\/thevegehome.com\/wp-content\/uploads\/2022\/11\/Tomato-orange-hat-e1669301201775.png","width":829,"height":829},{"@type":"BreadcrumbList","@id":"https:\/\/thevegehome.com\/fr\/product\/chapeau-orange-tomate\/#breadcrumb","itemListElement":[{"@type":"ListItem","position":1,"name":"Home","item":"https:\/\/thevegehome.com\/fr\/"},{"@type":"ListItem","position":2,"name":"Boutique","item":"https:\/\/thevegehome.com\/fr\/boutique\/"},{"@type":"ListItem","position":3,"name":"CHAPEAU ORANGE TOMATE"}]},{"@type":"WebSite","@id":"https:\/\/thevegehome.com\/fr\/#website","url":"https:\/\/thevegehome.com\/fr\/","name":"Vegehome","description":"Vegehome","potentialAction":[{"@type":"SearchAction","target":{"@type":"EntryPoint","urlTemplate":"https:\/\/thevegehome.com\/fr\/?s={search_term_string}"},"query-input":{"@type":"PropertyValueSpecification","valueRequired":true,"valueName":"search_term_string"}}],"inLanguage":"fr-FR"}]}},"_links":{"self":[{"href":"https:\/\/thevegehome.com\/fr\/wp-json\/wp\/v2\/product\/36431","targetHints":{"allow":["GET"]}}],"collection":[{"href":"https:\/\/thevegehome.com\/fr\/wp-json\/wp\/v2\/product"}],"about":[{"href":"https:\/\/thevegehome.com\/fr\/wp-json\/wp\/v2\/types\/product"}],"replies":[{"embeddable":true,"href":"https:\/\/thevegehome.com\/fr\/wp-json\/wp\/v2\/comments?post=36431"}],"wp:featuredmedia":[{"embeddable":true,"href":"https:\/\/thevegehome.com\/fr\/wp-json\/wp\/v2\/media\/36103"}],"wp:attachment":[{"href":"https:\/\/thevegehome.com\/fr\/wp-json\/wp\/v2\/media?parent=36431"}],"wp:term":[{"taxonomy":"product_brand","embeddable":true,"href":"https:\/\/thevegehome.com\/fr\/wp-json\/wp\/v2\/product_brand?post=36431"},{"taxonomy":"product_cat","embeddable":true,"href":"https:\/\/thevegehome.com\/fr\/wp-json\/wp\/v2\/product_cat?post=36431"},{"taxonomy":"product_tag","embeddable":true,"href":"https:\/\/thevegehome.com\/fr\/wp-json\/wp\/v2\/product_tag?post=36431"}],"curies":[{"name":"wp","href":"https:\/\/api.w.org\/{rel}","templated":true}]}}