{"id":34784,"date":"2022-11-11T14:08:50","date_gmt":"2022-11-11T19:08:50","guid":{"rendered":"https:\/\/thevegehome.com\/?post_type=product&#038;p=34784"},"modified":"2026-04-20T21:06:24","modified_gmt":"2026-04-21T01:06:24","slug":"la-solution-de-nutriments-copy","status":"publish","type":"product","link":"https:\/\/thevegehome.com\/fr\/nutrient-kit-standard\/","title":{"rendered":"La solution de nutriments"},"content":{"rendered":"","protected":false},"excerpt":{"rendered":"<p><span style=\"color: #000000;\">La solution de nutriments incluse avec votre Vegehome a \u00e9t\u00e9 sp\u00e9cifiquement con\u00e7ue, am\u00e9lior\u00e9e et test\u00e9e par notre \u00e9quipe d\u2019agronomes.<\/span><\/p>\n<p><span style=\"color: #000000;\">Cette solution purement naturelle a \u00e9t\u00e9 d\u00e9velopp\u00e9e pour acc\u00e9l\u00e9rer et optimiser la croissance de plantes dans l\u2019\u00e9cosyst\u00e8me Vegehome. Appliquez chaque semaine la quantit\u00e9 recommand\u00e9e pour votre jardin d&rsquo;int\u00e9rieur Vegehome, et vous disposerez d&rsquo;herbes et de l\u00e9gumes toute l&rsquo;ann\u00e9e.<\/span><\/p>\n","protected":false},"featured_media":35965,"comment_status":"closed","ping_status":"closed","template":"","meta":{"_acf_changed":false},"product_brand":[],"product_cat":[52],"product_tag":[],"class_list":{"0":"post-34784","1":"product","2":"type-product","3":"status-publish","4":"has-post-thumbnail","6":"product_cat-accessories-fr","8":"first","9":"instock","10":"taxable","11":"shipping-taxable","12":"purchasable","13":"product-type-simple"},"bundled_by":[],"bundle_stock_status":"instock","bundle_stock_quantity":941,"bundle_virtual":false,"bundle_layout":"","bundle_add_to_cart_form_location":"","bundle_editable_in_cart":false,"bundle_sold_individually_context":"","bundle_item_grouping":"","bundle_min_size":"","bundle_max_size":"","bundle_price":[],"bundled_items":[],"bundle_sell_ids":[],"acf":[],"yoast_head":"<!-- This site is optimized with the Yoast SEO plugin v27.4 - https:\/\/yoast.com\/product\/yoast-seo-wordpress\/ -->\n<title>La solution de nutriments - Vegehome<\/title>\n<meta name=\"description\" content=\"La solution nutritive incluse avec votre Vegehome a \u00e9t\u00e9 sp\u00e9cialement con\u00e7ue, raffin\u00e9e et test\u00e9e par notre \u00e9quipe d&#039;agronomes en interne!\" \/>\n<meta name=\"robots\" content=\"index, follow, max-snippet:-1, max-image-preview:large, max-video-preview:-1\" \/>\n<link rel=\"canonical\" href=\"https:\/\/thevegehome.com\/fr\/nutrient-kit-standard\/\" \/>\n<meta property=\"og:locale\" content=\"fr_FR\" \/>\n<meta property=\"og:type\" content=\"article\" \/>\n<meta property=\"og:title\" content=\"La solution de nutriments - Vegehome\" \/>\n<meta property=\"og:description\" content=\"La solution nutritive incluse avec votre Vegehome a \u00e9t\u00e9 sp\u00e9cialement con\u00e7ue, raffin\u00e9e et test\u00e9e par notre \u00e9quipe d&#039;agronomes en interne!\" \/>\n<meta property=\"og:url\" content=\"https:\/\/thevegehome.com\/fr\/nutrient-kit-standard\/\" \/>\n<meta property=\"og:site_name\" content=\"Vegehome\" \/>\n<meta property=\"article:modified_time\" content=\"2026-04-21T01:06:24+00:00\" \/>\n<meta property=\"og:image\" content=\"https:\/\/thevegehome.com\/wp-content\/uploads\/2022\/11\/Updated-Nutrient-kit-standard-main.jpg\" \/>\n\t<meta property=\"og:image:width\" content=\"1485\" \/>\n\t<meta property=\"og:image:height\" content=\"1115\" \/>\n\t<meta property=\"og:image:type\" content=\"image\/jpeg\" \/>\n<script type=\"application\/ld+json\" class=\"yoast-schema-graph\">{\"@context\":\"https:\\\/\\\/schema.org\",\"@graph\":[{\"@type\":\"WebPage\",\"@id\":\"https:\\\/\\\/thevegehome.com\\\/fr\\\/nutrient-kit-standard\\\/\",\"url\":\"https:\\\/\\\/thevegehome.com\\\/fr\\\/nutrient-kit-standard\\\/\",\"name\":\"La solution de nutriments - Vegehome\",\"isPartOf\":{\"@id\":\"https:\\\/\\\/thevegehome.com\\\/fr\\\/#website\"},\"primaryImageOfPage\":{\"@id\":\"https:\\\/\\\/thevegehome.com\\\/fr\\\/nutrient-kit-standard\\\/#primaryimage\"},\"image\":{\"@id\":\"https:\\\/\\\/thevegehome.com\\\/fr\\\/nutrient-kit-standard\\\/#primaryimage\"},\"thumbnailUrl\":\"https:\\\/\\\/thevegehome.com\\\/wp-content\\\/uploads\\\/2022\\\/11\\\/Updated-Nutrient-kit-standard-main.jpg\",\"datePublished\":\"2022-11-11T19:08:50+00:00\",\"dateModified\":\"2026-04-21T01:06:24+00:00\",\"description\":\"La solution nutritive incluse avec votre Vegehome a \u00e9t\u00e9 sp\u00e9cialement con\u00e7ue, raffin\u00e9e et test\u00e9e par notre \u00e9quipe d'agronomes en interne!\",\"breadcrumb\":{\"@id\":\"https:\\\/\\\/thevegehome.com\\\/fr\\\/nutrient-kit-standard\\\/#breadcrumb\"},\"inLanguage\":\"fr-FR\",\"potentialAction\":[{\"@type\":\"ReadAction\",\"target\":[\"https:\\\/\\\/thevegehome.com\\\/fr\\\/nutrient-kit-standard\\\/\"]}]},{\"@type\":\"ImageObject\",\"inLanguage\":\"fr-FR\",\"@id\":\"https:\\\/\\\/thevegehome.com\\\/fr\\\/nutrient-kit-standard\\\/#primaryimage\",\"url\":\"https:\\\/\\\/thevegehome.com\\\/wp-content\\\/uploads\\\/2022\\\/11\\\/Updated-Nutrient-kit-standard-main.jpg\",\"contentUrl\":\"https:\\\/\\\/thevegehome.com\\\/wp-content\\\/uploads\\\/2022\\\/11\\\/Updated-Nutrient-kit-standard-main.jpg\",\"width\":1485,\"height\":1115},{\"@type\":\"BreadcrumbList\",\"@id\":\"https:\\\/\\\/thevegehome.com\\\/fr\\\/nutrient-kit-standard\\\/#breadcrumb\",\"itemListElement\":[{\"@type\":\"ListItem\",\"position\":1,\"name\":\"Home\",\"item\":\"https:\\\/\\\/thevegehome.com\\\/fr\\\/\"},{\"@type\":\"ListItem\",\"position\":2,\"name\":\"Boutique\",\"item\":\"https:\\\/\\\/thevegehome.com\\\/fr\\\/boutique\\\/\"},{\"@type\":\"ListItem\",\"position\":3,\"name\":\"La solution de nutriments\"}]},{\"@type\":\"WebSite\",\"@id\":\"https:\\\/\\\/thevegehome.com\\\/fr\\\/#website\",\"url\":\"https:\\\/\\\/thevegehome.com\\\/fr\\\/\",\"name\":\"Vegehome\",\"description\":\"Vegehome\",\"potentialAction\":[{\"@type\":\"SearchAction\",\"target\":{\"@type\":\"EntryPoint\",\"urlTemplate\":\"https:\\\/\\\/thevegehome.com\\\/fr\\\/?s={search_term_string}\"},\"query-input\":{\"@type\":\"PropertyValueSpecification\",\"valueRequired\":true,\"valueName\":\"search_term_string\"}}],\"inLanguage\":\"fr-FR\"}]}<\/script>\n<!-- \/ Yoast SEO plugin. -->","yoast_head_json":{"title":"La solution de nutriments - Vegehome","description":"La solution nutritive incluse avec votre Vegehome a \u00e9t\u00e9 sp\u00e9cialement con\u00e7ue, raffin\u00e9e et test\u00e9e par notre \u00e9quipe d'agronomes en interne!","robots":{"index":"index","follow":"follow","max-snippet":"max-snippet:-1","max-image-preview":"max-image-preview:large","max-video-preview":"max-video-preview:-1"},"canonical":"https:\/\/thevegehome.com\/fr\/nutrient-kit-standard\/","og_locale":"fr_FR","og_type":"article","og_title":"La solution de nutriments - Vegehome","og_description":"La solution nutritive incluse avec votre Vegehome a \u00e9t\u00e9 sp\u00e9cialement con\u00e7ue, raffin\u00e9e et test\u00e9e par notre \u00e9quipe d'agronomes en interne!","og_url":"https:\/\/thevegehome.com\/fr\/nutrient-kit-standard\/","og_site_name":"Vegehome","article_modified_time":"2026-04-21T01:06:24+00:00","og_image":[{"width":1485,"height":1115,"url":"https:\/\/thevegehome.com\/wp-content\/uploads\/2022\/11\/Updated-Nutrient-kit-standard-main.jpg","type":"image\/jpeg"}],"schema":{"@context":"https:\/\/schema.org","@graph":[{"@type":"WebPage","@id":"https:\/\/thevegehome.com\/fr\/nutrient-kit-standard\/","url":"https:\/\/thevegehome.com\/fr\/nutrient-kit-standard\/","name":"La solution de nutriments - Vegehome","isPartOf":{"@id":"https:\/\/thevegehome.com\/fr\/#website"},"primaryImageOfPage":{"@id":"https:\/\/thevegehome.com\/fr\/nutrient-kit-standard\/#primaryimage"},"image":{"@id":"https:\/\/thevegehome.com\/fr\/nutrient-kit-standard\/#primaryimage"},"thumbnailUrl":"https:\/\/thevegehome.com\/wp-content\/uploads\/2022\/11\/Updated-Nutrient-kit-standard-main.jpg","datePublished":"2022-11-11T19:08:50+00:00","dateModified":"2026-04-21T01:06:24+00:00","description":"La solution nutritive incluse avec votre Vegehome a \u00e9t\u00e9 sp\u00e9cialement con\u00e7ue, raffin\u00e9e et test\u00e9e par notre \u00e9quipe d'agronomes en interne!","breadcrumb":{"@id":"https:\/\/thevegehome.com\/fr\/nutrient-kit-standard\/#breadcrumb"},"inLanguage":"fr-FR","potentialAction":[{"@type":"ReadAction","target":["https:\/\/thevegehome.com\/fr\/nutrient-kit-standard\/"]}]},{"@type":"ImageObject","inLanguage":"fr-FR","@id":"https:\/\/thevegehome.com\/fr\/nutrient-kit-standard\/#primaryimage","url":"https:\/\/thevegehome.com\/wp-content\/uploads\/2022\/11\/Updated-Nutrient-kit-standard-main.jpg","contentUrl":"https:\/\/thevegehome.com\/wp-content\/uploads\/2022\/11\/Updated-Nutrient-kit-standard-main.jpg","width":1485,"height":1115},{"@type":"BreadcrumbList","@id":"https:\/\/thevegehome.com\/fr\/nutrient-kit-standard\/#breadcrumb","itemListElement":[{"@type":"ListItem","position":1,"name":"Home","item":"https:\/\/thevegehome.com\/fr\/"},{"@type":"ListItem","position":2,"name":"Boutique","item":"https:\/\/thevegehome.com\/fr\/boutique\/"},{"@type":"ListItem","position":3,"name":"La solution de nutriments"}]},{"@type":"WebSite","@id":"https:\/\/thevegehome.com\/fr\/#website","url":"https:\/\/thevegehome.com\/fr\/","name":"Vegehome","description":"Vegehome","potentialAction":[{"@type":"SearchAction","target":{"@type":"EntryPoint","urlTemplate":"https:\/\/thevegehome.com\/fr\/?s={search_term_string}"},"query-input":{"@type":"PropertyValueSpecification","valueRequired":true,"valueName":"search_term_string"}}],"inLanguage":"fr-FR"}]}},"_links":{"self":[{"href":"https:\/\/thevegehome.com\/fr\/wp-json\/wp\/v2\/product\/34784","targetHints":{"allow":["GET"]}}],"collection":[{"href":"https:\/\/thevegehome.com\/fr\/wp-json\/wp\/v2\/product"}],"about":[{"href":"https:\/\/thevegehome.com\/fr\/wp-json\/wp\/v2\/types\/product"}],"replies":[{"embeddable":true,"href":"https:\/\/thevegehome.com\/fr\/wp-json\/wp\/v2\/comments?post=34784"}],"wp:featuredmedia":[{"embeddable":true,"href":"https:\/\/thevegehome.com\/fr\/wp-json\/wp\/v2\/media\/35965"}],"wp:attachment":[{"href":"https:\/\/thevegehome.com\/fr\/wp-json\/wp\/v2\/media?parent=34784"}],"wp:term":[{"taxonomy":"product_brand","embeddable":true,"href":"https:\/\/thevegehome.com\/fr\/wp-json\/wp\/v2\/product_brand?post=34784"},{"taxonomy":"product_cat","embeddable":true,"href":"https:\/\/thevegehome.com\/fr\/wp-json\/wp\/v2\/product_cat?post=34784"},{"taxonomy":"product_tag","embeddable":true,"href":"https:\/\/thevegehome.com\/fr\/wp-json\/wp\/v2\/product_tag?post=34784"}],"curies":[{"name":"wp","href":"https:\/\/api.w.org\/{rel}","templated":true}]}}