{"id":32775,"date":"2022-10-14T06:35:40","date_gmt":"2022-10-14T10:35:40","guid":{"rendered":"https:\/\/thevegehome.com\/?post_type=product&#038;p=32775"},"modified":"2026-01-20T10:16:59","modified_gmt":"2026-01-20T15:16:59","slug":"jardin-pro","status":"publish","type":"product","link":"https:\/\/thevegehome.com\/fr\/product\/jardin-pro\/","title":{"rendered":"LE JARDIN PRO"},"content":{"rendered":"","protected":false},"excerpt":{"rendered":"<ul>\n<li>Trousse de d\u00e9marrage Jardin Pro <strong>gratuite<\/strong> comprenant <strong>12 capsules de semences et une formule de nutriments<\/strong><\/li>\n<li>Cultivez <strong>toute l\u2019ann\u00e9e<\/strong> \u2013 Les capsules restent fraiches pendant 6 mois!<\/li>\n<li>Croissance 50% plus rapide que dans la nature<\/li>\n<li>Cycle d\u2019\u00e9clairage automatique intelligent<\/li>\n<li>Le panneau d&rsquo;\u00e9clairage de Jardin Pro est maintenant r\u00e9glable en hauteur et inclinable, ce qui vous permet de faire pousser des vari\u00e9t\u00e9s encore plus grandes et plus hautes!<\/li>\n<li>Le r\u00e9servoir d&rsquo;eau de notre mod\u00e8le Jardin Pro est maintenant enrichi en oxyg\u00e8ne, ce qui signifie des racines plus fortes et plus saines ainsi qu&rsquo;un apport optimal de nutriments.<\/li>\n<li>La nouvelle configuration du Jardin Pro, qui peut d\u00e9sormais accueillir jusqu&rsquo;\u00e0 12 r\u00e9servoirs \u00e0 semences, permet d&rsquo;espacer correctement vos plantes et la plus grande capacit\u00e9 de votre r\u00e9servoir d&rsquo;eau signifie que les racines ont suffisamment d&rsquo;espace pour se d\u00e9velopper au maximum de leur potentiel.<\/li>\n<\/ul>\n","protected":false},"featured_media":92319,"comment_status":"open","ping_status":"closed","template":"","meta":{"_acf_changed":false},"product_brand":[],"product_cat":[30],"product_tag":[],"class_list":{"0":"post-32775","1":"product","2":"type-product","3":"status-publish","4":"has-post-thumbnail","6":"product_cat-the-gardens-fr","8":"first","9":"outofstock","10":"taxable","11":"shipping-taxable","12":"purchasable","13":"product-type-simple"},"bundled_by":[],"bundle_stock_status":"outofstock","bundle_stock_quantity":0,"bundle_virtual":false,"bundle_layout":"","bundle_add_to_cart_form_location":"","bundle_editable_in_cart":false,"bundle_sold_individually_context":"","bundle_item_grouping":"","bundle_min_size":"","bundle_max_size":"","bundle_price":[],"bundled_items":[],"bundle_sell_ids":[],"acf":[],"yoast_head":"<!-- This site is optimized with the Yoast SEO plugin v27.4 - https:\/\/yoast.com\/product\/yoast-seo-wordpress\/ -->\n<title>LE JARDIN PRO - Vegehome<\/title>\n<meta name=\"description\" content=\"Optimisez votre espace avec le Jardin PRO. Ce jardin hydroponique d\u2019int\u00e9rieur intelligent, id\u00e9al pour les petits espaces, notamment les comptoirs, est \u00e9quip\u00e9 de 12 r\u00e9servoirs \u00e0 semences vous permettant de faire germer des pousses, pousser des fines herbes, des l\u00e9gumes et m\u00eame des fleurs chez vous \u00e0 l\u2019ann\u00e9e longue.\" \/>\n<meta name=\"robots\" content=\"index, follow, max-snippet:-1, max-image-preview:large, max-video-preview:-1\" \/>\n<link rel=\"canonical\" href=\"https:\/\/thevegehome.com\/fr\/product\/jardin-pro\/\" \/>\n<meta property=\"og:locale\" content=\"fr_FR\" \/>\n<meta property=\"og:type\" content=\"article\" \/>\n<meta property=\"og:title\" content=\"LE JARDIN PRO - Vegehome\" \/>\n<meta property=\"og:description\" content=\"Optimisez votre espace avec le Jardin PRO. Ce jardin hydroponique d\u2019int\u00e9rieur intelligent, id\u00e9al pour les petits espaces, notamment les comptoirs, est \u00e9quip\u00e9 de 12 r\u00e9servoirs \u00e0 semences vous permettant de faire germer des pousses, pousser des fines herbes, des l\u00e9gumes et m\u00eame des fleurs chez vous \u00e0 l\u2019ann\u00e9e longue.\" \/>\n<meta property=\"og:url\" content=\"https:\/\/thevegehome.com\/fr\/product\/jardin-pro\/\" \/>\n<meta property=\"og:site_name\" content=\"Vegehome\" \/>\n<meta property=\"article:modified_time\" content=\"2026-01-20T15:16:59+00:00\" \/>\n<meta property=\"og:image\" content=\"https:\/\/thevegehome.com\/wp-content\/uploads\/2022\/10\/Jardin-Pro-Main-768x768-1.jpg\" \/>\n\t<meta property=\"og:image:width\" content=\"768\" \/>\n\t<meta property=\"og:image:height\" content=\"768\" \/>\n\t<meta property=\"og:image:type\" content=\"image\/jpeg\" \/>\n<script type=\"application\/ld+json\" class=\"yoast-schema-graph\">{\"@context\":\"https:\\\/\\\/schema.org\",\"@graph\":[{\"@type\":\"WebPage\",\"@id\":\"https:\\\/\\\/thevegehome.com\\\/fr\\\/product\\\/jardin-pro\\\/\",\"url\":\"https:\\\/\\\/thevegehome.com\\\/fr\\\/product\\\/jardin-pro\\\/\",\"name\":\"LE JARDIN PRO - Vegehome\",\"isPartOf\":{\"@id\":\"https:\\\/\\\/thevegehome.com\\\/fr\\\/#website\"},\"primaryImageOfPage\":{\"@id\":\"https:\\\/\\\/thevegehome.com\\\/fr\\\/product\\\/jardin-pro\\\/#primaryimage\"},\"image\":{\"@id\":\"https:\\\/\\\/thevegehome.com\\\/fr\\\/product\\\/jardin-pro\\\/#primaryimage\"},\"thumbnailUrl\":\"https:\\\/\\\/thevegehome.com\\\/wp-content\\\/uploads\\\/2022\\\/10\\\/The_Jardinpro_main_with_accessories-scaled.png\",\"datePublished\":\"2022-10-14T10:35:40+00:00\",\"dateModified\":\"2026-01-20T15:16:59+00:00\",\"description\":\"Optimisez votre espace avec le Jardin PRO. Ce jardin hydroponique d\u2019int\u00e9rieur intelligent, id\u00e9al pour les petits espaces, notamment les comptoirs, est \u00e9quip\u00e9 de 12 r\u00e9servoirs \u00e0 semences vous permettant de faire germer des pousses, pousser des fines herbes, des l\u00e9gumes et m\u00eame des fleurs chez vous \u00e0 l\u2019ann\u00e9e longue.\",\"breadcrumb\":{\"@id\":\"https:\\\/\\\/thevegehome.com\\\/fr\\\/product\\\/jardin-pro\\\/#breadcrumb\"},\"inLanguage\":\"fr-FR\",\"potentialAction\":[{\"@type\":\"ReadAction\",\"target\":[\"https:\\\/\\\/thevegehome.com\\\/fr\\\/product\\\/jardin-pro\\\/\"]}]},{\"@type\":\"ImageObject\",\"inLanguage\":\"fr-FR\",\"@id\":\"https:\\\/\\\/thevegehome.com\\\/fr\\\/product\\\/jardin-pro\\\/#primaryimage\",\"url\":\"https:\\\/\\\/thevegehome.com\\\/wp-content\\\/uploads\\\/2022\\\/10\\\/The_Jardinpro_main_with_accessories-scaled.png\",\"contentUrl\":\"https:\\\/\\\/thevegehome.com\\\/wp-content\\\/uploads\\\/2022\\\/10\\\/The_Jardinpro_main_with_accessories-scaled.png\",\"width\":2560,\"height\":2560},{\"@type\":\"BreadcrumbList\",\"@id\":\"https:\\\/\\\/thevegehome.com\\\/fr\\\/product\\\/jardin-pro\\\/#breadcrumb\",\"itemListElement\":[{\"@type\":\"ListItem\",\"position\":1,\"name\":\"Home\",\"item\":\"https:\\\/\\\/thevegehome.com\\\/fr\\\/\"},{\"@type\":\"ListItem\",\"position\":2,\"name\":\"Boutique\",\"item\":\"https:\\\/\\\/thevegehome.com\\\/fr\\\/boutique\\\/\"},{\"@type\":\"ListItem\",\"position\":3,\"name\":\"LE JARDIN PRO\"}]},{\"@type\":\"WebSite\",\"@id\":\"https:\\\/\\\/thevegehome.com\\\/fr\\\/#website\",\"url\":\"https:\\\/\\\/thevegehome.com\\\/fr\\\/\",\"name\":\"Vegehome\",\"description\":\"Vegehome\",\"potentialAction\":[{\"@type\":\"SearchAction\",\"target\":{\"@type\":\"EntryPoint\",\"urlTemplate\":\"https:\\\/\\\/thevegehome.com\\\/fr\\\/?s={search_term_string}\"},\"query-input\":{\"@type\":\"PropertyValueSpecification\",\"valueRequired\":true,\"valueName\":\"search_term_string\"}}],\"inLanguage\":\"fr-FR\"}]}<\/script>\n<!-- \/ Yoast SEO plugin. -->","yoast_head_json":{"title":"LE JARDIN PRO - Vegehome","description":"Optimisez votre espace avec le Jardin PRO. Ce jardin hydroponique d\u2019int\u00e9rieur intelligent, id\u00e9al pour les petits espaces, notamment les comptoirs, est \u00e9quip\u00e9 de 12 r\u00e9servoirs \u00e0 semences vous permettant de faire germer des pousses, pousser des fines herbes, des l\u00e9gumes et m\u00eame des fleurs chez vous \u00e0 l\u2019ann\u00e9e longue.","robots":{"index":"index","follow":"follow","max-snippet":"max-snippet:-1","max-image-preview":"max-image-preview:large","max-video-preview":"max-video-preview:-1"},"canonical":"https:\/\/thevegehome.com\/fr\/product\/jardin-pro\/","og_locale":"fr_FR","og_type":"article","og_title":"LE JARDIN PRO - Vegehome","og_description":"Optimisez votre espace avec le Jardin PRO. Ce jardin hydroponique d\u2019int\u00e9rieur intelligent, id\u00e9al pour les petits espaces, notamment les comptoirs, est \u00e9quip\u00e9 de 12 r\u00e9servoirs \u00e0 semences vous permettant de faire germer des pousses, pousser des fines herbes, des l\u00e9gumes et m\u00eame des fleurs chez vous \u00e0 l\u2019ann\u00e9e longue.","og_url":"https:\/\/thevegehome.com\/fr\/product\/jardin-pro\/","og_site_name":"Vegehome","article_modified_time":"2026-01-20T15:16:59+00:00","og_image":[{"width":768,"height":768,"url":"https:\/\/thevegehome.com\/wp-content\/uploads\/2022\/10\/Jardin-Pro-Main-768x768-1.jpg","type":"image\/jpeg"}],"schema":{"@context":"https:\/\/schema.org","@graph":[{"@type":"WebPage","@id":"https:\/\/thevegehome.com\/fr\/product\/jardin-pro\/","url":"https:\/\/thevegehome.com\/fr\/product\/jardin-pro\/","name":"LE JARDIN PRO - Vegehome","isPartOf":{"@id":"https:\/\/thevegehome.com\/fr\/#website"},"primaryImageOfPage":{"@id":"https:\/\/thevegehome.com\/fr\/product\/jardin-pro\/#primaryimage"},"image":{"@id":"https:\/\/thevegehome.com\/fr\/product\/jardin-pro\/#primaryimage"},"thumbnailUrl":"https:\/\/thevegehome.com\/wp-content\/uploads\/2022\/10\/The_Jardinpro_main_with_accessories-scaled.png","datePublished":"2022-10-14T10:35:40+00:00","dateModified":"2026-01-20T15:16:59+00:00","description":"Optimisez votre espace avec le Jardin PRO. Ce jardin hydroponique d\u2019int\u00e9rieur intelligent, id\u00e9al pour les petits espaces, notamment les comptoirs, est \u00e9quip\u00e9 de 12 r\u00e9servoirs \u00e0 semences vous permettant de faire germer des pousses, pousser des fines herbes, des l\u00e9gumes et m\u00eame des fleurs chez vous \u00e0 l\u2019ann\u00e9e longue.","breadcrumb":{"@id":"https:\/\/thevegehome.com\/fr\/product\/jardin-pro\/#breadcrumb"},"inLanguage":"fr-FR","potentialAction":[{"@type":"ReadAction","target":["https:\/\/thevegehome.com\/fr\/product\/jardin-pro\/"]}]},{"@type":"ImageObject","inLanguage":"fr-FR","@id":"https:\/\/thevegehome.com\/fr\/product\/jardin-pro\/#primaryimage","url":"https:\/\/thevegehome.com\/wp-content\/uploads\/2022\/10\/The_Jardinpro_main_with_accessories-scaled.png","contentUrl":"https:\/\/thevegehome.com\/wp-content\/uploads\/2022\/10\/The_Jardinpro_main_with_accessories-scaled.png","width":2560,"height":2560},{"@type":"BreadcrumbList","@id":"https:\/\/thevegehome.com\/fr\/product\/jardin-pro\/#breadcrumb","itemListElement":[{"@type":"ListItem","position":1,"name":"Home","item":"https:\/\/thevegehome.com\/fr\/"},{"@type":"ListItem","position":2,"name":"Boutique","item":"https:\/\/thevegehome.com\/fr\/boutique\/"},{"@type":"ListItem","position":3,"name":"LE JARDIN PRO"}]},{"@type":"WebSite","@id":"https:\/\/thevegehome.com\/fr\/#website","url":"https:\/\/thevegehome.com\/fr\/","name":"Vegehome","description":"Vegehome","potentialAction":[{"@type":"SearchAction","target":{"@type":"EntryPoint","urlTemplate":"https:\/\/thevegehome.com\/fr\/?s={search_term_string}"},"query-input":{"@type":"PropertyValueSpecification","valueRequired":true,"valueName":"search_term_string"}}],"inLanguage":"fr-FR"}]}},"_links":{"self":[{"href":"https:\/\/thevegehome.com\/fr\/wp-json\/wp\/v2\/product\/32775","targetHints":{"allow":["GET"]}}],"collection":[{"href":"https:\/\/thevegehome.com\/fr\/wp-json\/wp\/v2\/product"}],"about":[{"href":"https:\/\/thevegehome.com\/fr\/wp-json\/wp\/v2\/types\/product"}],"replies":[{"embeddable":true,"href":"https:\/\/thevegehome.com\/fr\/wp-json\/wp\/v2\/comments?post=32775"}],"wp:featuredmedia":[{"embeddable":true,"href":"https:\/\/thevegehome.com\/fr\/wp-json\/wp\/v2\/media\/92319"}],"wp:attachment":[{"href":"https:\/\/thevegehome.com\/fr\/wp-json\/wp\/v2\/media?parent=32775"}],"wp:term":[{"taxonomy":"product_brand","embeddable":true,"href":"https:\/\/thevegehome.com\/fr\/wp-json\/wp\/v2\/product_brand?post=32775"},{"taxonomy":"product_cat","embeddable":true,"href":"https:\/\/thevegehome.com\/fr\/wp-json\/wp\/v2\/product_cat?post=32775"},{"taxonomy":"product_tag","embeddable":true,"href":"https:\/\/thevegehome.com\/fr\/wp-json\/wp\/v2\/product_tag?post=32775"}],"curies":[{"name":"wp","href":"https:\/\/api.w.org\/{rel}","templated":true}]}}