{"id":23797,"date":"2022-03-31T10:05:32","date_gmt":"2022-03-31T14:05:32","guid":{"rendered":"https:\/\/thevegehome.com\/?post_type=product&#038;p=23797"},"modified":"2026-04-01T23:23:46","modified_gmt":"2026-04-02T03:23:46","slug":"tomate-sweet-n-neat-jaune","status":"publish","type":"product","link":"https:\/\/thevegehome.com\/fr\/product\/tomate-sweet-n-neat-jaune\/","title":{"rendered":"Tomate Sweet N Neat &#8211; Jaune"},"content":{"rendered":"","protected":false},"excerpt":{"rendered":"<p>Les tomates Sweet N Neat sont sp\u00e9cialement cultiv\u00e9es pour leur grosseur et leur go\u00fbt sucr\u00e9.<\/p>\n","protected":false},"featured_media":23840,"comment_status":"closed","ping_status":"closed","template":"","meta":{"_acf_changed":false},"product_brand":[],"product_cat":[34],"product_tag":[],"class_list":{"0":"post-23797","1":"product","2":"type-product","3":"status-publish","4":"has-post-thumbnail","6":"product_cat-pods-fr","8":"first","9":"instock","10":"taxable","11":"shipping-taxable","12":"purchasable","13":"product-type-simple"},"bundled_by":["2093"],"bundle_stock_status":"instock","bundle_stock_quantity":78,"bundle_virtual":false,"bundle_layout":"","bundle_add_to_cart_form_location":"","bundle_editable_in_cart":false,"bundle_sold_individually_context":"","bundle_item_grouping":"","bundle_min_size":"","bundle_max_size":"","bundle_price":[],"bundled_items":[],"bundle_sell_ids":[],"acf":[],"yoast_head":"<!-- This site is optimized with the Yoast SEO plugin v27.3 - https:\/\/yoast.com\/product\/yoast-seo-wordpress\/ -->\n<title>Tomate Sweet N Neat - Jaune - Vegehome<\/title>\n<meta name=\"robots\" content=\"index, follow, max-snippet:-1, max-image-preview:large, max-video-preview:-1\" \/>\n<link rel=\"canonical\" href=\"https:\/\/thevegehome.com\/fr\/product\/tomate-sweet-n-neat-jaune\/\" \/>\n<meta property=\"og:locale\" content=\"fr_FR\" \/>\n<meta property=\"og:type\" content=\"article\" \/>\n<meta property=\"og:title\" content=\"Tomate Sweet N Neat - Jaune - Vegehome\" \/>\n<meta property=\"og:description\" content=\"Les tomates Sweet N Neat sont sp\u00e9cialement cultiv\u00e9es pour leur grosseur et leur go\u00fbt sucr\u00e9.\" \/>\n<meta property=\"og:url\" content=\"https:\/\/thevegehome.com\/fr\/product\/tomate-sweet-n-neat-jaune\/\" \/>\n<meta property=\"og:site_name\" content=\"Vegehome\" \/>\n<meta property=\"article:modified_time\" content=\"2026-04-02T03:23:46+00:00\" \/>\n<meta property=\"og:image\" content=\"https:\/\/thevegehome.com\/wp-content\/uploads\/2022\/03\/AdobeStock_107515546-scaled.jpeg\" \/>\n\t<meta property=\"og:image:width\" content=\"2560\" \/>\n\t<meta property=\"og:image:height\" content=\"1707\" \/>\n\t<meta property=\"og:image:type\" content=\"image\/jpeg\" \/>\n<script type=\"application\/ld+json\" class=\"yoast-schema-graph\">{\"@context\":\"https:\\\/\\\/schema.org\",\"@graph\":[{\"@type\":\"WebPage\",\"@id\":\"https:\\\/\\\/thevegehome.com\\\/fr\\\/product\\\/tomate-sweet-n-neat-jaune\\\/\",\"url\":\"https:\\\/\\\/thevegehome.com\\\/fr\\\/product\\\/tomate-sweet-n-neat-jaune\\\/\",\"name\":\"Tomate Sweet N Neat - Jaune - Vegehome\",\"isPartOf\":{\"@id\":\"https:\\\/\\\/thevegehome.com\\\/fr\\\/#website\"},\"primaryImageOfPage\":{\"@id\":\"https:\\\/\\\/thevegehome.com\\\/fr\\\/product\\\/tomate-sweet-n-neat-jaune\\\/#primaryimage\"},\"image\":{\"@id\":\"https:\\\/\\\/thevegehome.com\\\/fr\\\/product\\\/tomate-sweet-n-neat-jaune\\\/#primaryimage\"},\"thumbnailUrl\":\"https:\\\/\\\/thevegehome.com\\\/wp-content\\\/uploads\\\/2022\\\/03\\\/AdobeStock_107515546-scaled.jpeg\",\"datePublished\":\"2022-03-31T14:05:32+00:00\",\"dateModified\":\"2026-04-02T03:23:46+00:00\",\"breadcrumb\":{\"@id\":\"https:\\\/\\\/thevegehome.com\\\/fr\\\/product\\\/tomate-sweet-n-neat-jaune\\\/#breadcrumb\"},\"inLanguage\":\"fr-FR\",\"potentialAction\":[{\"@type\":\"ReadAction\",\"target\":[\"https:\\\/\\\/thevegehome.com\\\/fr\\\/product\\\/tomate-sweet-n-neat-jaune\\\/\"]}]},{\"@type\":\"ImageObject\",\"inLanguage\":\"fr-FR\",\"@id\":\"https:\\\/\\\/thevegehome.com\\\/fr\\\/product\\\/tomate-sweet-n-neat-jaune\\\/#primaryimage\",\"url\":\"https:\\\/\\\/thevegehome.com\\\/wp-content\\\/uploads\\\/2022\\\/03\\\/AdobeStock_107515546-scaled.jpeg\",\"contentUrl\":\"https:\\\/\\\/thevegehome.com\\\/wp-content\\\/uploads\\\/2022\\\/03\\\/AdobeStock_107515546-scaled.jpeg\",\"width\":2560,\"height\":1707,\"caption\":\"yellow cherry tomatoes twig, isolated on white\"},{\"@type\":\"BreadcrumbList\",\"@id\":\"https:\\\/\\\/thevegehome.com\\\/fr\\\/product\\\/tomate-sweet-n-neat-jaune\\\/#breadcrumb\",\"itemListElement\":[{\"@type\":\"ListItem\",\"position\":1,\"name\":\"Home\",\"item\":\"https:\\\/\\\/thevegehome.com\\\/fr\\\/\"},{\"@type\":\"ListItem\",\"position\":2,\"name\":\"Boutique\",\"item\":\"https:\\\/\\\/thevegehome.com\\\/fr\\\/boutique\\\/\"},{\"@type\":\"ListItem\",\"position\":3,\"name\":\"Tomate Sweet N Neat &#8211; Jaune\"}]},{\"@type\":\"WebSite\",\"@id\":\"https:\\\/\\\/thevegehome.com\\\/fr\\\/#website\",\"url\":\"https:\\\/\\\/thevegehome.com\\\/fr\\\/\",\"name\":\"Vegehome\",\"description\":\"Vegehome\",\"potentialAction\":[{\"@type\":\"SearchAction\",\"target\":{\"@type\":\"EntryPoint\",\"urlTemplate\":\"https:\\\/\\\/thevegehome.com\\\/fr\\\/?s={search_term_string}\"},\"query-input\":{\"@type\":\"PropertyValueSpecification\",\"valueRequired\":true,\"valueName\":\"search_term_string\"}}],\"inLanguage\":\"fr-FR\"}]}<\/script>\n<!-- \/ Yoast SEO plugin. -->","yoast_head_json":{"title":"Tomate Sweet N Neat - Jaune - Vegehome","robots":{"index":"index","follow":"follow","max-snippet":"max-snippet:-1","max-image-preview":"max-image-preview:large","max-video-preview":"max-video-preview:-1"},"canonical":"https:\/\/thevegehome.com\/fr\/product\/tomate-sweet-n-neat-jaune\/","og_locale":"fr_FR","og_type":"article","og_title":"Tomate Sweet N Neat - Jaune - Vegehome","og_description":"Les tomates Sweet N Neat sont sp\u00e9cialement cultiv\u00e9es pour leur grosseur et leur go\u00fbt sucr\u00e9.","og_url":"https:\/\/thevegehome.com\/fr\/product\/tomate-sweet-n-neat-jaune\/","og_site_name":"Vegehome","article_modified_time":"2026-04-02T03:23:46+00:00","og_image":[{"width":2560,"height":1707,"url":"https:\/\/thevegehome.com\/wp-content\/uploads\/2022\/03\/AdobeStock_107515546-scaled.jpeg","type":"image\/jpeg"}],"schema":{"@context":"https:\/\/schema.org","@graph":[{"@type":"WebPage","@id":"https:\/\/thevegehome.com\/fr\/product\/tomate-sweet-n-neat-jaune\/","url":"https:\/\/thevegehome.com\/fr\/product\/tomate-sweet-n-neat-jaune\/","name":"Tomate Sweet N Neat - Jaune - Vegehome","isPartOf":{"@id":"https:\/\/thevegehome.com\/fr\/#website"},"primaryImageOfPage":{"@id":"https:\/\/thevegehome.com\/fr\/product\/tomate-sweet-n-neat-jaune\/#primaryimage"},"image":{"@id":"https:\/\/thevegehome.com\/fr\/product\/tomate-sweet-n-neat-jaune\/#primaryimage"},"thumbnailUrl":"https:\/\/thevegehome.com\/wp-content\/uploads\/2022\/03\/AdobeStock_107515546-scaled.jpeg","datePublished":"2022-03-31T14:05:32+00:00","dateModified":"2026-04-02T03:23:46+00:00","breadcrumb":{"@id":"https:\/\/thevegehome.com\/fr\/product\/tomate-sweet-n-neat-jaune\/#breadcrumb"},"inLanguage":"fr-FR","potentialAction":[{"@type":"ReadAction","target":["https:\/\/thevegehome.com\/fr\/product\/tomate-sweet-n-neat-jaune\/"]}]},{"@type":"ImageObject","inLanguage":"fr-FR","@id":"https:\/\/thevegehome.com\/fr\/product\/tomate-sweet-n-neat-jaune\/#primaryimage","url":"https:\/\/thevegehome.com\/wp-content\/uploads\/2022\/03\/AdobeStock_107515546-scaled.jpeg","contentUrl":"https:\/\/thevegehome.com\/wp-content\/uploads\/2022\/03\/AdobeStock_107515546-scaled.jpeg","width":2560,"height":1707,"caption":"yellow cherry tomatoes twig, isolated on white"},{"@type":"BreadcrumbList","@id":"https:\/\/thevegehome.com\/fr\/product\/tomate-sweet-n-neat-jaune\/#breadcrumb","itemListElement":[{"@type":"ListItem","position":1,"name":"Home","item":"https:\/\/thevegehome.com\/fr\/"},{"@type":"ListItem","position":2,"name":"Boutique","item":"https:\/\/thevegehome.com\/fr\/boutique\/"},{"@type":"ListItem","position":3,"name":"Tomate Sweet N Neat &#8211; Jaune"}]},{"@type":"WebSite","@id":"https:\/\/thevegehome.com\/fr\/#website","url":"https:\/\/thevegehome.com\/fr\/","name":"Vegehome","description":"Vegehome","potentialAction":[{"@type":"SearchAction","target":{"@type":"EntryPoint","urlTemplate":"https:\/\/thevegehome.com\/fr\/?s={search_term_string}"},"query-input":{"@type":"PropertyValueSpecification","valueRequired":true,"valueName":"search_term_string"}}],"inLanguage":"fr-FR"}]}},"_links":{"self":[{"href":"https:\/\/thevegehome.com\/fr\/wp-json\/wp\/v2\/product\/23797","targetHints":{"allow":["GET"]}}],"collection":[{"href":"https:\/\/thevegehome.com\/fr\/wp-json\/wp\/v2\/product"}],"about":[{"href":"https:\/\/thevegehome.com\/fr\/wp-json\/wp\/v2\/types\/product"}],"replies":[{"embeddable":true,"href":"https:\/\/thevegehome.com\/fr\/wp-json\/wp\/v2\/comments?post=23797"}],"wp:featuredmedia":[{"embeddable":true,"href":"https:\/\/thevegehome.com\/fr\/wp-json\/wp\/v2\/media\/23840"}],"wp:attachment":[{"href":"https:\/\/thevegehome.com\/fr\/wp-json\/wp\/v2\/media?parent=23797"}],"wp:term":[{"taxonomy":"product_brand","embeddable":true,"href":"https:\/\/thevegehome.com\/fr\/wp-json\/wp\/v2\/product_brand?post=23797"},{"taxonomy":"product_cat","embeddable":true,"href":"https:\/\/thevegehome.com\/fr\/wp-json\/wp\/v2\/product_cat?post=23797"},{"taxonomy":"product_tag","embeddable":true,"href":"https:\/\/thevegehome.com\/fr\/wp-json\/wp\/v2\/product_tag?post=23797"}],"curies":[{"name":"wp","href":"https:\/\/api.w.org\/{rel}","templated":true}]}}