{"id":1873,"date":"2020-07-02T13:50:56","date_gmt":"2020-07-02T17:50:56","guid":{"rendered":"https:\/\/thevegehome.com\/product\/the-oasis\/"},"modified":"2026-01-23T07:18:44","modified_gmt":"2026-01-23T12:18:44","slug":"the-oasis","status":"publish","type":"product","link":"https:\/\/thevegehome.com\/fr\/product\/the-oasis\/","title":{"rendered":"L\u2019Oasis"},"content":{"rendered":"","protected":false},"excerpt":{"rendered":"<ul>\n<li><span style=\"font-weight: 400;color: #000000\"> Trousse de d\u00e9marrage Oasis <strong>gratuite<\/strong> comprenant <strong>8 capsules de semences et une formule de nutriments <\/strong><\/span><\/li>\n<li><span style=\"color: #000000\">Exp\u00e9dition en <strong>48 heures<\/strong><\/span><\/li>\n<li><span style=\"color: #000000\">Cultivez votre jardin <strong>toute l\u2019ann\u00e9e<\/strong> \u2013 les capsules de semences restent fra\u00eeches pendant 6 mois!<\/span><\/li>\n<li><span style=\"color: #000000\">Croissance 50% plus rapide qu\u2019une plante en terre!<\/span><\/li>\n<\/ul>\n","protected":false},"featured_media":6404,"comment_status":"open","ping_status":"closed","template":"","meta":{"_acf_changed":false},"product_brand":[],"product_cat":[30],"product_tag":[],"class_list":{"0":"post-1873","1":"product","2":"type-product","3":"status-publish","4":"has-post-thumbnail","6":"product_cat-the-gardens-fr","8":"first","9":"outofstock","10":"sale","11":"taxable","12":"shipping-taxable","13":"purchasable","14":"product-type-simple"},"bundled_by":[],"bundle_stock_status":"outofstock","bundle_stock_quantity":0,"bundle_virtual":false,"bundle_layout":"","bundle_add_to_cart_form_location":"","bundle_editable_in_cart":false,"bundle_sold_individually_context":"","bundle_item_grouping":"","bundle_min_size":"","bundle_max_size":"","bundle_price":[],"bundled_items":[],"bundle_sell_ids":[],"acf":[],"yoast_head":"<!-- This site is optimized with the Yoast SEO plugin v27.3 - https:\/\/yoast.com\/product\/yoast-seo-wordpress\/ -->\n<title>L\u2019Oasis - le jardin d\u2019int\u00e9rieur - Vegehome<\/title>\n<meta name=\"description\" content=\"\u00c9largissez vos horizons avec un assortiment quasiment infini de fruits et de l\u00e9gumes frais, biologiques et exotiques avec l\u2019Oasis!\" \/>\n<meta name=\"robots\" content=\"index, follow, max-snippet:-1, max-image-preview:large, max-video-preview:-1\" \/>\n<link rel=\"canonical\" href=\"https:\/\/thevegehome.com\/fr\/product\/the-oasis\/\" \/>\n<meta property=\"og:locale\" content=\"fr_FR\" \/>\n<meta property=\"og:type\" content=\"article\" \/>\n<meta property=\"og:title\" content=\"L\u2019Oasis - le jardin d\u2019int\u00e9rieur - Vegehome\" \/>\n<meta property=\"og:description\" content=\"\u00c9largissez vos horizons avec un assortiment quasiment infini de fruits et de l\u00e9gumes frais, biologiques et exotiques avec l\u2019Oasis!\" \/>\n<meta property=\"og:url\" content=\"https:\/\/thevegehome.com\/fr\/product\/the-oasis\/\" \/>\n<meta property=\"og:site_name\" content=\"Vegehome\" \/>\n<meta property=\"article:modified_time\" content=\"2026-01-23T12:18:44+00:00\" \/>\n<meta property=\"og:image\" content=\"https:\/\/thevegehome.com\/wp-content\/uploads\/2020\/07\/Oasis-Product.png\" \/>\n\t<meta property=\"og:image:width\" content=\"617\" \/>\n\t<meta property=\"og:image:height\" content=\"363\" \/>\n\t<meta property=\"og:image:type\" content=\"image\/png\" \/>\n<script type=\"application\/ld+json\" class=\"yoast-schema-graph\">{\"@context\":\"https:\\\/\\\/schema.org\",\"@graph\":[{\"@type\":\"WebPage\",\"@id\":\"https:\\\/\\\/thevegehome.com\\\/fr\\\/product\\\/the-oasis\\\/\",\"url\":\"https:\\\/\\\/thevegehome.com\\\/fr\\\/product\\\/the-oasis\\\/\",\"name\":\"L\u2019Oasis - le jardin d\u2019int\u00e9rieur - Vegehome\",\"isPartOf\":{\"@id\":\"https:\\\/\\\/thevegehome.com\\\/fr\\\/#website\"},\"primaryImageOfPage\":{\"@id\":\"https:\\\/\\\/thevegehome.com\\\/fr\\\/product\\\/the-oasis\\\/#primaryimage\"},\"image\":{\"@id\":\"https:\\\/\\\/thevegehome.com\\\/fr\\\/product\\\/the-oasis\\\/#primaryimage\"},\"thumbnailUrl\":\"https:\\\/\\\/thevegehome.com\\\/wp-content\\\/uploads\\\/2020\\\/07\\\/Oasis-Product.png\",\"datePublished\":\"2020-07-02T17:50:56+00:00\",\"dateModified\":\"2026-01-23T12:18:44+00:00\",\"description\":\"\u00c9largissez vos horizons avec un assortiment quasiment infini de fruits et de l\u00e9gumes frais, biologiques et exotiques avec l\u2019Oasis!\",\"breadcrumb\":{\"@id\":\"https:\\\/\\\/thevegehome.com\\\/fr\\\/product\\\/the-oasis\\\/#breadcrumb\"},\"inLanguage\":\"fr-FR\",\"potentialAction\":[{\"@type\":\"ReadAction\",\"target\":[\"https:\\\/\\\/thevegehome.com\\\/fr\\\/product\\\/the-oasis\\\/\"]}]},{\"@type\":\"ImageObject\",\"inLanguage\":\"fr-FR\",\"@id\":\"https:\\\/\\\/thevegehome.com\\\/fr\\\/product\\\/the-oasis\\\/#primaryimage\",\"url\":\"https:\\\/\\\/thevegehome.com\\\/wp-content\\\/uploads\\\/2020\\\/07\\\/Oasis-Product.png\",\"contentUrl\":\"https:\\\/\\\/thevegehome.com\\\/wp-content\\\/uploads\\\/2020\\\/07\\\/Oasis-Product.png\",\"width\":617,\"height\":363},{\"@type\":\"BreadcrumbList\",\"@id\":\"https:\\\/\\\/thevegehome.com\\\/fr\\\/product\\\/the-oasis\\\/#breadcrumb\",\"itemListElement\":[{\"@type\":\"ListItem\",\"position\":1,\"name\":\"Home\",\"item\":\"https:\\\/\\\/thevegehome.com\\\/fr\\\/\"},{\"@type\":\"ListItem\",\"position\":2,\"name\":\"Boutique\",\"item\":\"https:\\\/\\\/thevegehome.com\\\/fr\\\/boutique\\\/\"},{\"@type\":\"ListItem\",\"position\":3,\"name\":\"L\u2019Oasis\"}]},{\"@type\":\"WebSite\",\"@id\":\"https:\\\/\\\/thevegehome.com\\\/fr\\\/#website\",\"url\":\"https:\\\/\\\/thevegehome.com\\\/fr\\\/\",\"name\":\"Vegehome\",\"description\":\"Vegehome\",\"potentialAction\":[{\"@type\":\"SearchAction\",\"target\":{\"@type\":\"EntryPoint\",\"urlTemplate\":\"https:\\\/\\\/thevegehome.com\\\/fr\\\/?s={search_term_string}\"},\"query-input\":{\"@type\":\"PropertyValueSpecification\",\"valueRequired\":true,\"valueName\":\"search_term_string\"}}],\"inLanguage\":\"fr-FR\"}]}<\/script>\n<!-- \/ Yoast SEO plugin. -->","yoast_head_json":{"title":"L\u2019Oasis - le jardin d\u2019int\u00e9rieur - Vegehome","description":"\u00c9largissez vos horizons avec un assortiment quasiment infini de fruits et de l\u00e9gumes frais, biologiques et exotiques avec l\u2019Oasis!","robots":{"index":"index","follow":"follow","max-snippet":"max-snippet:-1","max-image-preview":"max-image-preview:large","max-video-preview":"max-video-preview:-1"},"canonical":"https:\/\/thevegehome.com\/fr\/product\/the-oasis\/","og_locale":"fr_FR","og_type":"article","og_title":"L\u2019Oasis - le jardin d\u2019int\u00e9rieur - Vegehome","og_description":"\u00c9largissez vos horizons avec un assortiment quasiment infini de fruits et de l\u00e9gumes frais, biologiques et exotiques avec l\u2019Oasis!","og_url":"https:\/\/thevegehome.com\/fr\/product\/the-oasis\/","og_site_name":"Vegehome","article_modified_time":"2026-01-23T12:18:44+00:00","og_image":[{"width":617,"height":363,"url":"https:\/\/thevegehome.com\/wp-content\/uploads\/2020\/07\/Oasis-Product.png","type":"image\/png"}],"schema":{"@context":"https:\/\/schema.org","@graph":[{"@type":"WebPage","@id":"https:\/\/thevegehome.com\/fr\/product\/the-oasis\/","url":"https:\/\/thevegehome.com\/fr\/product\/the-oasis\/","name":"L\u2019Oasis - le jardin d\u2019int\u00e9rieur - Vegehome","isPartOf":{"@id":"https:\/\/thevegehome.com\/fr\/#website"},"primaryImageOfPage":{"@id":"https:\/\/thevegehome.com\/fr\/product\/the-oasis\/#primaryimage"},"image":{"@id":"https:\/\/thevegehome.com\/fr\/product\/the-oasis\/#primaryimage"},"thumbnailUrl":"https:\/\/thevegehome.com\/wp-content\/uploads\/2020\/07\/Oasis-Product.png","datePublished":"2020-07-02T17:50:56+00:00","dateModified":"2026-01-23T12:18:44+00:00","description":"\u00c9largissez vos horizons avec un assortiment quasiment infini de fruits et de l\u00e9gumes frais, biologiques et exotiques avec l\u2019Oasis!","breadcrumb":{"@id":"https:\/\/thevegehome.com\/fr\/product\/the-oasis\/#breadcrumb"},"inLanguage":"fr-FR","potentialAction":[{"@type":"ReadAction","target":["https:\/\/thevegehome.com\/fr\/product\/the-oasis\/"]}]},{"@type":"ImageObject","inLanguage":"fr-FR","@id":"https:\/\/thevegehome.com\/fr\/product\/the-oasis\/#primaryimage","url":"https:\/\/thevegehome.com\/wp-content\/uploads\/2020\/07\/Oasis-Product.png","contentUrl":"https:\/\/thevegehome.com\/wp-content\/uploads\/2020\/07\/Oasis-Product.png","width":617,"height":363},{"@type":"BreadcrumbList","@id":"https:\/\/thevegehome.com\/fr\/product\/the-oasis\/#breadcrumb","itemListElement":[{"@type":"ListItem","position":1,"name":"Home","item":"https:\/\/thevegehome.com\/fr\/"},{"@type":"ListItem","position":2,"name":"Boutique","item":"https:\/\/thevegehome.com\/fr\/boutique\/"},{"@type":"ListItem","position":3,"name":"L\u2019Oasis"}]},{"@type":"WebSite","@id":"https:\/\/thevegehome.com\/fr\/#website","url":"https:\/\/thevegehome.com\/fr\/","name":"Vegehome","description":"Vegehome","potentialAction":[{"@type":"SearchAction","target":{"@type":"EntryPoint","urlTemplate":"https:\/\/thevegehome.com\/fr\/?s={search_term_string}"},"query-input":{"@type":"PropertyValueSpecification","valueRequired":true,"valueName":"search_term_string"}}],"inLanguage":"fr-FR"}]}},"_links":{"self":[{"href":"https:\/\/thevegehome.com\/fr\/wp-json\/wp\/v2\/product\/1873","targetHints":{"allow":["GET"]}}],"collection":[{"href":"https:\/\/thevegehome.com\/fr\/wp-json\/wp\/v2\/product"}],"about":[{"href":"https:\/\/thevegehome.com\/fr\/wp-json\/wp\/v2\/types\/product"}],"replies":[{"embeddable":true,"href":"https:\/\/thevegehome.com\/fr\/wp-json\/wp\/v2\/comments?post=1873"}],"wp:featuredmedia":[{"embeddable":true,"href":"https:\/\/thevegehome.com\/fr\/wp-json\/wp\/v2\/media\/6404"}],"wp:attachment":[{"href":"https:\/\/thevegehome.com\/fr\/wp-json\/wp\/v2\/media?parent=1873"}],"wp:term":[{"taxonomy":"product_brand","embeddable":true,"href":"https:\/\/thevegehome.com\/fr\/wp-json\/wp\/v2\/product_brand?post=1873"},{"taxonomy":"product_cat","embeddable":true,"href":"https:\/\/thevegehome.com\/fr\/wp-json\/wp\/v2\/product_cat?post=1873"},{"taxonomy":"product_tag","embeddable":true,"href":"https:\/\/thevegehome.com\/fr\/wp-json\/wp\/v2\/product_tag?post=1873"}],"curies":[{"name":"wp","href":"https:\/\/api.w.org\/{rel}","templated":true}]}}