{"id":80911,"date":"2021-02-08T22:02:59","date_gmt":"2021-02-09T03:02:59","guid":{"rendered":"https:\/\/thevegehome.com\/shipping-policy\/"},"modified":"2024-04-12T15:01:06","modified_gmt":"2024-04-12T19:01:06","slug":"shipping-policy","status":"publish","type":"page","link":"https:\/\/thevegehome.com\/fr\/shipping-policy\/","title":{"rendered":"Politique d&rsquo;exp\u00e9dition"},"content":{"rendered":"<p><b>Politique d&rsquo;exp\u00e9dition<\/b><\/p>\n<p><span style=\"font-weight: 400;\">Toutes les commandes sont trait\u00e9es dans un d\u00e9lai de 48 heures (hors week-end et jours f\u00e9ri\u00e9s) apr\u00e8s r\u00e9ception de votre email de confirmation de commande. Vous recevrez une autre notification lorsque votre commande sera exp\u00e9di\u00e9e.\u00a0<\/span><\/p>\n<p>&nbsp;<\/p>\n<p><b>Tarifs et estimations d&rsquo;exp\u00e9dition<\/b><\/p>\n<p>Les frais d&rsquo;exp\u00e9dition au Canada sont bas\u00e9s sur le poids total de la commande et seront calcul\u00e9s et affich\u00e9s au moment du paiement.<br \/>\nLes commandes arrivent g\u00e9n\u00e9ralement sous 3 \u00e0 5 jours ouvrables.<\/p>\n<p><strong>(*)<\/strong> Livraison gratuite excluant les zones rurales et r\u00e9gions \u00e9loign\u00e9es. Vous serez avertis du montant avant de finaliser votre commande.<\/p>\n<p>&nbsp;<\/p>\n<p><b>Comment puis-je v\u00e9rifier l&rsquo;\u00e9tat de ma commande?<\/b><\/p>\n<p>Une fois votre commande exp\u00e9di\u00e9e, vous recevrez une notification par e-mail de notre part qui comprendra un num\u00e9ro de suivi que vous pourrez utiliser pour v\u00e9rifier son statut. Veuillez pr\u00e9voir 48 heures pour que les informations de suivi soient disponibles.<\/p>\n<p>Si vous n&rsquo;avez pas re\u00e7u votre commande dans les 7 jours suivant la r\u00e9ception de votre e-mail de confirmation d&rsquo;exp\u00e9dition, veuillez nous contacter \u00e0 <a href=\"mailto:service@thevegehome.com\">service@thevegehome.com<\/a> avec votre nom et votre num\u00e9ro de commande, et nous examinerons la situation pour vous.<\/p>\n<p>&nbsp;<\/p>\n<p><b>Retours et \u00e9changes<\/b><\/p>\n<p>Si vous souhaitez retourner votre achat, nous sommes l\u00e0 pour vous aider ! Nous offrons des retours gratuits dans les 30 jours suivant l&rsquo;achat. Nous n&rsquo;offrons pas de remboursement sur les frais d&rsquo;exp\u00e9dition.<\/p>\n<p>Le produit doit \u00eatre correctement d\u00e9mont\u00e9, envoy\u00e9 dans son emballage d&rsquo;origine et dans le m\u00eame \u00e9tat dans lequel il a \u00e9t\u00e9 re\u00e7u pour pouvoir b\u00e9n\u00e9ficier d&rsquo;un retour. Veuillez consulter notre guide de d\u00e9montage Oasis &amp; Jardin pour plus d&rsquo;instructions.<\/p>\n<p>Si 30 jours se sont \u00e9coul\u00e9s depuis votre achat, nous ne pouvons malheureusement pas vous offrir de remboursement.<\/p>\n<p>Nous rempla\u00e7ons uniquement les articles s&rsquo;ils sont d\u00e9fectueux ou endommag\u00e9s. Si vous devez l&rsquo;\u00e9changer contre le m\u00eame article, envoyez-nous un email \u00e0 service@thevegehome.com<\/p>\n<p>Notre politique de retour peut \u00eatre trouv\u00e9e <a href=\"https:\/\/thevegehome.com\/fr\/retours\/\">ici<\/a>.<\/p>\n","protected":false},"excerpt":{"rendered":"<p>Politique d&rsquo;exp\u00e9dition Toutes les commandes sont trait\u00e9es dans un d\u00e9lai de 48 heures (hors week-end et jours f\u00e9ri\u00e9s) apr\u00e8s r\u00e9ception de votre email de confirmation de commande. Vous recevrez une autre notification lorsque votre commande sera exp\u00e9di\u00e9e.\u00a0 &nbsp; Tarifs et estimations d&rsquo;exp\u00e9dition Les frais d&rsquo;exp\u00e9dition au Canada sont bas\u00e9s sur le poids total de la [&hellip;]<\/p>\n","protected":false},"author":1,"featured_media":0,"parent":0,"menu_order":0,"comment_status":"closed","ping_status":"closed","template":"","meta":{"_acf_changed":false,"footnotes":""},"class_list":["post-80911","page","type-page","status-publish","hentry"],"acf":[],"yoast_head":"<!-- This site is optimized with the Yoast SEO plugin v27.3 - https:\/\/yoast.com\/product\/yoast-seo-wordpress\/ -->\n<title>Politique d&#039;exp\u00e9dition - Vegehome<\/title>\n<meta name=\"robots\" content=\"index, follow, max-snippet:-1, max-image-preview:large, max-video-preview:-1\" \/>\n<link rel=\"canonical\" href=\"https:\/\/thevegehome.com\/fr\/shipping-policy\/\" \/>\n<meta property=\"og:locale\" content=\"fr_FR\" \/>\n<meta property=\"og:type\" content=\"article\" \/>\n<meta property=\"og:title\" content=\"Politique d&#039;exp\u00e9dition - Vegehome\" \/>\n<meta property=\"og:description\" content=\"Politique d&rsquo;exp\u00e9dition Toutes les commandes sont trait\u00e9es dans un d\u00e9lai de 48 heures (hors week-end et jours f\u00e9ri\u00e9s) apr\u00e8s r\u00e9ception de votre email de confirmation de commande. Vous recevrez une autre notification lorsque votre commande sera exp\u00e9di\u00e9e.\u00a0 &nbsp; Tarifs et estimations d&rsquo;exp\u00e9dition Les frais d&rsquo;exp\u00e9dition au Canada sont bas\u00e9s sur le poids total de la [&hellip;]\" \/>\n<meta property=\"og:url\" content=\"https:\/\/thevegehome.com\/fr\/shipping-policy\/\" \/>\n<meta property=\"og:site_name\" content=\"Vegehome\" \/>\n<meta property=\"article:modified_time\" content=\"2024-04-12T19:01:06+00:00\" \/>\n<script type=\"application\/ld+json\" class=\"yoast-schema-graph\">{\"@context\":\"https:\\\/\\\/schema.org\",\"@graph\":[{\"@type\":\"WebPage\",\"@id\":\"https:\\\/\\\/thevegehome.com\\\/fr\\\/shipping-policy\\\/\",\"url\":\"https:\\\/\\\/thevegehome.com\\\/fr\\\/shipping-policy\\\/\",\"name\":\"Politique d'exp\u00e9dition - Vegehome\",\"isPartOf\":{\"@id\":\"https:\\\/\\\/thevegehome.com\\\/fr\\\/#website\"},\"datePublished\":\"2021-02-09T03:02:59+00:00\",\"dateModified\":\"2024-04-12T19:01:06+00:00\",\"breadcrumb\":{\"@id\":\"https:\\\/\\\/thevegehome.com\\\/fr\\\/shipping-policy\\\/#breadcrumb\"},\"inLanguage\":\"fr-FR\",\"potentialAction\":[{\"@type\":\"ReadAction\",\"target\":[\"https:\\\/\\\/thevegehome.com\\\/fr\\\/shipping-policy\\\/\"]}]},{\"@type\":\"BreadcrumbList\",\"@id\":\"https:\\\/\\\/thevegehome.com\\\/fr\\\/shipping-policy\\\/#breadcrumb\",\"itemListElement\":[{\"@type\":\"ListItem\",\"position\":1,\"name\":\"Home\",\"item\":\"https:\\\/\\\/thevegehome.com\\\/fr\\\/\"},{\"@type\":\"ListItem\",\"position\":2,\"name\":\"Politique d&#8217;exp\u00e9dition\"}]},{\"@type\":\"WebSite\",\"@id\":\"https:\\\/\\\/thevegehome.com\\\/fr\\\/#website\",\"url\":\"https:\\\/\\\/thevegehome.com\\\/fr\\\/\",\"name\":\"Vegehome\",\"description\":\"Vegehome\",\"potentialAction\":[{\"@type\":\"SearchAction\",\"target\":{\"@type\":\"EntryPoint\",\"urlTemplate\":\"https:\\\/\\\/thevegehome.com\\\/fr\\\/?s={search_term_string}\"},\"query-input\":{\"@type\":\"PropertyValueSpecification\",\"valueRequired\":true,\"valueName\":\"search_term_string\"}}],\"inLanguage\":\"fr-FR\"}]}<\/script>\n<!-- \/ Yoast SEO plugin. -->","yoast_head_json":{"title":"Politique d'exp\u00e9dition - Vegehome","robots":{"index":"index","follow":"follow","max-snippet":"max-snippet:-1","max-image-preview":"max-image-preview:large","max-video-preview":"max-video-preview:-1"},"canonical":"https:\/\/thevegehome.com\/fr\/shipping-policy\/","og_locale":"fr_FR","og_type":"article","og_title":"Politique d'exp\u00e9dition - Vegehome","og_description":"Politique d&rsquo;exp\u00e9dition Toutes les commandes sont trait\u00e9es dans un d\u00e9lai de 48 heures (hors week-end et jours f\u00e9ri\u00e9s) apr\u00e8s r\u00e9ception de votre email de confirmation de commande. Vous recevrez une autre notification lorsque votre commande sera exp\u00e9di\u00e9e.\u00a0 &nbsp; Tarifs et estimations d&rsquo;exp\u00e9dition Les frais d&rsquo;exp\u00e9dition au Canada sont bas\u00e9s sur le poids total de la [&hellip;]","og_url":"https:\/\/thevegehome.com\/fr\/shipping-policy\/","og_site_name":"Vegehome","article_modified_time":"2024-04-12T19:01:06+00:00","schema":{"@context":"https:\/\/schema.org","@graph":[{"@type":"WebPage","@id":"https:\/\/thevegehome.com\/fr\/shipping-policy\/","url":"https:\/\/thevegehome.com\/fr\/shipping-policy\/","name":"Politique d'exp\u00e9dition - Vegehome","isPartOf":{"@id":"https:\/\/thevegehome.com\/fr\/#website"},"datePublished":"2021-02-09T03:02:59+00:00","dateModified":"2024-04-12T19:01:06+00:00","breadcrumb":{"@id":"https:\/\/thevegehome.com\/fr\/shipping-policy\/#breadcrumb"},"inLanguage":"fr-FR","potentialAction":[{"@type":"ReadAction","target":["https:\/\/thevegehome.com\/fr\/shipping-policy\/"]}]},{"@type":"BreadcrumbList","@id":"https:\/\/thevegehome.com\/fr\/shipping-policy\/#breadcrumb","itemListElement":[{"@type":"ListItem","position":1,"name":"Home","item":"https:\/\/thevegehome.com\/fr\/"},{"@type":"ListItem","position":2,"name":"Politique d&#8217;exp\u00e9dition"}]},{"@type":"WebSite","@id":"https:\/\/thevegehome.com\/fr\/#website","url":"https:\/\/thevegehome.com\/fr\/","name":"Vegehome","description":"Vegehome","potentialAction":[{"@type":"SearchAction","target":{"@type":"EntryPoint","urlTemplate":"https:\/\/thevegehome.com\/fr\/?s={search_term_string}"},"query-input":{"@type":"PropertyValueSpecification","valueRequired":true,"valueName":"search_term_string"}}],"inLanguage":"fr-FR"}]}},"_links":{"self":[{"href":"https:\/\/thevegehome.com\/fr\/wp-json\/wp\/v2\/pages\/80911","targetHints":{"allow":["GET"]}}],"collection":[{"href":"https:\/\/thevegehome.com\/fr\/wp-json\/wp\/v2\/pages"}],"about":[{"href":"https:\/\/thevegehome.com\/fr\/wp-json\/wp\/v2\/types\/page"}],"author":[{"embeddable":true,"href":"https:\/\/thevegehome.com\/fr\/wp-json\/wp\/v2\/users\/1"}],"replies":[{"embeddable":true,"href":"https:\/\/thevegehome.com\/fr\/wp-json\/wp\/v2\/comments?post=80911"}],"version-history":[{"count":4,"href":"https:\/\/thevegehome.com\/fr\/wp-json\/wp\/v2\/pages\/80911\/revisions"}],"predecessor-version":[{"id":80918,"href":"https:\/\/thevegehome.com\/fr\/wp-json\/wp\/v2\/pages\/80911\/revisions\/80918"}],"wp:attachment":[{"href":"https:\/\/thevegehome.com\/fr\/wp-json\/wp\/v2\/media?parent=80911"}],"curies":[{"name":"wp","href":"https:\/\/api.w.org\/{rel}","templated":true}]}}