{"id":1982,"date":"2020-10-29T17:04:31","date_gmt":"2020-10-29T21:04:31","guid":{"rendered":"https:\/\/thevegehome.com\/spicy-bush-basil\/"},"modified":"2024-08-02T15:20:34","modified_gmt":"2024-08-02T19:20:34","slug":"spicy-bush-basil","status":"publish","type":"page","link":"https:\/\/thevegehome.com\/fr\/basilic-a-petites-feuilles\/","title":{"rendered":"Basilic \u00e0 petites feuilles"},"content":{"rendered":"<p>&nbsp;<\/p>\n<p>&nbsp;<\/p>\n","protected":false},"excerpt":{"rendered":"<p>&nbsp; &nbsp;<\/p>\n","protected":false},"author":1,"featured_media":0,"parent":0,"menu_order":0,"comment_status":"closed","ping_status":"closed","template":"template-pods-details.php","meta":{"_acf_changed":false,"footnotes":""},"class_list":["post-1982","page","type-page","status-publish","hentry"],"acf":[],"yoast_head":"<!-- This site is optimized with the Yoast SEO plugin v27.3 - https:\/\/yoast.com\/product\/yoast-seo-wordpress\/ -->\n<title>Basilic \u00e0 petites feuilles - Vegehome Capsuels<\/title>\n<meta name=\"description\" content=\"Le basilic \u00e0 petites feuilles est reconnu pour sa saveur \u00e9clatante! Compact et buissonnant avec de petites feuilles, le basilic \u00e0 petites feuilles est meilleur lorsqu\u2019il est consomm\u00e9 frais pour ne pas manquer sa saveur plus grande que nature. Notre basilic coup de c\u0153ur!\" \/>\n<meta name=\"robots\" content=\"index, follow, max-snippet:-1, max-image-preview:large, max-video-preview:-1\" \/>\n<link rel=\"canonical\" href=\"https:\/\/thevegehome.com\/fr\/basilic-a-petites-feuilles\/\" \/>\n<meta property=\"og:locale\" content=\"fr_FR\" \/>\n<meta property=\"og:type\" content=\"article\" \/>\n<meta property=\"og:title\" content=\"Basilic \u00e0 petites feuilles - Vegehome Capsuels\" \/>\n<meta property=\"og:description\" content=\"Le basilic \u00e0 petites feuilles est reconnu pour sa saveur \u00e9clatante! Compact et buissonnant avec de petites feuilles, le basilic \u00e0 petites feuilles est meilleur lorsqu\u2019il est consomm\u00e9 frais pour ne pas manquer sa saveur plus grande que nature. Notre basilic coup de c\u0153ur!\" \/>\n<meta property=\"og:url\" content=\"https:\/\/thevegehome.com\/fr\/basilic-a-petites-feuilles\/\" \/>\n<meta property=\"og:site_name\" content=\"Vegehome\" \/>\n<meta property=\"article:modified_time\" content=\"2024-08-02T19:20:34+00:00\" \/>\n<script type=\"application\/ld+json\" class=\"yoast-schema-graph\">{\"@context\":\"https:\\\/\\\/schema.org\",\"@graph\":[{\"@type\":\"WebPage\",\"@id\":\"https:\\\/\\\/thevegehome.com\\\/fr\\\/basilic-a-petites-feuilles\\\/\",\"url\":\"https:\\\/\\\/thevegehome.com\\\/fr\\\/basilic-a-petites-feuilles\\\/\",\"name\":\"Basilic \u00e0 petites feuilles - Vegehome Capsuels\",\"isPartOf\":{\"@id\":\"https:\\\/\\\/thevegehome.com\\\/fr\\\/#website\"},\"datePublished\":\"2020-10-29T21:04:31+00:00\",\"dateModified\":\"2024-08-02T19:20:34+00:00\",\"description\":\"Le basilic \u00e0 petites feuilles est reconnu pour sa saveur \u00e9clatante! Compact et buissonnant avec de petites feuilles, le basilic \u00e0 petites feuilles est meilleur lorsqu\u2019il est consomm\u00e9 frais pour ne pas manquer sa saveur plus grande que nature. Notre basilic coup de c\u0153ur!\",\"breadcrumb\":{\"@id\":\"https:\\\/\\\/thevegehome.com\\\/fr\\\/basilic-a-petites-feuilles\\\/#breadcrumb\"},\"inLanguage\":\"fr-FR\",\"potentialAction\":[{\"@type\":\"ReadAction\",\"target\":[\"https:\\\/\\\/thevegehome.com\\\/fr\\\/basilic-a-petites-feuilles\\\/\"]}]},{\"@type\":\"BreadcrumbList\",\"@id\":\"https:\\\/\\\/thevegehome.com\\\/fr\\\/basilic-a-petites-feuilles\\\/#breadcrumb\",\"itemListElement\":[{\"@type\":\"ListItem\",\"position\":1,\"name\":\"Home\",\"item\":\"https:\\\/\\\/thevegehome.com\\\/fr\\\/\"},{\"@type\":\"ListItem\",\"position\":2,\"name\":\"Basilic \u00e0 petites feuilles\"}]},{\"@type\":\"WebSite\",\"@id\":\"https:\\\/\\\/thevegehome.com\\\/fr\\\/#website\",\"url\":\"https:\\\/\\\/thevegehome.com\\\/fr\\\/\",\"name\":\"Vegehome\",\"description\":\"Vegehome\",\"potentialAction\":[{\"@type\":\"SearchAction\",\"target\":{\"@type\":\"EntryPoint\",\"urlTemplate\":\"https:\\\/\\\/thevegehome.com\\\/fr\\\/?s={search_term_string}\"},\"query-input\":{\"@type\":\"PropertyValueSpecification\",\"valueRequired\":true,\"valueName\":\"search_term_string\"}}],\"inLanguage\":\"fr-FR\"}]}<\/script>\n<!-- \/ Yoast SEO plugin. -->","yoast_head_json":{"title":"Basilic \u00e0 petites feuilles - Vegehome Capsuels","description":"Le basilic \u00e0 petites feuilles est reconnu pour sa saveur \u00e9clatante! Compact et buissonnant avec de petites feuilles, le basilic \u00e0 petites feuilles est meilleur lorsqu\u2019il est consomm\u00e9 frais pour ne pas manquer sa saveur plus grande que nature. Notre basilic coup de c\u0153ur!","robots":{"index":"index","follow":"follow","max-snippet":"max-snippet:-1","max-image-preview":"max-image-preview:large","max-video-preview":"max-video-preview:-1"},"canonical":"https:\/\/thevegehome.com\/fr\/basilic-a-petites-feuilles\/","og_locale":"fr_FR","og_type":"article","og_title":"Basilic \u00e0 petites feuilles - Vegehome Capsuels","og_description":"Le basilic \u00e0 petites feuilles est reconnu pour sa saveur \u00e9clatante! Compact et buissonnant avec de petites feuilles, le basilic \u00e0 petites feuilles est meilleur lorsqu\u2019il est consomm\u00e9 frais pour ne pas manquer sa saveur plus grande que nature. Notre basilic coup de c\u0153ur!","og_url":"https:\/\/thevegehome.com\/fr\/basilic-a-petites-feuilles\/","og_site_name":"Vegehome","article_modified_time":"2024-08-02T19:20:34+00:00","schema":{"@context":"https:\/\/schema.org","@graph":[{"@type":"WebPage","@id":"https:\/\/thevegehome.com\/fr\/basilic-a-petites-feuilles\/","url":"https:\/\/thevegehome.com\/fr\/basilic-a-petites-feuilles\/","name":"Basilic \u00e0 petites feuilles - Vegehome Capsuels","isPartOf":{"@id":"https:\/\/thevegehome.com\/fr\/#website"},"datePublished":"2020-10-29T21:04:31+00:00","dateModified":"2024-08-02T19:20:34+00:00","description":"Le basilic \u00e0 petites feuilles est reconnu pour sa saveur \u00e9clatante! Compact et buissonnant avec de petites feuilles, le basilic \u00e0 petites feuilles est meilleur lorsqu\u2019il est consomm\u00e9 frais pour ne pas manquer sa saveur plus grande que nature. Notre basilic coup de c\u0153ur!","breadcrumb":{"@id":"https:\/\/thevegehome.com\/fr\/basilic-a-petites-feuilles\/#breadcrumb"},"inLanguage":"fr-FR","potentialAction":[{"@type":"ReadAction","target":["https:\/\/thevegehome.com\/fr\/basilic-a-petites-feuilles\/"]}]},{"@type":"BreadcrumbList","@id":"https:\/\/thevegehome.com\/fr\/basilic-a-petites-feuilles\/#breadcrumb","itemListElement":[{"@type":"ListItem","position":1,"name":"Home","item":"https:\/\/thevegehome.com\/fr\/"},{"@type":"ListItem","position":2,"name":"Basilic \u00e0 petites feuilles"}]},{"@type":"WebSite","@id":"https:\/\/thevegehome.com\/fr\/#website","url":"https:\/\/thevegehome.com\/fr\/","name":"Vegehome","description":"Vegehome","potentialAction":[{"@type":"SearchAction","target":{"@type":"EntryPoint","urlTemplate":"https:\/\/thevegehome.com\/fr\/?s={search_term_string}"},"query-input":{"@type":"PropertyValueSpecification","valueRequired":true,"valueName":"search_term_string"}}],"inLanguage":"fr-FR"}]}},"_links":{"self":[{"href":"https:\/\/thevegehome.com\/fr\/wp-json\/wp\/v2\/pages\/1982","targetHints":{"allow":["GET"]}}],"collection":[{"href":"https:\/\/thevegehome.com\/fr\/wp-json\/wp\/v2\/pages"}],"about":[{"href":"https:\/\/thevegehome.com\/fr\/wp-json\/wp\/v2\/types\/page"}],"author":[{"embeddable":true,"href":"https:\/\/thevegehome.com\/fr\/wp-json\/wp\/v2\/users\/1"}],"replies":[{"embeddable":true,"href":"https:\/\/thevegehome.com\/fr\/wp-json\/wp\/v2\/comments?post=1982"}],"version-history":[{"count":4,"href":"https:\/\/thevegehome.com\/fr\/wp-json\/wp\/v2\/pages\/1982\/revisions"}],"predecessor-version":[{"id":2169,"href":"https:\/\/thevegehome.com\/fr\/wp-json\/wp\/v2\/pages\/1982\/revisions\/2169"}],"wp:attachment":[{"href":"https:\/\/thevegehome.com\/fr\/wp-json\/wp\/v2\/media?parent=1982"}],"curies":[{"name":"wp","href":"https:\/\/api.w.org\/{rel}","templated":true}]}}