{"id":1964,"date":"2020-10-22T15:00:22","date_gmt":"2020-10-22T19:00:22","guid":{"rendered":"https:\/\/thevegehome.com\/pak-choy\/"},"modified":"2024-08-02T15:23:25","modified_gmt":"2024-08-02T19:23:25","slug":"pak-choy","status":"publish","type":"page","link":"https:\/\/thevegehome.com\/fr\/bok-choi\/","title":{"rendered":"Bok-cho\u00ef"},"content":{"rendered":"<p>&nbsp;<\/p>\n<p>&nbsp;<\/p>\n<p>&nbsp;<\/p>\n","protected":false},"excerpt":{"rendered":"<p>&nbsp; &nbsp; &nbsp;<\/p>\n","protected":false},"author":1,"featured_media":1540,"parent":0,"menu_order":0,"comment_status":"closed","ping_status":"closed","template":"template-pods-details.php","meta":{"_acf_changed":false,"footnotes":""},"class_list":["post-1964","page","type-page","status-publish","has-post-thumbnail","hentry"],"acf":[],"yoast_head":"<!-- This site is optimized with the Yoast SEO plugin v27.3 - https:\/\/yoast.com\/product\/yoast-seo-wordpress\/ -->\n<title>Boc-cho\u00ef - Vegehome Capsuels<\/title>\n<meta name=\"description\" content=\"Croustillant et juteux avec une saveur douce et l\u00e9g\u00e8rement poivr\u00e9e.\" \/>\n<meta name=\"robots\" content=\"index, follow, max-snippet:-1, max-image-preview:large, max-video-preview:-1\" \/>\n<link rel=\"canonical\" href=\"https:\/\/thevegehome.com\/fr\/bok-choi\/\" \/>\n<meta property=\"og:locale\" content=\"fr_FR\" \/>\n<meta property=\"og:type\" content=\"article\" \/>\n<meta property=\"og:title\" content=\"Boc-cho\u00ef - Vegehome Capsuels\" \/>\n<meta property=\"og:description\" content=\"Croustillant et juteux avec une saveur douce et l\u00e9g\u00e8rement poivr\u00e9e.\" \/>\n<meta property=\"og:url\" content=\"https:\/\/thevegehome.com\/fr\/bok-choi\/\" \/>\n<meta property=\"og:site_name\" content=\"Vegehome\" \/>\n<meta property=\"article:modified_time\" content=\"2024-08-02T19:23:25+00:00\" \/>\n<meta property=\"og:image\" content=\"https:\/\/thevegehome.com\/wp-content\/uploads\/2020\/10\/Pak-Choy-Detail.png\" \/>\n\t<meta property=\"og:image:width\" content=\"660\" \/>\n\t<meta property=\"og:image:height\" content=\"370\" \/>\n\t<meta property=\"og:image:type\" content=\"image\/png\" \/>\n<script type=\"application\/ld+json\" class=\"yoast-schema-graph\">{\"@context\":\"https:\\\/\\\/schema.org\",\"@graph\":[{\"@type\":\"WebPage\",\"@id\":\"https:\\\/\\\/thevegehome.com\\\/fr\\\/bok-choi\\\/\",\"url\":\"https:\\\/\\\/thevegehome.com\\\/fr\\\/bok-choi\\\/\",\"name\":\"Boc-cho\u00ef - Vegehome Capsuels\",\"isPartOf\":{\"@id\":\"https:\\\/\\\/thevegehome.com\\\/fr\\\/#website\"},\"primaryImageOfPage\":{\"@id\":\"https:\\\/\\\/thevegehome.com\\\/fr\\\/bok-choi\\\/#primaryimage\"},\"image\":{\"@id\":\"https:\\\/\\\/thevegehome.com\\\/fr\\\/bok-choi\\\/#primaryimage\"},\"thumbnailUrl\":\"https:\\\/\\\/thevegehome.com\\\/wp-content\\\/uploads\\\/2020\\\/10\\\/Pak-Choy-Detail.png\",\"datePublished\":\"2020-10-22T19:00:22+00:00\",\"dateModified\":\"2024-08-02T19:23:25+00:00\",\"description\":\"Croustillant et juteux avec une saveur douce et l\u00e9g\u00e8rement poivr\u00e9e.\",\"breadcrumb\":{\"@id\":\"https:\\\/\\\/thevegehome.com\\\/fr\\\/bok-choi\\\/#breadcrumb\"},\"inLanguage\":\"fr-FR\",\"potentialAction\":[{\"@type\":\"ReadAction\",\"target\":[\"https:\\\/\\\/thevegehome.com\\\/fr\\\/bok-choi\\\/\"]}]},{\"@type\":\"ImageObject\",\"inLanguage\":\"fr-FR\",\"@id\":\"https:\\\/\\\/thevegehome.com\\\/fr\\\/bok-choi\\\/#primaryimage\",\"url\":\"https:\\\/\\\/thevegehome.com\\\/wp-content\\\/uploads\\\/2020\\\/10\\\/Pak-Choy-Detail.png\",\"contentUrl\":\"https:\\\/\\\/thevegehome.com\\\/wp-content\\\/uploads\\\/2020\\\/10\\\/Pak-Choy-Detail.png\",\"width\":660,\"height\":370},{\"@type\":\"BreadcrumbList\",\"@id\":\"https:\\\/\\\/thevegehome.com\\\/fr\\\/bok-choi\\\/#breadcrumb\",\"itemListElement\":[{\"@type\":\"ListItem\",\"position\":1,\"name\":\"Home\",\"item\":\"https:\\\/\\\/thevegehome.com\\\/fr\\\/\"},{\"@type\":\"ListItem\",\"position\":2,\"name\":\"Bok-cho\u00ef\"}]},{\"@type\":\"WebSite\",\"@id\":\"https:\\\/\\\/thevegehome.com\\\/fr\\\/#website\",\"url\":\"https:\\\/\\\/thevegehome.com\\\/fr\\\/\",\"name\":\"Vegehome\",\"description\":\"Vegehome\",\"potentialAction\":[{\"@type\":\"SearchAction\",\"target\":{\"@type\":\"EntryPoint\",\"urlTemplate\":\"https:\\\/\\\/thevegehome.com\\\/fr\\\/?s={search_term_string}\"},\"query-input\":{\"@type\":\"PropertyValueSpecification\",\"valueRequired\":true,\"valueName\":\"search_term_string\"}}],\"inLanguage\":\"fr-FR\"}]}<\/script>\n<!-- \/ Yoast SEO plugin. -->","yoast_head_json":{"title":"Boc-cho\u00ef - Vegehome Capsuels","description":"Croustillant et juteux avec une saveur douce et l\u00e9g\u00e8rement poivr\u00e9e.","robots":{"index":"index","follow":"follow","max-snippet":"max-snippet:-1","max-image-preview":"max-image-preview:large","max-video-preview":"max-video-preview:-1"},"canonical":"https:\/\/thevegehome.com\/fr\/bok-choi\/","og_locale":"fr_FR","og_type":"article","og_title":"Boc-cho\u00ef - Vegehome Capsuels","og_description":"Croustillant et juteux avec une saveur douce et l\u00e9g\u00e8rement poivr\u00e9e.","og_url":"https:\/\/thevegehome.com\/fr\/bok-choi\/","og_site_name":"Vegehome","article_modified_time":"2024-08-02T19:23:25+00:00","og_image":[{"width":660,"height":370,"url":"https:\/\/thevegehome.com\/wp-content\/uploads\/2020\/10\/Pak-Choy-Detail.png","type":"image\/png"}],"schema":{"@context":"https:\/\/schema.org","@graph":[{"@type":"WebPage","@id":"https:\/\/thevegehome.com\/fr\/bok-choi\/","url":"https:\/\/thevegehome.com\/fr\/bok-choi\/","name":"Boc-cho\u00ef - Vegehome Capsuels","isPartOf":{"@id":"https:\/\/thevegehome.com\/fr\/#website"},"primaryImageOfPage":{"@id":"https:\/\/thevegehome.com\/fr\/bok-choi\/#primaryimage"},"image":{"@id":"https:\/\/thevegehome.com\/fr\/bok-choi\/#primaryimage"},"thumbnailUrl":"https:\/\/thevegehome.com\/wp-content\/uploads\/2020\/10\/Pak-Choy-Detail.png","datePublished":"2020-10-22T19:00:22+00:00","dateModified":"2024-08-02T19:23:25+00:00","description":"Croustillant et juteux avec une saveur douce et l\u00e9g\u00e8rement poivr\u00e9e.","breadcrumb":{"@id":"https:\/\/thevegehome.com\/fr\/bok-choi\/#breadcrumb"},"inLanguage":"fr-FR","potentialAction":[{"@type":"ReadAction","target":["https:\/\/thevegehome.com\/fr\/bok-choi\/"]}]},{"@type":"ImageObject","inLanguage":"fr-FR","@id":"https:\/\/thevegehome.com\/fr\/bok-choi\/#primaryimage","url":"https:\/\/thevegehome.com\/wp-content\/uploads\/2020\/10\/Pak-Choy-Detail.png","contentUrl":"https:\/\/thevegehome.com\/wp-content\/uploads\/2020\/10\/Pak-Choy-Detail.png","width":660,"height":370},{"@type":"BreadcrumbList","@id":"https:\/\/thevegehome.com\/fr\/bok-choi\/#breadcrumb","itemListElement":[{"@type":"ListItem","position":1,"name":"Home","item":"https:\/\/thevegehome.com\/fr\/"},{"@type":"ListItem","position":2,"name":"Bok-cho\u00ef"}]},{"@type":"WebSite","@id":"https:\/\/thevegehome.com\/fr\/#website","url":"https:\/\/thevegehome.com\/fr\/","name":"Vegehome","description":"Vegehome","potentialAction":[{"@type":"SearchAction","target":{"@type":"EntryPoint","urlTemplate":"https:\/\/thevegehome.com\/fr\/?s={search_term_string}"},"query-input":{"@type":"PropertyValueSpecification","valueRequired":true,"valueName":"search_term_string"}}],"inLanguage":"fr-FR"}]}},"_links":{"self":[{"href":"https:\/\/thevegehome.com\/fr\/wp-json\/wp\/v2\/pages\/1964","targetHints":{"allow":["GET"]}}],"collection":[{"href":"https:\/\/thevegehome.com\/fr\/wp-json\/wp\/v2\/pages"}],"about":[{"href":"https:\/\/thevegehome.com\/fr\/wp-json\/wp\/v2\/types\/page"}],"author":[{"embeddable":true,"href":"https:\/\/thevegehome.com\/fr\/wp-json\/wp\/v2\/users\/1"}],"replies":[{"embeddable":true,"href":"https:\/\/thevegehome.com\/fr\/wp-json\/wp\/v2\/comments?post=1964"}],"version-history":[{"count":4,"href":"https:\/\/thevegehome.com\/fr\/wp-json\/wp\/v2\/pages\/1964\/revisions"}],"predecessor-version":[{"id":2176,"href":"https:\/\/thevegehome.com\/fr\/wp-json\/wp\/v2\/pages\/1964\/revisions\/2176"}],"wp:featuredmedia":[{"embeddable":true,"href":"https:\/\/thevegehome.com\/fr\/wp-json\/wp\/v2\/media\/1540"}],"wp:attachment":[{"href":"https:\/\/thevegehome.com\/fr\/wp-json\/wp\/v2\/media?parent=1964"}],"curies":[{"name":"wp","href":"https:\/\/api.w.org\/{rel}","templated":true}]}}