{"id":1934,"date":"2020-10-22T15:43:32","date_gmt":"2020-10-22T19:43:32","guid":{"rendered":"https:\/\/thevegehome.com\/han-jiang-cabbage\/"},"modified":"2024-08-02T15:23:41","modified_gmt":"2024-08-02T19:23:41","slug":"han-jiang-cabbage","status":"publish","type":"page","link":"https:\/\/thevegehome.com\/fr\/chou-chinois-han-jiang\/","title":{"rendered":"Chou chinois Han Jiang"},"content":{"rendered":"<p>&nbsp;<\/p>\n<p>&nbsp;<\/p>\n<p>&nbsp;<\/p>\n","protected":false},"excerpt":{"rendered":"<p>&nbsp; &nbsp; &nbsp;<\/p>\n","protected":false},"author":1,"featured_media":1646,"parent":0,"menu_order":0,"comment_status":"closed","ping_status":"closed","template":"template-pods-details.php","meta":{"_acf_changed":false,"footnotes":""},"class_list":["post-1934","page","type-page","status-publish","has-post-thumbnail","hentry"],"acf":[],"yoast_head":"<!-- This site is optimized with the Yoast SEO plugin v27.3 - https:\/\/yoast.com\/product\/yoast-seo-wordpress\/ -->\n<title>Chou chinois Han Jiang - Vegehome Capsuels<\/title>\n<meta name=\"description\" content=\"Avec une saveur et une texture d\u00e9licates, le chou Han Jiang peut \u00eatre utilis\u00e9 dans les salades, les saut\u00e9s ou transform\u00e9 en kimchi! En savoir plus aujourd&#039;hui!\" \/>\n<meta name=\"robots\" content=\"index, follow, max-snippet:-1, max-image-preview:large, max-video-preview:-1\" \/>\n<link rel=\"canonical\" href=\"https:\/\/thevegehome.com\/fr\/chou-chinois-han-jiang\/\" \/>\n<meta property=\"og:locale\" content=\"fr_FR\" \/>\n<meta property=\"og:type\" content=\"article\" \/>\n<meta property=\"og:title\" content=\"Chou chinois Han Jiang - Vegehome Capsuels\" \/>\n<meta property=\"og:description\" content=\"Avec une saveur et une texture d\u00e9licates, le chou Han Jiang peut \u00eatre utilis\u00e9 dans les salades, les saut\u00e9s ou transform\u00e9 en kimchi! En savoir plus aujourd&#039;hui!\" \/>\n<meta property=\"og:url\" content=\"https:\/\/thevegehome.com\/fr\/chou-chinois-han-jiang\/\" \/>\n<meta property=\"og:site_name\" content=\"Vegehome\" \/>\n<meta property=\"article:modified_time\" content=\"2024-08-02T19:23:41+00:00\" \/>\n<meta property=\"og:image\" content=\"https:\/\/thevegehome.com\/wp-content\/uploads\/2020\/10\/Han-Jiang-Cabbage-Category@2x.png\" \/>\n\t<meta property=\"og:image:width\" content=\"618\" \/>\n\t<meta property=\"og:image:height\" content=\"380\" \/>\n\t<meta property=\"og:image:type\" content=\"image\/png\" \/>\n<script type=\"application\/ld+json\" class=\"yoast-schema-graph\">{\"@context\":\"https:\\\/\\\/schema.org\",\"@graph\":[{\"@type\":\"WebPage\",\"@id\":\"https:\\\/\\\/thevegehome.com\\\/fr\\\/chou-chinois-han-jiang\\\/\",\"url\":\"https:\\\/\\\/thevegehome.com\\\/fr\\\/chou-chinois-han-jiang\\\/\",\"name\":\"Chou chinois Han Jiang - Vegehome Capsuels\",\"isPartOf\":{\"@id\":\"https:\\\/\\\/thevegehome.com\\\/fr\\\/#website\"},\"primaryImageOfPage\":{\"@id\":\"https:\\\/\\\/thevegehome.com\\\/fr\\\/chou-chinois-han-jiang\\\/#primaryimage\"},\"image\":{\"@id\":\"https:\\\/\\\/thevegehome.com\\\/fr\\\/chou-chinois-han-jiang\\\/#primaryimage\"},\"thumbnailUrl\":\"https:\\\/\\\/thevegehome.com\\\/wp-content\\\/uploads\\\/2020\\\/10\\\/Han-Jiang-Cabbage-Category@2x.png\",\"datePublished\":\"2020-10-22T19:43:32+00:00\",\"dateModified\":\"2024-08-02T19:23:41+00:00\",\"description\":\"Avec une saveur et une texture d\u00e9licates, le chou Han Jiang peut \u00eatre utilis\u00e9 dans les salades, les saut\u00e9s ou transform\u00e9 en kimchi! En savoir plus aujourd'hui!\",\"breadcrumb\":{\"@id\":\"https:\\\/\\\/thevegehome.com\\\/fr\\\/chou-chinois-han-jiang\\\/#breadcrumb\"},\"inLanguage\":\"fr-FR\",\"potentialAction\":[{\"@type\":\"ReadAction\",\"target\":[\"https:\\\/\\\/thevegehome.com\\\/fr\\\/chou-chinois-han-jiang\\\/\"]}]},{\"@type\":\"ImageObject\",\"inLanguage\":\"fr-FR\",\"@id\":\"https:\\\/\\\/thevegehome.com\\\/fr\\\/chou-chinois-han-jiang\\\/#primaryimage\",\"url\":\"https:\\\/\\\/thevegehome.com\\\/wp-content\\\/uploads\\\/2020\\\/10\\\/Han-Jiang-Cabbage-Category@2x.png\",\"contentUrl\":\"https:\\\/\\\/thevegehome.com\\\/wp-content\\\/uploads\\\/2020\\\/10\\\/Han-Jiang-Cabbage-Category@2x.png\",\"width\":618,\"height\":380},{\"@type\":\"BreadcrumbList\",\"@id\":\"https:\\\/\\\/thevegehome.com\\\/fr\\\/chou-chinois-han-jiang\\\/#breadcrumb\",\"itemListElement\":[{\"@type\":\"ListItem\",\"position\":1,\"name\":\"Home\",\"item\":\"https:\\\/\\\/thevegehome.com\\\/fr\\\/\"},{\"@type\":\"ListItem\",\"position\":2,\"name\":\"Chou chinois Han Jiang\"}]},{\"@type\":\"WebSite\",\"@id\":\"https:\\\/\\\/thevegehome.com\\\/fr\\\/#website\",\"url\":\"https:\\\/\\\/thevegehome.com\\\/fr\\\/\",\"name\":\"Vegehome\",\"description\":\"Vegehome\",\"potentialAction\":[{\"@type\":\"SearchAction\",\"target\":{\"@type\":\"EntryPoint\",\"urlTemplate\":\"https:\\\/\\\/thevegehome.com\\\/fr\\\/?s={search_term_string}\"},\"query-input\":{\"@type\":\"PropertyValueSpecification\",\"valueRequired\":true,\"valueName\":\"search_term_string\"}}],\"inLanguage\":\"fr-FR\"}]}<\/script>\n<!-- \/ Yoast SEO plugin. -->","yoast_head_json":{"title":"Chou chinois Han Jiang - Vegehome Capsuels","description":"Avec une saveur et une texture d\u00e9licates, le chou Han Jiang peut \u00eatre utilis\u00e9 dans les salades, les saut\u00e9s ou transform\u00e9 en kimchi! En savoir plus aujourd'hui!","robots":{"index":"index","follow":"follow","max-snippet":"max-snippet:-1","max-image-preview":"max-image-preview:large","max-video-preview":"max-video-preview:-1"},"canonical":"https:\/\/thevegehome.com\/fr\/chou-chinois-han-jiang\/","og_locale":"fr_FR","og_type":"article","og_title":"Chou chinois Han Jiang - Vegehome Capsuels","og_description":"Avec une saveur et une texture d\u00e9licates, le chou Han Jiang peut \u00eatre utilis\u00e9 dans les salades, les saut\u00e9s ou transform\u00e9 en kimchi! En savoir plus aujourd'hui!","og_url":"https:\/\/thevegehome.com\/fr\/chou-chinois-han-jiang\/","og_site_name":"Vegehome","article_modified_time":"2024-08-02T19:23:41+00:00","og_image":[{"width":618,"height":380,"url":"https:\/\/thevegehome.com\/wp-content\/uploads\/2020\/10\/Han-Jiang-Cabbage-Category@2x.png","type":"image\/png"}],"schema":{"@context":"https:\/\/schema.org","@graph":[{"@type":"WebPage","@id":"https:\/\/thevegehome.com\/fr\/chou-chinois-han-jiang\/","url":"https:\/\/thevegehome.com\/fr\/chou-chinois-han-jiang\/","name":"Chou chinois Han Jiang - Vegehome Capsuels","isPartOf":{"@id":"https:\/\/thevegehome.com\/fr\/#website"},"primaryImageOfPage":{"@id":"https:\/\/thevegehome.com\/fr\/chou-chinois-han-jiang\/#primaryimage"},"image":{"@id":"https:\/\/thevegehome.com\/fr\/chou-chinois-han-jiang\/#primaryimage"},"thumbnailUrl":"https:\/\/thevegehome.com\/wp-content\/uploads\/2020\/10\/Han-Jiang-Cabbage-Category@2x.png","datePublished":"2020-10-22T19:43:32+00:00","dateModified":"2024-08-02T19:23:41+00:00","description":"Avec une saveur et une texture d\u00e9licates, le chou Han Jiang peut \u00eatre utilis\u00e9 dans les salades, les saut\u00e9s ou transform\u00e9 en kimchi! En savoir plus aujourd'hui!","breadcrumb":{"@id":"https:\/\/thevegehome.com\/fr\/chou-chinois-han-jiang\/#breadcrumb"},"inLanguage":"fr-FR","potentialAction":[{"@type":"ReadAction","target":["https:\/\/thevegehome.com\/fr\/chou-chinois-han-jiang\/"]}]},{"@type":"ImageObject","inLanguage":"fr-FR","@id":"https:\/\/thevegehome.com\/fr\/chou-chinois-han-jiang\/#primaryimage","url":"https:\/\/thevegehome.com\/wp-content\/uploads\/2020\/10\/Han-Jiang-Cabbage-Category@2x.png","contentUrl":"https:\/\/thevegehome.com\/wp-content\/uploads\/2020\/10\/Han-Jiang-Cabbage-Category@2x.png","width":618,"height":380},{"@type":"BreadcrumbList","@id":"https:\/\/thevegehome.com\/fr\/chou-chinois-han-jiang\/#breadcrumb","itemListElement":[{"@type":"ListItem","position":1,"name":"Home","item":"https:\/\/thevegehome.com\/fr\/"},{"@type":"ListItem","position":2,"name":"Chou chinois Han Jiang"}]},{"@type":"WebSite","@id":"https:\/\/thevegehome.com\/fr\/#website","url":"https:\/\/thevegehome.com\/fr\/","name":"Vegehome","description":"Vegehome","potentialAction":[{"@type":"SearchAction","target":{"@type":"EntryPoint","urlTemplate":"https:\/\/thevegehome.com\/fr\/?s={search_term_string}"},"query-input":{"@type":"PropertyValueSpecification","valueRequired":true,"valueName":"search_term_string"}}],"inLanguage":"fr-FR"}]}},"_links":{"self":[{"href":"https:\/\/thevegehome.com\/fr\/wp-json\/wp\/v2\/pages\/1934","targetHints":{"allow":["GET"]}}],"collection":[{"href":"https:\/\/thevegehome.com\/fr\/wp-json\/wp\/v2\/pages"}],"about":[{"href":"https:\/\/thevegehome.com\/fr\/wp-json\/wp\/v2\/types\/page"}],"author":[{"embeddable":true,"href":"https:\/\/thevegehome.com\/fr\/wp-json\/wp\/v2\/users\/1"}],"replies":[{"embeddable":true,"href":"https:\/\/thevegehome.com\/fr\/wp-json\/wp\/v2\/comments?post=1934"}],"version-history":[{"count":4,"href":"https:\/\/thevegehome.com\/fr\/wp-json\/wp\/v2\/pages\/1934\/revisions"}],"predecessor-version":[{"id":2207,"href":"https:\/\/thevegehome.com\/fr\/wp-json\/wp\/v2\/pages\/1934\/revisions\/2207"}],"wp:featuredmedia":[{"embeddable":true,"href":"https:\/\/thevegehome.com\/fr\/wp-json\/wp\/v2\/media\/1646"}],"wp:attachment":[{"href":"https:\/\/thevegehome.com\/fr\/wp-json\/wp\/v2\/media?parent=1934"}],"curies":[{"name":"wp","href":"https:\/\/api.w.org\/{rel}","templated":true}]}}