{"id":1923,"date":"2020-10-06T15:30:47","date_gmt":"2020-10-06T19:30:47","guid":{"rendered":"https:\/\/thevegehome.com\/dark-opal-basil\/"},"modified":"2024-08-02T15:21:48","modified_gmt":"2024-08-02T19:21:48","slug":"dark-opal-basil","status":"publish","type":"page","link":"https:\/\/thevegehome.com\/fr\/basilic-dark-opal\/","title":{"rendered":"Basilic Dark Opal"},"content":{"rendered":"<p>&nbsp;<\/p>\n<p>&nbsp;<\/p>\n<p>&nbsp;<\/p>\n","protected":false},"excerpt":{"rendered":"<p>&nbsp; &nbsp; &nbsp;<\/p>\n","protected":false},"author":1,"featured_media":0,"parent":0,"menu_order":0,"comment_status":"closed","ping_status":"closed","template":"template-pods-details.php","meta":{"_acf_changed":false,"footnotes":""},"class_list":["post-1923","page","type-page","status-publish","hentry"],"acf":[],"yoast_head":"<!-- This site is optimized with the Yoast SEO plugin v27.3 - https:\/\/yoast.com\/product\/yoast-seo-wordpress\/ -->\n<title>Basilic Dark Opal - Vegehome Capsuels<\/title>\n<meta name=\"description\" content=\"Le basilic opale fonc\u00e9 est parfait dans le pesto, m\u00e9lang\u00e9 dans une salade ou conserv\u00e9 dans des huiles et du vinaigre. En savoir plus aujourd&#039;hui!\" \/>\n<meta name=\"robots\" content=\"index, follow, max-snippet:-1, max-image-preview:large, max-video-preview:-1\" \/>\n<link rel=\"canonical\" href=\"https:\/\/thevegehome.com\/fr\/basilic-dark-opal\/\" \/>\n<meta property=\"og:locale\" content=\"fr_FR\" \/>\n<meta property=\"og:type\" content=\"article\" \/>\n<meta property=\"og:title\" content=\"Basilic Dark Opal - Vegehome Capsuels\" \/>\n<meta property=\"og:description\" content=\"Le basilic opale fonc\u00e9 est parfait dans le pesto, m\u00e9lang\u00e9 dans une salade ou conserv\u00e9 dans des huiles et du vinaigre. En savoir plus aujourd&#039;hui!\" \/>\n<meta property=\"og:url\" content=\"https:\/\/thevegehome.com\/fr\/basilic-dark-opal\/\" \/>\n<meta property=\"og:site_name\" content=\"Vegehome\" \/>\n<meta property=\"article:modified_time\" content=\"2024-08-02T19:21:48+00:00\" \/>\n<script type=\"application\/ld+json\" class=\"yoast-schema-graph\">{\"@context\":\"https:\\\/\\\/schema.org\",\"@graph\":[{\"@type\":\"WebPage\",\"@id\":\"https:\\\/\\\/thevegehome.com\\\/fr\\\/basilic-dark-opal\\\/\",\"url\":\"https:\\\/\\\/thevegehome.com\\\/fr\\\/basilic-dark-opal\\\/\",\"name\":\"Basilic Dark Opal - Vegehome Capsuels\",\"isPartOf\":{\"@id\":\"https:\\\/\\\/thevegehome.com\\\/fr\\\/#website\"},\"datePublished\":\"2020-10-06T19:30:47+00:00\",\"dateModified\":\"2024-08-02T19:21:48+00:00\",\"description\":\"Le basilic opale fonc\u00e9 est parfait dans le pesto, m\u00e9lang\u00e9 dans une salade ou conserv\u00e9 dans des huiles et du vinaigre. En savoir plus aujourd'hui!\",\"breadcrumb\":{\"@id\":\"https:\\\/\\\/thevegehome.com\\\/fr\\\/basilic-dark-opal\\\/#breadcrumb\"},\"inLanguage\":\"fr-FR\",\"potentialAction\":[{\"@type\":\"ReadAction\",\"target\":[\"https:\\\/\\\/thevegehome.com\\\/fr\\\/basilic-dark-opal\\\/\"]}]},{\"@type\":\"BreadcrumbList\",\"@id\":\"https:\\\/\\\/thevegehome.com\\\/fr\\\/basilic-dark-opal\\\/#breadcrumb\",\"itemListElement\":[{\"@type\":\"ListItem\",\"position\":1,\"name\":\"Home\",\"item\":\"https:\\\/\\\/thevegehome.com\\\/fr\\\/\"},{\"@type\":\"ListItem\",\"position\":2,\"name\":\"Basilic Dark Opal\"}]},{\"@type\":\"WebSite\",\"@id\":\"https:\\\/\\\/thevegehome.com\\\/fr\\\/#website\",\"url\":\"https:\\\/\\\/thevegehome.com\\\/fr\\\/\",\"name\":\"Vegehome\",\"description\":\"Vegehome\",\"potentialAction\":[{\"@type\":\"SearchAction\",\"target\":{\"@type\":\"EntryPoint\",\"urlTemplate\":\"https:\\\/\\\/thevegehome.com\\\/fr\\\/?s={search_term_string}\"},\"query-input\":{\"@type\":\"PropertyValueSpecification\",\"valueRequired\":true,\"valueName\":\"search_term_string\"}}],\"inLanguage\":\"fr-FR\"}]}<\/script>\n<!-- \/ Yoast SEO plugin. -->","yoast_head_json":{"title":"Basilic Dark Opal - Vegehome Capsuels","description":"Le basilic opale fonc\u00e9 est parfait dans le pesto, m\u00e9lang\u00e9 dans une salade ou conserv\u00e9 dans des huiles et du vinaigre. En savoir plus aujourd'hui!","robots":{"index":"index","follow":"follow","max-snippet":"max-snippet:-1","max-image-preview":"max-image-preview:large","max-video-preview":"max-video-preview:-1"},"canonical":"https:\/\/thevegehome.com\/fr\/basilic-dark-opal\/","og_locale":"fr_FR","og_type":"article","og_title":"Basilic Dark Opal - Vegehome Capsuels","og_description":"Le basilic opale fonc\u00e9 est parfait dans le pesto, m\u00e9lang\u00e9 dans une salade ou conserv\u00e9 dans des huiles et du vinaigre. En savoir plus aujourd'hui!","og_url":"https:\/\/thevegehome.com\/fr\/basilic-dark-opal\/","og_site_name":"Vegehome","article_modified_time":"2024-08-02T19:21:48+00:00","schema":{"@context":"https:\/\/schema.org","@graph":[{"@type":"WebPage","@id":"https:\/\/thevegehome.com\/fr\/basilic-dark-opal\/","url":"https:\/\/thevegehome.com\/fr\/basilic-dark-opal\/","name":"Basilic Dark Opal - Vegehome Capsuels","isPartOf":{"@id":"https:\/\/thevegehome.com\/fr\/#website"},"datePublished":"2020-10-06T19:30:47+00:00","dateModified":"2024-08-02T19:21:48+00:00","description":"Le basilic opale fonc\u00e9 est parfait dans le pesto, m\u00e9lang\u00e9 dans une salade ou conserv\u00e9 dans des huiles et du vinaigre. En savoir plus aujourd'hui!","breadcrumb":{"@id":"https:\/\/thevegehome.com\/fr\/basilic-dark-opal\/#breadcrumb"},"inLanguage":"fr-FR","potentialAction":[{"@type":"ReadAction","target":["https:\/\/thevegehome.com\/fr\/basilic-dark-opal\/"]}]},{"@type":"BreadcrumbList","@id":"https:\/\/thevegehome.com\/fr\/basilic-dark-opal\/#breadcrumb","itemListElement":[{"@type":"ListItem","position":1,"name":"Home","item":"https:\/\/thevegehome.com\/fr\/"},{"@type":"ListItem","position":2,"name":"Basilic Dark Opal"}]},{"@type":"WebSite","@id":"https:\/\/thevegehome.com\/fr\/#website","url":"https:\/\/thevegehome.com\/fr\/","name":"Vegehome","description":"Vegehome","potentialAction":[{"@type":"SearchAction","target":{"@type":"EntryPoint","urlTemplate":"https:\/\/thevegehome.com\/fr\/?s={search_term_string}"},"query-input":{"@type":"PropertyValueSpecification","valueRequired":true,"valueName":"search_term_string"}}],"inLanguage":"fr-FR"}]}},"_links":{"self":[{"href":"https:\/\/thevegehome.com\/fr\/wp-json\/wp\/v2\/pages\/1923","targetHints":{"allow":["GET"]}}],"collection":[{"href":"https:\/\/thevegehome.com\/fr\/wp-json\/wp\/v2\/pages"}],"about":[{"href":"https:\/\/thevegehome.com\/fr\/wp-json\/wp\/v2\/types\/page"}],"author":[{"embeddable":true,"href":"https:\/\/thevegehome.com\/fr\/wp-json\/wp\/v2\/users\/1"}],"replies":[{"embeddable":true,"href":"https:\/\/thevegehome.com\/fr\/wp-json\/wp\/v2\/comments?post=1923"}],"version-history":[{"count":4,"href":"https:\/\/thevegehome.com\/fr\/wp-json\/wp\/v2\/pages\/1923\/revisions"}],"predecessor-version":[{"id":2192,"href":"https:\/\/thevegehome.com\/fr\/wp-json\/wp\/v2\/pages\/1923\/revisions\/2192"}],"wp:attachment":[{"href":"https:\/\/thevegehome.com\/fr\/wp-json\/wp\/v2\/media?parent=1923"}],"curies":[{"name":"wp","href":"https:\/\/api.w.org\/{rel}","templated":true}]}}