{"id":1896,"date":"2020-10-22T16:02:59","date_gmt":"2020-10-22T20:02:59","guid":{"rendered":"https:\/\/thevegehome.com\/biquinho-red-brazil-pepper\/"},"modified":"2024-08-02T15:28:32","modified_gmt":"2024-08-02T19:28:32","slug":"biquinho-red-brazil-pepper","status":"publish","type":"page","link":"https:\/\/thevegehome.com\/fr\/piment-biquinho-rouge\/","title":{"rendered":"Piment Biquinho rouge"},"content":{"rendered":"<p>&nbsp;<\/p>\n<p>&nbsp;<\/p>\n<p>&nbsp;<\/p>\n<p>&nbsp;<\/p>\n","protected":false},"excerpt":{"rendered":"<p>&nbsp; &nbsp; &nbsp; &nbsp;<\/p>\n","protected":false},"author":1,"featured_media":1558,"parent":0,"menu_order":0,"comment_status":"closed","ping_status":"closed","template":"template-pods-details.php","meta":{"_acf_changed":false,"footnotes":""},"class_list":["post-1896","page","type-page","status-publish","has-post-thumbnail","hentry"],"acf":[],"yoast_head":"<!-- This site is optimized with the Yoast SEO plugin v27.3 - https:\/\/yoast.com\/product\/yoast-seo-wordpress\/ -->\n<title>Piment Biquinho rouge - Vegehome Capsuels<\/title>\n<meta name=\"description\" content=\"Le piment rouge du Br\u00e9sil Biquinho est d\u00e9licieux dans les saut\u00e9s, les rago\u00fbts et les salades ou cuit dans du pain ou des scones. En savoir plus aujourd&#039;hui!\" \/>\n<meta name=\"robots\" content=\"index, follow, max-snippet:-1, max-image-preview:large, max-video-preview:-1\" \/>\n<link rel=\"canonical\" href=\"https:\/\/thevegehome.com\/fr\/piment-biquinho-rouge\/\" \/>\n<meta property=\"og:locale\" content=\"fr_FR\" \/>\n<meta property=\"og:type\" content=\"article\" \/>\n<meta property=\"og:title\" content=\"Piment Biquinho rouge - Vegehome Capsuels\" \/>\n<meta property=\"og:description\" content=\"Le piment rouge du Br\u00e9sil Biquinho est d\u00e9licieux dans les saut\u00e9s, les rago\u00fbts et les salades ou cuit dans du pain ou des scones. En savoir plus aujourd&#039;hui!\" \/>\n<meta property=\"og:url\" content=\"https:\/\/thevegehome.com\/fr\/piment-biquinho-rouge\/\" \/>\n<meta property=\"og:site_name\" content=\"Vegehome\" \/>\n<meta property=\"article:modified_time\" content=\"2024-08-02T19:28:32+00:00\" \/>\n<meta property=\"og:image\" content=\"https:\/\/thevegehome.com\/wp-content\/uploads\/2020\/10\/Biquinho-Red-Brazil-Pepper-Detail.png\" \/>\n\t<meta property=\"og:image:width\" content=\"660\" \/>\n\t<meta property=\"og:image:height\" content=\"370\" \/>\n\t<meta property=\"og:image:type\" content=\"image\/png\" \/>\n<script type=\"application\/ld+json\" class=\"yoast-schema-graph\">{\"@context\":\"https:\\\/\\\/schema.org\",\"@graph\":[{\"@type\":\"WebPage\",\"@id\":\"https:\\\/\\\/thevegehome.com\\\/fr\\\/piment-biquinho-rouge\\\/\",\"url\":\"https:\\\/\\\/thevegehome.com\\\/fr\\\/piment-biquinho-rouge\\\/\",\"name\":\"Piment Biquinho rouge - Vegehome Capsuels\",\"isPartOf\":{\"@id\":\"https:\\\/\\\/thevegehome.com\\\/fr\\\/#website\"},\"primaryImageOfPage\":{\"@id\":\"https:\\\/\\\/thevegehome.com\\\/fr\\\/piment-biquinho-rouge\\\/#primaryimage\"},\"image\":{\"@id\":\"https:\\\/\\\/thevegehome.com\\\/fr\\\/piment-biquinho-rouge\\\/#primaryimage\"},\"thumbnailUrl\":\"https:\\\/\\\/thevegehome.com\\\/wp-content\\\/uploads\\\/2020\\\/10\\\/Biquinho-Red-Brazil-Pepper-Detail.png\",\"datePublished\":\"2020-10-22T20:02:59+00:00\",\"dateModified\":\"2024-08-02T19:28:32+00:00\",\"description\":\"Le piment rouge du Br\u00e9sil Biquinho est d\u00e9licieux dans les saut\u00e9s, les rago\u00fbts et les salades ou cuit dans du pain ou des scones. En savoir plus aujourd'hui!\",\"breadcrumb\":{\"@id\":\"https:\\\/\\\/thevegehome.com\\\/fr\\\/piment-biquinho-rouge\\\/#breadcrumb\"},\"inLanguage\":\"fr-FR\",\"potentialAction\":[{\"@type\":\"ReadAction\",\"target\":[\"https:\\\/\\\/thevegehome.com\\\/fr\\\/piment-biquinho-rouge\\\/\"]}]},{\"@type\":\"ImageObject\",\"inLanguage\":\"fr-FR\",\"@id\":\"https:\\\/\\\/thevegehome.com\\\/fr\\\/piment-biquinho-rouge\\\/#primaryimage\",\"url\":\"https:\\\/\\\/thevegehome.com\\\/wp-content\\\/uploads\\\/2020\\\/10\\\/Biquinho-Red-Brazil-Pepper-Detail.png\",\"contentUrl\":\"https:\\\/\\\/thevegehome.com\\\/wp-content\\\/uploads\\\/2020\\\/10\\\/Biquinho-Red-Brazil-Pepper-Detail.png\",\"width\":660,\"height\":370},{\"@type\":\"BreadcrumbList\",\"@id\":\"https:\\\/\\\/thevegehome.com\\\/fr\\\/piment-biquinho-rouge\\\/#breadcrumb\",\"itemListElement\":[{\"@type\":\"ListItem\",\"position\":1,\"name\":\"Home\",\"item\":\"https:\\\/\\\/thevegehome.com\\\/fr\\\/\"},{\"@type\":\"ListItem\",\"position\":2,\"name\":\"Piment Biquinho rouge\"}]},{\"@type\":\"WebSite\",\"@id\":\"https:\\\/\\\/thevegehome.com\\\/fr\\\/#website\",\"url\":\"https:\\\/\\\/thevegehome.com\\\/fr\\\/\",\"name\":\"Vegehome\",\"description\":\"Vegehome\",\"potentialAction\":[{\"@type\":\"SearchAction\",\"target\":{\"@type\":\"EntryPoint\",\"urlTemplate\":\"https:\\\/\\\/thevegehome.com\\\/fr\\\/?s={search_term_string}\"},\"query-input\":{\"@type\":\"PropertyValueSpecification\",\"valueRequired\":true,\"valueName\":\"search_term_string\"}}],\"inLanguage\":\"fr-FR\"}]}<\/script>\n<!-- \/ Yoast SEO plugin. -->","yoast_head_json":{"title":"Piment Biquinho rouge - Vegehome Capsuels","description":"Le piment rouge du Br\u00e9sil Biquinho est d\u00e9licieux dans les saut\u00e9s, les rago\u00fbts et les salades ou cuit dans du pain ou des scones. En savoir plus aujourd'hui!","robots":{"index":"index","follow":"follow","max-snippet":"max-snippet:-1","max-image-preview":"max-image-preview:large","max-video-preview":"max-video-preview:-1"},"canonical":"https:\/\/thevegehome.com\/fr\/piment-biquinho-rouge\/","og_locale":"fr_FR","og_type":"article","og_title":"Piment Biquinho rouge - Vegehome Capsuels","og_description":"Le piment rouge du Br\u00e9sil Biquinho est d\u00e9licieux dans les saut\u00e9s, les rago\u00fbts et les salades ou cuit dans du pain ou des scones. En savoir plus aujourd'hui!","og_url":"https:\/\/thevegehome.com\/fr\/piment-biquinho-rouge\/","og_site_name":"Vegehome","article_modified_time":"2024-08-02T19:28:32+00:00","og_image":[{"width":660,"height":370,"url":"https:\/\/thevegehome.com\/wp-content\/uploads\/2020\/10\/Biquinho-Red-Brazil-Pepper-Detail.png","type":"image\/png"}],"schema":{"@context":"https:\/\/schema.org","@graph":[{"@type":"WebPage","@id":"https:\/\/thevegehome.com\/fr\/piment-biquinho-rouge\/","url":"https:\/\/thevegehome.com\/fr\/piment-biquinho-rouge\/","name":"Piment Biquinho rouge - Vegehome Capsuels","isPartOf":{"@id":"https:\/\/thevegehome.com\/fr\/#website"},"primaryImageOfPage":{"@id":"https:\/\/thevegehome.com\/fr\/piment-biquinho-rouge\/#primaryimage"},"image":{"@id":"https:\/\/thevegehome.com\/fr\/piment-biquinho-rouge\/#primaryimage"},"thumbnailUrl":"https:\/\/thevegehome.com\/wp-content\/uploads\/2020\/10\/Biquinho-Red-Brazil-Pepper-Detail.png","datePublished":"2020-10-22T20:02:59+00:00","dateModified":"2024-08-02T19:28:32+00:00","description":"Le piment rouge du Br\u00e9sil Biquinho est d\u00e9licieux dans les saut\u00e9s, les rago\u00fbts et les salades ou cuit dans du pain ou des scones. En savoir plus aujourd'hui!","breadcrumb":{"@id":"https:\/\/thevegehome.com\/fr\/piment-biquinho-rouge\/#breadcrumb"},"inLanguage":"fr-FR","potentialAction":[{"@type":"ReadAction","target":["https:\/\/thevegehome.com\/fr\/piment-biquinho-rouge\/"]}]},{"@type":"ImageObject","inLanguage":"fr-FR","@id":"https:\/\/thevegehome.com\/fr\/piment-biquinho-rouge\/#primaryimage","url":"https:\/\/thevegehome.com\/wp-content\/uploads\/2020\/10\/Biquinho-Red-Brazil-Pepper-Detail.png","contentUrl":"https:\/\/thevegehome.com\/wp-content\/uploads\/2020\/10\/Biquinho-Red-Brazil-Pepper-Detail.png","width":660,"height":370},{"@type":"BreadcrumbList","@id":"https:\/\/thevegehome.com\/fr\/piment-biquinho-rouge\/#breadcrumb","itemListElement":[{"@type":"ListItem","position":1,"name":"Home","item":"https:\/\/thevegehome.com\/fr\/"},{"@type":"ListItem","position":2,"name":"Piment Biquinho rouge"}]},{"@type":"WebSite","@id":"https:\/\/thevegehome.com\/fr\/#website","url":"https:\/\/thevegehome.com\/fr\/","name":"Vegehome","description":"Vegehome","potentialAction":[{"@type":"SearchAction","target":{"@type":"EntryPoint","urlTemplate":"https:\/\/thevegehome.com\/fr\/?s={search_term_string}"},"query-input":{"@type":"PropertyValueSpecification","valueRequired":true,"valueName":"search_term_string"}}],"inLanguage":"fr-FR"}]}},"_links":{"self":[{"href":"https:\/\/thevegehome.com\/fr\/wp-json\/wp\/v2\/pages\/1896","targetHints":{"allow":["GET"]}}],"collection":[{"href":"https:\/\/thevegehome.com\/fr\/wp-json\/wp\/v2\/pages"}],"about":[{"href":"https:\/\/thevegehome.com\/fr\/wp-json\/wp\/v2\/types\/page"}],"author":[{"embeddable":true,"href":"https:\/\/thevegehome.com\/fr\/wp-json\/wp\/v2\/users\/1"}],"replies":[{"embeddable":true,"href":"https:\/\/thevegehome.com\/fr\/wp-json\/wp\/v2\/comments?post=1896"}],"version-history":[{"count":3,"href":"https:\/\/thevegehome.com\/fr\/wp-json\/wp\/v2\/pages\/1896\/revisions"}],"predecessor-version":[{"id":2209,"href":"https:\/\/thevegehome.com\/fr\/wp-json\/wp\/v2\/pages\/1896\/revisions\/2209"}],"wp:featuredmedia":[{"embeddable":true,"href":"https:\/\/thevegehome.com\/fr\/wp-json\/wp\/v2\/media\/1558"}],"wp:attachment":[{"href":"https:\/\/thevegehome.com\/fr\/wp-json\/wp\/v2\/media?parent=1896"}],"curies":[{"name":"wp","href":"https:\/\/api.w.org\/{rel}","templated":true}]}}