{"id":1887,"date":"2020-10-22T14:43:52","date_gmt":"2020-10-22T18:43:52","guid":{"rendered":"https:\/\/thevegehome.com\/arugula\/"},"modified":"2024-08-02T15:28:59","modified_gmt":"2024-08-02T19:28:59","slug":"arugula","status":"publish","type":"page","link":"https:\/\/thevegehome.com\/fr\/roquette\/","title":{"rendered":"Roquette"},"content":{"rendered":"<p>&nbsp;<\/p>\n<p>&nbsp;<\/p>\n<p>&nbsp;<\/p>\n","protected":false},"excerpt":{"rendered":"<p>&nbsp; &nbsp; &nbsp;<\/p>\n","protected":false},"author":1,"featured_media":0,"parent":0,"menu_order":0,"comment_status":"closed","ping_status":"closed","template":"template-pods-details.php","meta":{"_acf_changed":false,"footnotes":""},"class_list":["post-1887","page","type-page","status-publish","hentry"],"acf":[],"yoast_head":"<!-- This site is optimized with the Yoast SEO plugin v27.3 - https:\/\/yoast.com\/product\/yoast-seo-wordpress\/ -->\n<title>Roquette - Vegehome Capsuels<\/title>\n<meta name=\"description\" content=\"La roquette est un vert feuillu poivr\u00e9, regorgeant de nutriments qui maintiennent le c\u0153ur et les os en bonne sant\u00e9. En savoir plus!\" \/>\n<meta name=\"robots\" content=\"index, follow, max-snippet:-1, max-image-preview:large, max-video-preview:-1\" \/>\n<link rel=\"canonical\" href=\"https:\/\/thevegehome.com\/fr\/roquette\/\" \/>\n<meta property=\"og:locale\" content=\"fr_FR\" \/>\n<meta property=\"og:type\" content=\"article\" \/>\n<meta property=\"og:title\" content=\"Roquette - Vegehome Capsuels\" \/>\n<meta property=\"og:description\" content=\"La roquette est un vert feuillu poivr\u00e9, regorgeant de nutriments qui maintiennent le c\u0153ur et les os en bonne sant\u00e9. En savoir plus!\" \/>\n<meta property=\"og:url\" content=\"https:\/\/thevegehome.com\/fr\/roquette\/\" \/>\n<meta property=\"og:site_name\" content=\"Vegehome\" \/>\n<meta property=\"article:modified_time\" content=\"2024-08-02T19:28:59+00:00\" \/>\n<script type=\"application\/ld+json\" class=\"yoast-schema-graph\">{\"@context\":\"https:\\\/\\\/schema.org\",\"@graph\":[{\"@type\":\"WebPage\",\"@id\":\"https:\\\/\\\/thevegehome.com\\\/fr\\\/roquette\\\/\",\"url\":\"https:\\\/\\\/thevegehome.com\\\/fr\\\/roquette\\\/\",\"name\":\"Roquette - Vegehome Capsuels\",\"isPartOf\":{\"@id\":\"https:\\\/\\\/thevegehome.com\\\/fr\\\/#website\"},\"datePublished\":\"2020-10-22T18:43:52+00:00\",\"dateModified\":\"2024-08-02T19:28:59+00:00\",\"description\":\"La roquette est un vert feuillu poivr\u00e9, regorgeant de nutriments qui maintiennent le c\u0153ur et les os en bonne sant\u00e9. En savoir plus!\",\"breadcrumb\":{\"@id\":\"https:\\\/\\\/thevegehome.com\\\/fr\\\/roquette\\\/#breadcrumb\"},\"inLanguage\":\"fr-FR\",\"potentialAction\":[{\"@type\":\"ReadAction\",\"target\":[\"https:\\\/\\\/thevegehome.com\\\/fr\\\/roquette\\\/\"]}]},{\"@type\":\"BreadcrumbList\",\"@id\":\"https:\\\/\\\/thevegehome.com\\\/fr\\\/roquette\\\/#breadcrumb\",\"itemListElement\":[{\"@type\":\"ListItem\",\"position\":1,\"name\":\"Home\",\"item\":\"https:\\\/\\\/thevegehome.com\\\/fr\\\/\"},{\"@type\":\"ListItem\",\"position\":2,\"name\":\"Roquette\"}]},{\"@type\":\"WebSite\",\"@id\":\"https:\\\/\\\/thevegehome.com\\\/fr\\\/#website\",\"url\":\"https:\\\/\\\/thevegehome.com\\\/fr\\\/\",\"name\":\"Vegehome\",\"description\":\"Vegehome\",\"potentialAction\":[{\"@type\":\"SearchAction\",\"target\":{\"@type\":\"EntryPoint\",\"urlTemplate\":\"https:\\\/\\\/thevegehome.com\\\/fr\\\/?s={search_term_string}\"},\"query-input\":{\"@type\":\"PropertyValueSpecification\",\"valueRequired\":true,\"valueName\":\"search_term_string\"}}],\"inLanguage\":\"fr-FR\"}]}<\/script>\n<!-- \/ Yoast SEO plugin. -->","yoast_head_json":{"title":"Roquette - Vegehome Capsuels","description":"La roquette est un vert feuillu poivr\u00e9, regorgeant de nutriments qui maintiennent le c\u0153ur et les os en bonne sant\u00e9. En savoir plus!","robots":{"index":"index","follow":"follow","max-snippet":"max-snippet:-1","max-image-preview":"max-image-preview:large","max-video-preview":"max-video-preview:-1"},"canonical":"https:\/\/thevegehome.com\/fr\/roquette\/","og_locale":"fr_FR","og_type":"article","og_title":"Roquette - Vegehome Capsuels","og_description":"La roquette est un vert feuillu poivr\u00e9, regorgeant de nutriments qui maintiennent le c\u0153ur et les os en bonne sant\u00e9. En savoir plus!","og_url":"https:\/\/thevegehome.com\/fr\/roquette\/","og_site_name":"Vegehome","article_modified_time":"2024-08-02T19:28:59+00:00","schema":{"@context":"https:\/\/schema.org","@graph":[{"@type":"WebPage","@id":"https:\/\/thevegehome.com\/fr\/roquette\/","url":"https:\/\/thevegehome.com\/fr\/roquette\/","name":"Roquette - Vegehome Capsuels","isPartOf":{"@id":"https:\/\/thevegehome.com\/fr\/#website"},"datePublished":"2020-10-22T18:43:52+00:00","dateModified":"2024-08-02T19:28:59+00:00","description":"La roquette est un vert feuillu poivr\u00e9, regorgeant de nutriments qui maintiennent le c\u0153ur et les os en bonne sant\u00e9. En savoir plus!","breadcrumb":{"@id":"https:\/\/thevegehome.com\/fr\/roquette\/#breadcrumb"},"inLanguage":"fr-FR","potentialAction":[{"@type":"ReadAction","target":["https:\/\/thevegehome.com\/fr\/roquette\/"]}]},{"@type":"BreadcrumbList","@id":"https:\/\/thevegehome.com\/fr\/roquette\/#breadcrumb","itemListElement":[{"@type":"ListItem","position":1,"name":"Home","item":"https:\/\/thevegehome.com\/fr\/"},{"@type":"ListItem","position":2,"name":"Roquette"}]},{"@type":"WebSite","@id":"https:\/\/thevegehome.com\/fr\/#website","url":"https:\/\/thevegehome.com\/fr\/","name":"Vegehome","description":"Vegehome","potentialAction":[{"@type":"SearchAction","target":{"@type":"EntryPoint","urlTemplate":"https:\/\/thevegehome.com\/fr\/?s={search_term_string}"},"query-input":{"@type":"PropertyValueSpecification","valueRequired":true,"valueName":"search_term_string"}}],"inLanguage":"fr-FR"}]}},"_links":{"self":[{"href":"https:\/\/thevegehome.com\/fr\/wp-json\/wp\/v2\/pages\/1887","targetHints":{"allow":["GET"]}}],"collection":[{"href":"https:\/\/thevegehome.com\/fr\/wp-json\/wp\/v2\/pages"}],"about":[{"href":"https:\/\/thevegehome.com\/fr\/wp-json\/wp\/v2\/types\/page"}],"author":[{"embeddable":true,"href":"https:\/\/thevegehome.com\/fr\/wp-json\/wp\/v2\/users\/1"}],"replies":[{"embeddable":true,"href":"https:\/\/thevegehome.com\/fr\/wp-json\/wp\/v2\/comments?post=1887"}],"version-history":[{"count":6,"href":"https:\/\/thevegehome.com\/fr\/wp-json\/wp\/v2\/pages\/1887\/revisions"}],"predecessor-version":[{"id":9758,"href":"https:\/\/thevegehome.com\/fr\/wp-json\/wp\/v2\/pages\/1887\/revisions\/9758"}],"wp:attachment":[{"href":"https:\/\/thevegehome.com\/fr\/wp-json\/wp\/v2\/media?parent=1887"}],"curies":[{"name":"wp","href":"https:\/\/api.w.org\/{rel}","templated":true}]}}