{"id":1767,"date":"2020-06-23T14:10:16","date_gmt":"2020-06-23T18:10:16","guid":{"rendered":"https:\/\/thevegehome.com\/return-policy\/"},"modified":"2025-01-13T09:38:17","modified_gmt":"2025-01-13T14:38:17","slug":"return-policy","status":"publish","type":"page","link":"https:\/\/thevegehome.com\/fr\/retours\/","title":{"rendered":"Retours"},"content":{"rendered":"<p><strong>Garantie<\/strong><\/p>\n<p>Vegehome offre la couverture de garantie suivante :<\/p>\n<p>&nbsp;<\/p>\n<p><strong>&#8211; Machine<\/strong> : Garantie limit\u00e9e d&rsquo;un an couvrant les d\u00e9fauts de fabrication. Les pi\u00e8ces et\/ou machines de remplacement sont fournies gratuitement (frais d&rsquo;exp\u00e9dition sont exclus). Une preuve d&rsquo;achat est n\u00e9cessaire pour faire valoir la garantie.<\/p>\n<p>Cette garantie s&rsquo;applique exclusivement aux d\u00e9fauts de mat\u00e9riaux et de fabrication et ne couvre pas :<\/p>\n<p>o L&rsquo;utilisation, l&rsquo;installation ou l&rsquo;entretien inappropri\u00e9s du produit.<\/p>\n<p>o Les dommages ou pertes mat\u00e9riels, \u00e9conomiques ou physiques caus\u00e9s par le produit.<\/p>\n<p>o Les services d&rsquo;installation.<\/p>\n<p>Pour les r\u00e9clamations au titre de la garantie effectu\u00e9es dans les 30 jours suivant la r\u00e9ception de votre achat, Vegehome couvrira les frais d&rsquo;exp\u00e9dition et fournira une \u00e9tiquette d&rsquo;exp\u00e9dition pour le retour. Apr\u00e8s 30 jours, les clients sont responsables des frais d&rsquo;exp\u00e9dition li\u00e9s aux r\u00e9clamations au titre de la garantie.<\/p>\n<p>&nbsp;<\/p>\n<p><strong>&#8211; Capsule de semences<\/strong> : garantie limit\u00e9e de 6 mois couvrant les r\u00e9sultats de la germination. Les capsules de remplacement sont fournies gratuitement (frais d&rsquo;exp\u00e9dition exclus) ou rembours\u00e9es.<\/p>\n<p>Pour faire une r\u00e9clamation au titre de la garantie, envoyez un courriel \u00e0 service@thevegehome.com et :<\/p>\n<p>o Fournir une photo de la vari\u00e9t\u00e9 de semence qui n&rsquo;a pas germ\u00e9.<\/p>\n<p>o Indiquez la date de plantation.<\/p>\n<p>Apr\u00e8s examen, nous vous rembourserons ou remplacerons la (les) capsule(s) concern\u00e9e(s).<\/p>\n<p>&nbsp;<\/p>\n<p><strong>Retours<\/strong><\/p>\n<p>Nous voulons que vous soyez pleinement satisfait de votre achat chez Vegehome. Voici ce que vous devez savoir sur les retours :<\/p>\n<p>&nbsp;<\/p>\n<p><strong>\u00c9ligibilit\u00e9 :<\/strong><\/p>\n<p>o Les retours sont possibles pour les jardins Vegehome (machines) dans les 30 jours suivant l&rsquo;achat.<\/p>\n<p>o Les capsules et les nutriments ne peuvent \u00eatre retourn\u00e9s pour des raisons de s\u00e9curit\u00e9 et de sant\u00e9.<\/p>\n<p>&nbsp;<\/p>\n<p><strong>Conditions de retour :<\/strong><\/p>\n<p>&nbsp;<\/p>\n<p>o Le produit doit \u00eatre d\u00e9mont\u00e9, renvoy\u00e9 dans son emballage d&rsquo;origine et dans le m\u00eame \u00e9tat que celui dans lequel il a \u00e9t\u00e9 re\u00e7u.<\/p>\n<p>o Les frais d&rsquo;exp\u00e9dition ne sont pas remboursables.<\/p>\n<p>&nbsp;<\/p>\n<p><strong>Comment retourner votre produit :<\/strong><\/p>\n<p>&nbsp;<\/p>\n<p>o Obtenez un num\u00e9ro d&rsquo;autorisation de retour (RMA) en nous contactant \u00e0 l&rsquo;adresse courriel : <a class=\"moz-txt-link-abbreviated\" href=\"mailto:service@thevegehome.com\">service@thevegehome.com<\/a>.<\/p>\n<p>o Une fois l&rsquo;autorisation accord\u00e9e, nous vous fournirons une \u00e9tiquette d&rsquo;exp\u00e9dition pour les retours effectu\u00e9s dans les 30 jours suivant l\u2019achat.<\/p>\n<p>o Pour les retours apr\u00e8s 30 jours, les frais d&rsquo;exp\u00e9dition sont \u00e0 la charge du client.<\/p>\n<p>o Suivez les instructions de d\u00e9montage appropri\u00e9es pour votre produit que vous trouverez sur le lien suivant <a href=\"https:\/\/thevegehome.com\/fr\/documentation\/\">https:\/\/thevegehome.com\/fr\/documentation\/<\/a><\/p>\n<p>&nbsp;<\/p>\n<p><strong>Adresse d&rsquo;exp\u00e9dition<\/strong> :<\/p>\n<p><strong>BAZZ INC<\/strong><br \/>\n<strong>2463 Rue Gu\u00e9nette,<\/strong><br \/>\n<strong>Ville St-Laurent<\/strong><br \/>\n<strong>QC H4R 2E9<\/strong><br \/>\n<strong>Canada<\/strong><\/p>\n<p>Note : Les retours initi\u00e9s apr\u00e8s 30 jours de la date d&rsquo;achat ne seront pas \u00e9ligibles pour un remboursement.<\/p>\n<p>Assistance suppl\u00e9mentaire<\/p>\n<p>Nous sommes l\u00e0 pour vous aider ! Pour toute question concernant les r\u00e9clamations au titre de la garantie ou les retours, contactez-nous \u00e0 l&rsquo;adresse courriel : <a class=\"moz-txt-link-abbreviated\" href=\"mailto:service@thevegehome.com\">service@thevegehome.com<\/a>.<\/p>\n<p><b>Avis de non-responsabilit\u00e9\u00a0:\u00a0<\/b><\/p>\n<p>Veuillez noter que les commandes exp\u00e9di\u00e9es \u00e0 l\u2019ext\u00e9rieur du Canada peuvent \u00eatre sujettes \u00e0 des taxes d\u2019importation, des droits de douane et des redevances per\u00e7ues par le pays de destination. Les frais suppl\u00e9mentaires de d\u00e9douanement doivent \u00eatre \u00e0 la charge du r\u00e9cipiendaire; nous n\u2019avons aucun contr\u00f4le sur ces frais et nous ne pouvons les pr\u00e9voir. Lorsque des proc\u00e9dures de d\u00e9douanement sont requises, cela peut entra\u00eener des d\u00e9lais au-del\u00e0 de nos d\u00e9lais de livraison estim\u00e9s originaux. Nous n&rsquo;offrons pas de remboursement des frais d&rsquo;exp\u00e9dition.<\/p>\n<p>Remarque\u00a0: Les exp\u00e9ditions transfrontali\u00e8res sont sujettes \u00e0 une ouverture et \u00e0 une inspection par les autorit\u00e9s douani\u00e8res. Nous pouvons fournir certaines informations sur la commande, l\u2019exp\u00e9dition et le produit, comme des titres, \u00e0 nos transporteurs internationaux. De telles informations peuvent \u00eatre communiqu\u00e9es par les transporteurs aux autorit\u00e9s douani\u00e8res afin de faciliter le d\u00e9douanement et respecter les lois locales.<\/p>\n","protected":false},"excerpt":{"rendered":"<p>Garantie Vegehome offre la couverture de garantie suivante : &nbsp; &#8211; Machine : Garantie limit\u00e9e d&rsquo;un an couvrant les d\u00e9fauts de fabrication. Les pi\u00e8ces et\/ou machines de remplacement sont fournies gratuitement (frais d&rsquo;exp\u00e9dition sont exclus). Une preuve d&rsquo;achat est n\u00e9cessaire pour faire valoir la garantie. Cette garantie s&rsquo;applique exclusivement aux d\u00e9fauts de mat\u00e9riaux et de [&hellip;]<\/p>\n","protected":false},"author":1,"featured_media":0,"parent":0,"menu_order":0,"comment_status":"closed","ping_status":"closed","template":"","meta":{"_acf_changed":false,"footnotes":""},"class_list":["post-1767","page","type-page","status-publish","hentry"],"acf":[],"yoast_head":"<!-- This site is optimized with the Yoast SEO plugin v27.3 - https:\/\/yoast.com\/product\/yoast-seo-wordpress\/ -->\n<title>Retours - Vegehome<\/title>\n<meta name=\"description\" content=\"Our return policy. If you\u2019re looking to return your purchase, we\u2019re to help!\" \/>\n<meta name=\"robots\" content=\"index, follow, max-snippet:-1, max-image-preview:large, max-video-preview:-1\" \/>\n<link rel=\"canonical\" href=\"https:\/\/thevegehome.com\/fr\/retours\/\" \/>\n<meta property=\"og:locale\" content=\"fr_FR\" \/>\n<meta property=\"og:type\" content=\"article\" \/>\n<meta property=\"og:title\" content=\"Retours - Vegehome\" \/>\n<meta property=\"og:description\" content=\"Our return policy. If you\u2019re looking to return your purchase, we\u2019re to help!\" \/>\n<meta property=\"og:url\" content=\"https:\/\/thevegehome.com\/fr\/retours\/\" \/>\n<meta property=\"og:site_name\" content=\"Vegehome\" \/>\n<meta property=\"article:modified_time\" content=\"2025-01-13T14:38:17+00:00\" \/>\n<script type=\"application\/ld+json\" class=\"yoast-schema-graph\">{\"@context\":\"https:\\\/\\\/schema.org\",\"@graph\":[{\"@type\":\"WebPage\",\"@id\":\"https:\\\/\\\/thevegehome.com\\\/fr\\\/retours\\\/\",\"url\":\"https:\\\/\\\/thevegehome.com\\\/fr\\\/retours\\\/\",\"name\":\"Retours - Vegehome\",\"isPartOf\":{\"@id\":\"https:\\\/\\\/thevegehome.com\\\/fr\\\/#website\"},\"datePublished\":\"2020-06-23T18:10:16+00:00\",\"dateModified\":\"2025-01-13T14:38:17+00:00\",\"description\":\"Our return policy. If you\u2019re looking to return your purchase, we\u2019re to help!\",\"breadcrumb\":{\"@id\":\"https:\\\/\\\/thevegehome.com\\\/fr\\\/retours\\\/#breadcrumb\"},\"inLanguage\":\"fr-FR\",\"potentialAction\":[{\"@type\":\"ReadAction\",\"target\":[\"https:\\\/\\\/thevegehome.com\\\/fr\\\/retours\\\/\"]}]},{\"@type\":\"BreadcrumbList\",\"@id\":\"https:\\\/\\\/thevegehome.com\\\/fr\\\/retours\\\/#breadcrumb\",\"itemListElement\":[{\"@type\":\"ListItem\",\"position\":1,\"name\":\"Home\",\"item\":\"https:\\\/\\\/thevegehome.com\\\/fr\\\/\"},{\"@type\":\"ListItem\",\"position\":2,\"name\":\"Retours\"}]},{\"@type\":\"WebSite\",\"@id\":\"https:\\\/\\\/thevegehome.com\\\/fr\\\/#website\",\"url\":\"https:\\\/\\\/thevegehome.com\\\/fr\\\/\",\"name\":\"Vegehome\",\"description\":\"Vegehome\",\"potentialAction\":[{\"@type\":\"SearchAction\",\"target\":{\"@type\":\"EntryPoint\",\"urlTemplate\":\"https:\\\/\\\/thevegehome.com\\\/fr\\\/?s={search_term_string}\"},\"query-input\":{\"@type\":\"PropertyValueSpecification\",\"valueRequired\":true,\"valueName\":\"search_term_string\"}}],\"inLanguage\":\"fr-FR\"}]}<\/script>\n<!-- \/ Yoast SEO plugin. -->","yoast_head_json":{"title":"Retours - Vegehome","description":"Our return policy. If you\u2019re looking to return your purchase, we\u2019re to help!","robots":{"index":"index","follow":"follow","max-snippet":"max-snippet:-1","max-image-preview":"max-image-preview:large","max-video-preview":"max-video-preview:-1"},"canonical":"https:\/\/thevegehome.com\/fr\/retours\/","og_locale":"fr_FR","og_type":"article","og_title":"Retours - Vegehome","og_description":"Our return policy. If you\u2019re looking to return your purchase, we\u2019re to help!","og_url":"https:\/\/thevegehome.com\/fr\/retours\/","og_site_name":"Vegehome","article_modified_time":"2025-01-13T14:38:17+00:00","schema":{"@context":"https:\/\/schema.org","@graph":[{"@type":"WebPage","@id":"https:\/\/thevegehome.com\/fr\/retours\/","url":"https:\/\/thevegehome.com\/fr\/retours\/","name":"Retours - Vegehome","isPartOf":{"@id":"https:\/\/thevegehome.com\/fr\/#website"},"datePublished":"2020-06-23T18:10:16+00:00","dateModified":"2025-01-13T14:38:17+00:00","description":"Our return policy. If you\u2019re looking to return your purchase, we\u2019re to help!","breadcrumb":{"@id":"https:\/\/thevegehome.com\/fr\/retours\/#breadcrumb"},"inLanguage":"fr-FR","potentialAction":[{"@type":"ReadAction","target":["https:\/\/thevegehome.com\/fr\/retours\/"]}]},{"@type":"BreadcrumbList","@id":"https:\/\/thevegehome.com\/fr\/retours\/#breadcrumb","itemListElement":[{"@type":"ListItem","position":1,"name":"Home","item":"https:\/\/thevegehome.com\/fr\/"},{"@type":"ListItem","position":2,"name":"Retours"}]},{"@type":"WebSite","@id":"https:\/\/thevegehome.com\/fr\/#website","url":"https:\/\/thevegehome.com\/fr\/","name":"Vegehome","description":"Vegehome","potentialAction":[{"@type":"SearchAction","target":{"@type":"EntryPoint","urlTemplate":"https:\/\/thevegehome.com\/fr\/?s={search_term_string}"},"query-input":{"@type":"PropertyValueSpecification","valueRequired":true,"valueName":"search_term_string"}}],"inLanguage":"fr-FR"}]}},"_links":{"self":[{"href":"https:\/\/thevegehome.com\/fr\/wp-json\/wp\/v2\/pages\/1767","targetHints":{"allow":["GET"]}}],"collection":[{"href":"https:\/\/thevegehome.com\/fr\/wp-json\/wp\/v2\/pages"}],"about":[{"href":"https:\/\/thevegehome.com\/fr\/wp-json\/wp\/v2\/types\/page"}],"author":[{"embeddable":true,"href":"https:\/\/thevegehome.com\/fr\/wp-json\/wp\/v2\/users\/1"}],"replies":[{"embeddable":true,"href":"https:\/\/thevegehome.com\/fr\/wp-json\/wp\/v2\/comments?post=1767"}],"version-history":[{"count":10,"href":"https:\/\/thevegehome.com\/fr\/wp-json\/wp\/v2\/pages\/1767\/revisions"}],"predecessor-version":[{"id":89332,"href":"https:\/\/thevegehome.com\/fr\/wp-json\/wp\/v2\/pages\/1767\/revisions\/89332"}],"wp:attachment":[{"href":"https:\/\/thevegehome.com\/fr\/wp-json\/wp\/v2\/media?parent=1767"}],"curies":[{"name":"wp","href":"https:\/\/api.w.org\/{rel}","templated":true}]}}