{"id":1760,"date":"2020-06-23T14:11:23","date_gmt":"2020-06-23T18:11:23","guid":{"rendered":"https:\/\/thevegehome.com\/faq\/"},"modified":"2025-01-07T15:41:06","modified_gmt":"2025-01-07T20:41:06","slug":"faq","status":"publish","type":"page","link":"https:\/\/thevegehome.com\/fr\/questions-frequentes\/","title":{"rendered":"FAQ"},"content":{"rendered":"","protected":false},"excerpt":{"rendered":"","protected":false},"author":1,"featured_media":0,"parent":0,"menu_order":0,"comment_status":"closed","ping_status":"closed","template":"template-faqs.php","meta":{"_acf_changed":false,"footnotes":""},"class_list":["post-1760","page","type-page","status-publish","hentry"],"acf":[],"yoast_head":"<!-- This site is optimized with the Yoast SEO plugin v27.3 - https:\/\/yoast.com\/product\/yoast-seo-wordpress\/ -->\n<title>QUESTIONS FR\u00c9QUENTES - Vegehome<\/title>\n<meta name=\"description\" content=\"En savoir plus sur le jardin int\u00e9rieur Vegehome! Visitez notre section de questions fr\u00e9quentes!\" \/>\n<meta name=\"robots\" content=\"index, follow, max-snippet:-1, max-image-preview:large, max-video-preview:-1\" \/>\n<link rel=\"canonical\" href=\"https:\/\/thevegehome.com\/fr\/questions-frequentes\/\" \/>\n<meta property=\"og:locale\" content=\"fr_FR\" \/>\n<meta property=\"og:type\" content=\"article\" \/>\n<meta property=\"og:title\" content=\"QUESTIONS FR\u00c9QUENTES - Vegehome\" \/>\n<meta property=\"og:description\" content=\"En savoir plus sur le jardin int\u00e9rieur Vegehome! Visitez notre section de questions fr\u00e9quentes!\" \/>\n<meta property=\"og:url\" content=\"https:\/\/thevegehome.com\/fr\/questions-frequentes\/\" \/>\n<meta property=\"og:site_name\" content=\"Vegehome\" \/>\n<meta property=\"article:modified_time\" content=\"2025-01-07T20:41:06+00:00\" \/>\n<script type=\"application\/ld+json\" class=\"yoast-schema-graph\">{\"@context\":\"https:\\\/\\\/schema.org\",\"@graph\":[{\"@type\":\"WebPage\",\"@id\":\"https:\\\/\\\/thevegehome.com\\\/fr\\\/questions-frequentes\\\/\",\"url\":\"https:\\\/\\\/thevegehome.com\\\/fr\\\/questions-frequentes\\\/\",\"name\":\"QUESTIONS FR\u00c9QUENTES - Vegehome\",\"isPartOf\":{\"@id\":\"https:\\\/\\\/thevegehome.com\\\/fr\\\/#website\"},\"datePublished\":\"2020-06-23T18:11:23+00:00\",\"dateModified\":\"2025-01-07T20:41:06+00:00\",\"description\":\"En savoir plus sur le jardin int\u00e9rieur Vegehome! Visitez notre section de questions fr\u00e9quentes!\",\"breadcrumb\":{\"@id\":\"https:\\\/\\\/thevegehome.com\\\/fr\\\/questions-frequentes\\\/#breadcrumb\"},\"inLanguage\":\"fr-FR\",\"potentialAction\":[{\"@type\":\"ReadAction\",\"target\":[\"https:\\\/\\\/thevegehome.com\\\/fr\\\/questions-frequentes\\\/\"]}]},{\"@type\":\"BreadcrumbList\",\"@id\":\"https:\\\/\\\/thevegehome.com\\\/fr\\\/questions-frequentes\\\/#breadcrumb\",\"itemListElement\":[{\"@type\":\"ListItem\",\"position\":1,\"name\":\"Home\",\"item\":\"https:\\\/\\\/thevegehome.com\\\/fr\\\/\"},{\"@type\":\"ListItem\",\"position\":2,\"name\":\"FAQ\"}]},{\"@type\":\"WebSite\",\"@id\":\"https:\\\/\\\/thevegehome.com\\\/fr\\\/#website\",\"url\":\"https:\\\/\\\/thevegehome.com\\\/fr\\\/\",\"name\":\"Vegehome\",\"description\":\"Vegehome\",\"potentialAction\":[{\"@type\":\"SearchAction\",\"target\":{\"@type\":\"EntryPoint\",\"urlTemplate\":\"https:\\\/\\\/thevegehome.com\\\/fr\\\/?s={search_term_string}\"},\"query-input\":{\"@type\":\"PropertyValueSpecification\",\"valueRequired\":true,\"valueName\":\"search_term_string\"}}],\"inLanguage\":\"fr-FR\"}]}<\/script>\n<!-- \/ Yoast SEO plugin. -->","yoast_head_json":{"title":"QUESTIONS FR\u00c9QUENTES - Vegehome","description":"En savoir plus sur le jardin int\u00e9rieur Vegehome! Visitez notre section de questions fr\u00e9quentes!","robots":{"index":"index","follow":"follow","max-snippet":"max-snippet:-1","max-image-preview":"max-image-preview:large","max-video-preview":"max-video-preview:-1"},"canonical":"https:\/\/thevegehome.com\/fr\/questions-frequentes\/","og_locale":"fr_FR","og_type":"article","og_title":"QUESTIONS FR\u00c9QUENTES - Vegehome","og_description":"En savoir plus sur le jardin int\u00e9rieur Vegehome! Visitez notre section de questions fr\u00e9quentes!","og_url":"https:\/\/thevegehome.com\/fr\/questions-frequentes\/","og_site_name":"Vegehome","article_modified_time":"2025-01-07T20:41:06+00:00","schema":{"@context":"https:\/\/schema.org","@graph":[{"@type":"WebPage","@id":"https:\/\/thevegehome.com\/fr\/questions-frequentes\/","url":"https:\/\/thevegehome.com\/fr\/questions-frequentes\/","name":"QUESTIONS FR\u00c9QUENTES - Vegehome","isPartOf":{"@id":"https:\/\/thevegehome.com\/fr\/#website"},"datePublished":"2020-06-23T18:11:23+00:00","dateModified":"2025-01-07T20:41:06+00:00","description":"En savoir plus sur le jardin int\u00e9rieur Vegehome! Visitez notre section de questions fr\u00e9quentes!","breadcrumb":{"@id":"https:\/\/thevegehome.com\/fr\/questions-frequentes\/#breadcrumb"},"inLanguage":"fr-FR","potentialAction":[{"@type":"ReadAction","target":["https:\/\/thevegehome.com\/fr\/questions-frequentes\/"]}]},{"@type":"BreadcrumbList","@id":"https:\/\/thevegehome.com\/fr\/questions-frequentes\/#breadcrumb","itemListElement":[{"@type":"ListItem","position":1,"name":"Home","item":"https:\/\/thevegehome.com\/fr\/"},{"@type":"ListItem","position":2,"name":"FAQ"}]},{"@type":"WebSite","@id":"https:\/\/thevegehome.com\/fr\/#website","url":"https:\/\/thevegehome.com\/fr\/","name":"Vegehome","description":"Vegehome","potentialAction":[{"@type":"SearchAction","target":{"@type":"EntryPoint","urlTemplate":"https:\/\/thevegehome.com\/fr\/?s={search_term_string}"},"query-input":{"@type":"PropertyValueSpecification","valueRequired":true,"valueName":"search_term_string"}}],"inLanguage":"fr-FR"}]}},"_links":{"self":[{"href":"https:\/\/thevegehome.com\/fr\/wp-json\/wp\/v2\/pages\/1760","targetHints":{"allow":["GET"]}}],"collection":[{"href":"https:\/\/thevegehome.com\/fr\/wp-json\/wp\/v2\/pages"}],"about":[{"href":"https:\/\/thevegehome.com\/fr\/wp-json\/wp\/v2\/types\/page"}],"author":[{"embeddable":true,"href":"https:\/\/thevegehome.com\/fr\/wp-json\/wp\/v2\/users\/1"}],"replies":[{"embeddable":true,"href":"https:\/\/thevegehome.com\/fr\/wp-json\/wp\/v2\/comments?post=1760"}],"version-history":[{"count":18,"href":"https:\/\/thevegehome.com\/fr\/wp-json\/wp\/v2\/pages\/1760\/revisions"}],"predecessor-version":[{"id":89239,"href":"https:\/\/thevegehome.com\/fr\/wp-json\/wp\/v2\/pages\/1760\/revisions\/89239"}],"wp:attachment":[{"href":"https:\/\/thevegehome.com\/fr\/wp-json\/wp\/v2\/media?parent=1760"}],"curies":[{"name":"wp","href":"https:\/\/api.w.org\/{rel}","templated":true}]}}