{"id":1753,"date":"2020-06-23T14:09:40","date_gmt":"2020-06-23T18:09:40","guid":{"rendered":"https:\/\/thevegehome.com\/support\/"},"modified":"2024-05-14T10:50:58","modified_gmt":"2024-05-14T14:50:58","slug":"support","status":"publish","type":"page","link":"https:\/\/thevegehome.com\/fr\/contactez-nous\/","title":{"rendered":"Support"},"content":{"rendered":"<p>Chez Vegehome, nous sommes fiers d\u2019offrir une exp\u00e9rience client exceptionnelle du d\u00e9but \u00e0 la fin. Que vous consid\u00e9rez faire un achat pour la premi\u00e8re fois ou si vous utilisez les produits Vegehome r\u00e9guli\u00e8rement, n\u2019h\u00e9sitez pas \u00e0 communiquer avec nous si vous avez des questions. Notre \u00e9quipe qualifi\u00e9e se fera un plaisir de vous aider.<\/p>\n","protected":false},"excerpt":{"rendered":"<p>Chez Vegehome, nous sommes fiers d\u2019offrir une exp\u00e9rience client exceptionnelle du d\u00e9but \u00e0 la fin. Que vous consid\u00e9rez faire un achat pour la premi\u00e8re fois ou si vous utilisez les produits Vegehome r\u00e9guli\u00e8rement, n\u2019h\u00e9sitez pas \u00e0 communiquer avec nous si vous avez des questions. Notre \u00e9quipe qualifi\u00e9e se fera un plaisir de vous aider.<\/p>\n","protected":false},"author":1,"featured_media":0,"parent":0,"menu_order":0,"comment_status":"closed","ping_status":"closed","template":"template-support.php","meta":{"_acf_changed":false,"footnotes":""},"class_list":["post-1753","page","type-page","status-publish","hentry"],"acf":[],"yoast_head":"<!-- This site is optimized with the Yoast SEO plugin v27.4 - https:\/\/yoast.com\/product\/yoast-seo-wordpress\/ -->\n<title>Contactez Nous \u2013 Vegehome<\/title>\n<meta name=\"robots\" content=\"index, follow, max-snippet:-1, max-image-preview:large, max-video-preview:-1\" \/>\n<link rel=\"canonical\" href=\"https:\/\/thevegehome.com\/fr\/contactez-nous\/\" \/>\n<meta property=\"og:locale\" content=\"fr_FR\" \/>\n<meta property=\"og:type\" content=\"article\" \/>\n<meta property=\"og:title\" content=\"Contactez Nous \u2013 Vegehome\" \/>\n<meta property=\"og:description\" content=\"Chez Vegehome, nous sommes fiers d\u2019offrir une exp\u00e9rience client exceptionnelle du d\u00e9but \u00e0 la fin. Que vous consid\u00e9rez faire un achat pour la premi\u00e8re fois ou si vous utilisez les produits Vegehome r\u00e9guli\u00e8rement, n\u2019h\u00e9sitez pas \u00e0 communiquer avec nous si vous avez des questions. Notre \u00e9quipe qualifi\u00e9e se fera un plaisir de vous aider.\" \/>\n<meta property=\"og:url\" content=\"https:\/\/thevegehome.com\/fr\/contactez-nous\/\" \/>\n<meta property=\"og:site_name\" content=\"Vegehome\" \/>\n<meta property=\"article:modified_time\" content=\"2024-05-14T14:50:58+00:00\" \/>\n<script type=\"application\/ld+json\" class=\"yoast-schema-graph\">{\"@context\":\"https:\\\/\\\/schema.org\",\"@graph\":[{\"@type\":\"WebPage\",\"@id\":\"https:\\\/\\\/thevegehome.com\\\/fr\\\/contactez-nous\\\/\",\"url\":\"https:\\\/\\\/thevegehome.com\\\/fr\\\/contactez-nous\\\/\",\"name\":\"Contactez Nous \u2013 Vegehome\",\"isPartOf\":{\"@id\":\"https:\\\/\\\/thevegehome.com\\\/fr\\\/#website\"},\"datePublished\":\"2020-06-23T18:09:40+00:00\",\"dateModified\":\"2024-05-14T14:50:58+00:00\",\"breadcrumb\":{\"@id\":\"https:\\\/\\\/thevegehome.com\\\/fr\\\/contactez-nous\\\/#breadcrumb\"},\"inLanguage\":\"fr-FR\",\"potentialAction\":[{\"@type\":\"ReadAction\",\"target\":[\"https:\\\/\\\/thevegehome.com\\\/fr\\\/contactez-nous\\\/\"]}]},{\"@type\":\"BreadcrumbList\",\"@id\":\"https:\\\/\\\/thevegehome.com\\\/fr\\\/contactez-nous\\\/#breadcrumb\",\"itemListElement\":[{\"@type\":\"ListItem\",\"position\":1,\"name\":\"Home\",\"item\":\"https:\\\/\\\/thevegehome.com\\\/fr\\\/\"},{\"@type\":\"ListItem\",\"position\":2,\"name\":\"Support\"}]},{\"@type\":\"WebSite\",\"@id\":\"https:\\\/\\\/thevegehome.com\\\/fr\\\/#website\",\"url\":\"https:\\\/\\\/thevegehome.com\\\/fr\\\/\",\"name\":\"Vegehome\",\"description\":\"Vegehome\",\"potentialAction\":[{\"@type\":\"SearchAction\",\"target\":{\"@type\":\"EntryPoint\",\"urlTemplate\":\"https:\\\/\\\/thevegehome.com\\\/fr\\\/?s={search_term_string}\"},\"query-input\":{\"@type\":\"PropertyValueSpecification\",\"valueRequired\":true,\"valueName\":\"search_term_string\"}}],\"inLanguage\":\"fr-FR\"}]}<\/script>\n<!-- \/ Yoast SEO plugin. -->","yoast_head_json":{"title":"Contactez Nous \u2013 Vegehome","robots":{"index":"index","follow":"follow","max-snippet":"max-snippet:-1","max-image-preview":"max-image-preview:large","max-video-preview":"max-video-preview:-1"},"canonical":"https:\/\/thevegehome.com\/fr\/contactez-nous\/","og_locale":"fr_FR","og_type":"article","og_title":"Contactez Nous \u2013 Vegehome","og_description":"Chez Vegehome, nous sommes fiers d\u2019offrir une exp\u00e9rience client exceptionnelle du d\u00e9but \u00e0 la fin. Que vous consid\u00e9rez faire un achat pour la premi\u00e8re fois ou si vous utilisez les produits Vegehome r\u00e9guli\u00e8rement, n\u2019h\u00e9sitez pas \u00e0 communiquer avec nous si vous avez des questions. Notre \u00e9quipe qualifi\u00e9e se fera un plaisir de vous aider.","og_url":"https:\/\/thevegehome.com\/fr\/contactez-nous\/","og_site_name":"Vegehome","article_modified_time":"2024-05-14T14:50:58+00:00","schema":{"@context":"https:\/\/schema.org","@graph":[{"@type":"WebPage","@id":"https:\/\/thevegehome.com\/fr\/contactez-nous\/","url":"https:\/\/thevegehome.com\/fr\/contactez-nous\/","name":"Contactez Nous \u2013 Vegehome","isPartOf":{"@id":"https:\/\/thevegehome.com\/fr\/#website"},"datePublished":"2020-06-23T18:09:40+00:00","dateModified":"2024-05-14T14:50:58+00:00","breadcrumb":{"@id":"https:\/\/thevegehome.com\/fr\/contactez-nous\/#breadcrumb"},"inLanguage":"fr-FR","potentialAction":[{"@type":"ReadAction","target":["https:\/\/thevegehome.com\/fr\/contactez-nous\/"]}]},{"@type":"BreadcrumbList","@id":"https:\/\/thevegehome.com\/fr\/contactez-nous\/#breadcrumb","itemListElement":[{"@type":"ListItem","position":1,"name":"Home","item":"https:\/\/thevegehome.com\/fr\/"},{"@type":"ListItem","position":2,"name":"Support"}]},{"@type":"WebSite","@id":"https:\/\/thevegehome.com\/fr\/#website","url":"https:\/\/thevegehome.com\/fr\/","name":"Vegehome","description":"Vegehome","potentialAction":[{"@type":"SearchAction","target":{"@type":"EntryPoint","urlTemplate":"https:\/\/thevegehome.com\/fr\/?s={search_term_string}"},"query-input":{"@type":"PropertyValueSpecification","valueRequired":true,"valueName":"search_term_string"}}],"inLanguage":"fr-FR"}]}},"_links":{"self":[{"href":"https:\/\/thevegehome.com\/fr\/wp-json\/wp\/v2\/pages\/1753","targetHints":{"allow":["GET"]}}],"collection":[{"href":"https:\/\/thevegehome.com\/fr\/wp-json\/wp\/v2\/pages"}],"about":[{"href":"https:\/\/thevegehome.com\/fr\/wp-json\/wp\/v2\/types\/page"}],"author":[{"embeddable":true,"href":"https:\/\/thevegehome.com\/fr\/wp-json\/wp\/v2\/users\/1"}],"replies":[{"embeddable":true,"href":"https:\/\/thevegehome.com\/fr\/wp-json\/wp\/v2\/comments?post=1753"}],"version-history":[{"count":9,"href":"https:\/\/thevegehome.com\/fr\/wp-json\/wp\/v2\/pages\/1753\/revisions"}],"predecessor-version":[{"id":81826,"href":"https:\/\/thevegehome.com\/fr\/wp-json\/wp\/v2\/pages\/1753\/revisions\/81826"}],"wp:attachment":[{"href":"https:\/\/thevegehome.com\/fr\/wp-json\/wp\/v2\/media?parent=1753"}],"curies":[{"name":"wp","href":"https:\/\/api.w.org\/{rel}","templated":true}]}}